{"id":8526,"date":"2025-07-09T07:54:51","date_gmt":"2025-07-09T06:54:51","guid":{"rendered":"https:\/\/espacetechnologie.ma\/product\/impermeable-a-leau-solaire-lampe-motion-sensor-wall-light-20-led-ip65-infrarouge-solaire-puissance-lampe-pour-economie-denergie-exterieure-jardin-lumiere\/"},"modified":"2025-08-03T07:38:43","modified_gmt":"2025-08-03T06:38:43","slug":"impermeable-a-leau-solaire-lampe-motion-sensor-wall-light-20-led-ip65-infrarouge-solaire-puissance-lampe-pour-economie-denergie-exterieure-jardin-lumiere","status":"publish","type":"product","link":"https:\/\/espacetechnologie.ma\/ar\/product\/impermeable-a-leau-solaire-lampe-motion-sensor-wall-light-20-led-ip65-infrarouge-solaire-puissance-lampe-pour-economie-denergie-exterieure-jardin-lumiere\/","title":{"rendered":"Imperm\u00e9able \u00e0 l&rsquo;eau Solaire Lampe Motion Sensor Wall Light 20 LED IP65 Infrarouge Solaire Puissance Lampe Pour \u00c9conomie D&rsquo;\u00e9nergie Ext\u00e9rieure Jardin lumi\u00e8re"},"content":{"rendered":"<p>sp\u00e9cification:<br \/>\nNom d&rsquo;article: Solaire LED Lampe<br \/>\nemission Couleur: Blanc<br \/>\nLED Quantit\u00e9: 20 pcs SMD2835\/30pcs SMD2835<br \/>\nTaux D&rsquo;IP: IP65<br \/>\nMode: corps Humain induction + Dim + contr\u00f4le de La Lumi\u00e8re<br \/>\nPanneau solaire: 0.55 W, 17% d&rsquo;efficacit\u00e9<br \/>\nLi-ion Batterie: 3.7 V\/800 mAh<br \/>\nTemps de charge: 6-8 heures<br \/>\nen utilisant Le Temps: > 8 heures<br \/>\nApplications: Cour, jardin, all\u00e9e, porche, Patio, all\u00e9e etc.<br \/>\ngarantie: 1 ann\u00e9e<br \/>\ncaract\u00e9ristiques:<br \/>\n1. Monter sur le mur facilement et rapidement<br \/>\n2. conception Int\u00e9gr\u00e9e de corps humain induction et contr\u00f4le de la lumi\u00e8re<br \/>\n3. Auto retard et restaurer dans l&rsquo;obscurit\u00e9<br \/>\n4. \u00c9tanche, r\u00e9sistant \u00e0 la chaleur et durable<br \/>\n5. \u00e9conomie D&rsquo;\u00e9nergie, l&rsquo;environnement prot\u00e9ger<br \/>\n6. Plus de 8 heures en utilisant le temps apr\u00e8s charge jour<\/p>","protected":false},"excerpt":{"rendered":"<p>Monter sur le mur facilement et rapidement<br \/>\nconception Int\u00e9gr\u00e9e de corps humain induction et contr\u00f4le de la lumi\u00e8re<br \/>\nAuto retard et restaurer dans l&rsquo;obscurit\u00e9<br \/>\n\u00c9tanche, r\u00e9sistant \u00e0 la chaleur et durable<br \/>\n\u00e9conomie D&rsquo;\u00e9nergie, l&rsquo;environnement prot\u00e9ger<br \/>\nPlus de 8 heures en utilisant le temps apr\u00e8s charge jour<\/p>","protected":false},"featured_media":8525,"comment_status":"open","ping_status":"closed","template":"","meta":{"event_title":"","event_details":"","event_timezone":"","event_gmap":"","event_image":"","event_image_url":"","event_calendar_link":"","event_location":"","event_datetime_with_summary":"","event_datetime":"","event_date_type":"","event_rulesummary":"","event_ticket_rsvp":"","_gspb_post_css":""},"product_brand":[],"product_cat":[82,130],"product_tag":[],"class_list":{"0":"post-8526","1":"product","2":"type-product","3":"status-publish","4":"has-post-thumbnail","6":"product_cat-gadgets","7":"product_cat-maison","9":"first","10":"instock","11":"sale","12":"shipping-taxable","13":"purchasable","14":"product-type-simple"},"jetpack_sharing_enabled":true,"_links":{"self":[{"href":"https:\/\/espacetechnologie.ma\/ar\/wp-json\/wp\/v2\/product\/8526","targetHints":{"allow":["GET"]}}],"collection":[{"href":"https:\/\/espacetechnologie.ma\/ar\/wp-json\/wp\/v2\/product"}],"about":[{"href":"https:\/\/espacetechnologie.ma\/ar\/wp-json\/wp\/v2\/types\/product"}],"replies":[{"embeddable":true,"href":"https:\/\/espacetechnologie.ma\/ar\/wp-json\/wp\/v2\/comments?post=8526"}],"wp:featuredmedia":[{"embeddable":true,"href":"https:\/\/espacetechnologie.ma\/ar\/wp-json\/wp\/v2\/media\/8525"}],"wp:attachment":[{"href":"https:\/\/espacetechnologie.ma\/ar\/wp-json\/wp\/v2\/media?parent=8526"}],"wp:term":[{"taxonomy":"product_brand","embeddable":true,"href":"https:\/\/espacetechnologie.ma\/ar\/wp-json\/wp\/v2\/product_brand?post=8526"},{"taxonomy":"product_cat","embeddable":true,"href":"https:\/\/espacetechnologie.ma\/ar\/wp-json\/wp\/v2\/product_cat?post=8526"},{"taxonomy":"product_tag","embeddable":true,"href":"https:\/\/espacetechnologie.ma\/ar\/wp-json\/wp\/v2\/product_tag?post=8526"}],"curies":[{"name":"wp","href":"https:\/\/api.w.org\/{rel}","templated":true}]}}