{"id":8513,"date":"2025-07-09T07:54:49","date_gmt":"2025-07-09T06:54:49","guid":{"rendered":"https:\/\/espacetechnologie.ma\/product\/yanmai-microphone-sans-fil-a-condensateur-professionnel-avec-reduction-du-bruit-rgb-2\/"},"modified":"2025-08-02T13:21:03","modified_gmt":"2025-08-02T12:21:03","slug":"yanmai-microphone-sans-fil-a-condensateur-professionnel-avec-reduction-du-bruit-rgb-2","status":"publish","type":"product","link":"https:\/\/espacetechnologie.ma\/ar\/product\/yanmai-microphone-sans-fil-a-condensateur-professionnel-avec-reduction-du-bruit-rgb-2\/","title":{"rendered":"Yanmai Microphone sans fil \u00e0 condensateur professionnel avec r\u00e9duction du bruit RGB"},"content":{"rendered":"<p>Capsule de microphone: Condensateur<br \/>\nDiagrammes polaires: Cardio\u00efde<br \/>\nSensibilit\u00e9: -38+3dB<br \/>\nR\u00e9ponse en fr\u00e9quence: 20-20kHz<br \/>\nFr\u00e9quence d&rsquo;\u00e9chantillonnage: 48kHz<br \/>\nCapacit\u00e9 de la batterie: 300mAh<br \/>\nAutonomie: Environ 8h<br \/>\nDistance d&rsquo;utilisation: Sans obstacle \u2265 10M<br \/>\nPoids du produit: Environ 358g<\/p>","protected":false},"excerpt":{"rendered":"<p>Microphone sans fil RGB SF-777W<br \/>\nDesign d&rsquo;apparence exclusif et brevet\u00e9.<br \/>\nAliment\u00e9 par une batterie polym\u00e8re, appariement sans fil, compatible avec tous les ordinateurs ou syst\u00e8mes audio courants.<br \/>\nConvient pour l&rsquo;enregistrement, le streaming, le karaok\u00e9 en ligne, les jeux, etc.<\/p>","protected":false},"featured_media":8512,"comment_status":"open","ping_status":"closed","template":"","meta":{"event_title":"","event_details":"","event_timezone":"","event_gmap":"","event_image":"","event_image_url":"","event_calendar_link":"","event_location":"","event_datetime_with_summary":"","event_datetime":"","event_date_type":"","event_rulesummary":"","event_ticket_rsvp":"","_gspb_post_css":""},"product_brand":[],"product_cat":[107,111],"product_tag":[],"class_list":{"0":"post-8513","1":"product","2":"type-product","3":"status-publish","4":"has-post-thumbnail","6":"product_cat-audio","7":"product_cat-microphones","9":"first","10":"instock","11":"sale","12":"shipping-taxable","13":"purchasable","14":"product-type-simple"},"jetpack_sharing_enabled":true,"_links":{"self":[{"href":"https:\/\/espacetechnologie.ma\/ar\/wp-json\/wp\/v2\/product\/8513","targetHints":{"allow":["GET"]}}],"collection":[{"href":"https:\/\/espacetechnologie.ma\/ar\/wp-json\/wp\/v2\/product"}],"about":[{"href":"https:\/\/espacetechnologie.ma\/ar\/wp-json\/wp\/v2\/types\/product"}],"replies":[{"embeddable":true,"href":"https:\/\/espacetechnologie.ma\/ar\/wp-json\/wp\/v2\/comments?post=8513"}],"wp:featuredmedia":[{"embeddable":true,"href":"https:\/\/espacetechnologie.ma\/ar\/wp-json\/wp\/v2\/media\/8512"}],"wp:attachment":[{"href":"https:\/\/espacetechnologie.ma\/ar\/wp-json\/wp\/v2\/media?parent=8513"}],"wp:term":[{"taxonomy":"product_brand","embeddable":true,"href":"https:\/\/espacetechnologie.ma\/ar\/wp-json\/wp\/v2\/product_brand?post=8513"},{"taxonomy":"product_cat","embeddable":true,"href":"https:\/\/espacetechnologie.ma\/ar\/wp-json\/wp\/v2\/product_cat?post=8513"},{"taxonomy":"product_tag","embeddable":true,"href":"https:\/\/espacetechnologie.ma\/ar\/wp-json\/wp\/v2\/product_tag?post=8513"}],"curies":[{"name":"wp","href":"https:\/\/api.w.org\/{rel}","templated":true}]}}