{"id":8507,"date":"2025-07-09T07:54:48","date_gmt":"2025-07-09T06:54:48","guid":{"rendered":"https:\/\/espacetechnologie.ma\/product\/lampe-de-table-decorative-a-led-peinture-murale-gradation-usb-3\/"},"modified":"2025-08-02T14:38:49","modified_gmt":"2025-08-02T13:38:49","slug":"lampe-de-table-decorative-a-led-peinture-murale-gradation-usb-3","status":"publish","type":"product","link":"https:\/\/espacetechnologie.ma\/ar\/product\/lampe-de-table-decorative-a-led-peinture-murale-gradation-usb-3\/","title":{"rendered":"Lampe de Table D\u00e9corative \u00e0 LED, Peinture Murale, Gradation USB"},"content":{"rendered":"<p>Description de l&rsquo;article<br \/>\nPeinture lumineuse LED cr\u00e9ative<br \/>\nAvez-vous d\u00e9j\u00e0 voulu une peinture qui vous apporte non seulement une beaut\u00e9 visuelle, mais cr\u00e9e \u00e9galement des atmosph\u00e8res et des humeurs diff\u00e9rentes \u00e0 travers les changements de lumi\u00e8re? Maintenant, la lampe de peinture<br \/>\nLED rend ce souhait devenu r\u00e9alit\u00e9 pour vous!<br \/>\nNon seulement cela, la lampe de peinture \u00e0 LED est \u00e9galement un cadeau unique pour les parents, les amoureux, les partenaires ou les clients pour ressentir votre amour et votre sinc\u00e9rit\u00e9. Que ce soit comme cadeau d&rsquo;anniversaire, cadeau de Saint-Valentin, cadeau de mariage, cadeau de vacances ou cadeau d&rsquo;affaires, la peinture d&rsquo;\u00e9clairage LED peut devenir un cadeau significatif.<\/p>","protected":false},"excerpt":{"rendered":"<p>Nom: lampe de peinture<br \/>\nTaille de la lampe: 23*17CM<br \/>\nTension: 5V<br \/>\nPuissance: 0-5W<br \/>\nMat\u00e9riau: Bois + Acrylique<br \/>\nSource de la lampe: lumi\u00e8re LED 3 couleurs (lumi\u00e8re froide\/ lumi\u00e8re naturelle\/lumi\u00e8re chaude)<br \/>\nType d&rsquo;interrupteur: prise USB + bouton dimmable<\/p>","protected":false},"featured_media":8506,"comment_status":"open","ping_status":"closed","template":"","meta":{"event_title":"","event_details":"","event_timezone":"","event_gmap":"","event_image":"","event_image_url":"","event_calendar_link":"","event_location":"","event_datetime_with_summary":"","event_datetime":"","event_date_type":"","event_rulesummary":"","event_ticket_rsvp":"","_gspb_post_css":""},"product_brand":[],"product_cat":[82,130],"product_tag":[],"class_list":{"0":"post-8507","1":"product","2":"type-product","3":"status-publish","4":"has-post-thumbnail","6":"product_cat-gadgets","7":"product_cat-maison","9":"first","10":"instock","11":"sale","12":"shipping-taxable","13":"purchasable","14":"product-type-simple"},"jetpack_sharing_enabled":true,"_links":{"self":[{"href":"https:\/\/espacetechnologie.ma\/ar\/wp-json\/wp\/v2\/product\/8507","targetHints":{"allow":["GET"]}}],"collection":[{"href":"https:\/\/espacetechnologie.ma\/ar\/wp-json\/wp\/v2\/product"}],"about":[{"href":"https:\/\/espacetechnologie.ma\/ar\/wp-json\/wp\/v2\/types\/product"}],"replies":[{"embeddable":true,"href":"https:\/\/espacetechnologie.ma\/ar\/wp-json\/wp\/v2\/comments?post=8507"}],"wp:featuredmedia":[{"embeddable":true,"href":"https:\/\/espacetechnologie.ma\/ar\/wp-json\/wp\/v2\/media\/8506"}],"wp:attachment":[{"href":"https:\/\/espacetechnologie.ma\/ar\/wp-json\/wp\/v2\/media?parent=8507"}],"wp:term":[{"taxonomy":"product_brand","embeddable":true,"href":"https:\/\/espacetechnologie.ma\/ar\/wp-json\/wp\/v2\/product_brand?post=8507"},{"taxonomy":"product_cat","embeddable":true,"href":"https:\/\/espacetechnologie.ma\/ar\/wp-json\/wp\/v2\/product_cat?post=8507"},{"taxonomy":"product_tag","embeddable":true,"href":"https:\/\/espacetechnologie.ma\/ar\/wp-json\/wp\/v2\/product_tag?post=8507"}],"curies":[{"name":"wp","href":"https:\/\/api.w.org\/{rel}","templated":true}]}}