{"id":8501,"date":"2025-07-09T07:54:47","date_gmt":"2025-07-09T06:54:47","guid":{"rendered":"https:\/\/espacetechnologie.ma\/product\/chargeur-mural-usb-40w-4-ports-avec-affichage-led-qc3-0-pd3-0-charge-rapide\/"},"modified":"2025-08-02T15:03:29","modified_gmt":"2025-08-02T14:03:29","slug":"chargeur-mural-usb-40w-4-ports-avec-affichage-led-qc3-0-pd3-0-charge-rapide","status":"publish","type":"product","link":"https:\/\/espacetechnologie.ma\/ar\/product\/chargeur-mural-usb-40w-4-ports-avec-affichage-led-qc3-0-pd3-0-charge-rapide\/","title":{"rendered":"Chargeur mural USB 40W, 4 ports avec affichage LED QC3.0 PD3.0, charge rapide"},"content":{"rendered":"<p>Description de l&rsquo;article<br \/>\nChargeur mural ASOMETECH 40W<br \/>\nMod\u00e8le: A9T +<br \/>\nTension d&rsquo;entr\u00e9e: AC100-240V 50-60Hz<br \/>\nPuissance totale: 40W Sortie CC: 5V\/8A<br \/>\nL&rsquo;\u00e9cran LCD indique la tension actuelle de chaque port de sortie<br \/>\nSortie USB: 5V1-2.4A<br \/>\nSortie PD: 5V3A\/9V2.22A\/12V1.66A (charge rapide PD20W)<br \/>\nSortie QC3.0: 5V3.4A\/9V2A\/12V1.5A (chargeur rapide<br \/>\nQC3.0 18W)<br \/>\nProtocole de charge rapide: Charge rapide 3.0 QC3.0 QC2.0<br \/>\nPD3.0 PD2.0 AFC FCP<br \/>\n\u0623\u0633\u0626\u0644\u0629 \u0648\u0623\u062c\u0648\u0628\u0629<br \/>\nQ1: Pourquoi la sortie C-port du berceau de charge est-elle \u00e9tiquet\u00e9e 20W, mais la puissance de mon appareil lors de la charge est inf\u00e9rieure \u00e0 20W?<br \/>\nA1: Cela est d\u00fb \u00e0 la puce intelligente int\u00e9gr\u00e9e du chargeur. Le chargeur d\u00e9tectera et identifiera le dispositif de charge acc\u00e9d\u00e9 et correspondra automatiquement \u00e0 la vitesse de charge rapide appropri\u00e9e en fonction de la limite d&rsquo;entr\u00e9e maximale du dispositif de charge et de la capacit\u00e9 de la batterie, afin que l&rsquo;appareil puisse obtenir \u00e0 la fois une charge rapide et \u00e9viter de provoquer une surcharge;<br \/>\nAvis:<br \/>\nL&rsquo;affichage num\u00e9rique de ce chargeur avec la fonction automatique d&rsquo;\u00e9cran de repos, apr\u00e8s 3 minutes d&rsquo;utilisation du chargeur, l&rsquo;affichage reposera automatiquement l&rsquo;\u00e9cras.<br \/>\ncette fonction d&rsquo;\u00e9cran de repos est pour que les gens dorment la nuit lors de la charge, n&rsquo;affecte pas le som des gens.<\/p>","protected":false},"excerpt":{"rendered":"<p>Mod\u00e8le: A9T +<br \/>\nTension d&rsquo;entr\u00e9e: AC100-240V 50-60Hz<br \/>\nPuissance totale: 40W Sortie CC: 5V\/8A<br \/>\nL&rsquo;\u00e9cran LCD indique la tension actuelle de chaque port de sortie<br \/>\nSortie USB: 5V1-2.4A<br \/>\nSortie PD: 5V3A\/9V2.22A\/12V1.66A (charge rapide PD20W)<br \/>\nSortie QC3.0: 5V3.4A\/9V2A\/12V1.5A (chargeur rapide<br \/>\nQC3.0 18W)<br \/>\nProtocole de charge rapide: Charge rapide 3.0 QC3.0 QC2.0<br \/>\nPD3.0 PD2.0 AFC FCP<\/p>","protected":false},"featured_media":8500,"comment_status":"open","ping_status":"closed","template":"","meta":{"event_title":"","event_details":"","event_timezone":"","event_gmap":"","event_image":"","event_image_url":"","event_calendar_link":"","event_location":"","event_datetime_with_summary":"","event_datetime":"","event_date_type":"","event_rulesummary":"","event_ticket_rsvp":"","_gspb_post_css":""},"product_brand":[],"product_cat":[82,89,101,96],"product_tag":[],"class_list":{"0":"post-8501","1":"product","2":"type-product","3":"status-publish","4":"has-post-thumbnail","6":"product_cat-gadgets","7":"product_cat-hubs-et-otg","8":"product_cat-hubs-pc","9":"product_cat-pc","11":"first","12":"instock","13":"sale","14":"shipping-taxable","15":"purchasable","16":"product-type-simple"},"jetpack_sharing_enabled":true,"_links":{"self":[{"href":"https:\/\/espacetechnologie.ma\/ar\/wp-json\/wp\/v2\/product\/8501","targetHints":{"allow":["GET"]}}],"collection":[{"href":"https:\/\/espacetechnologie.ma\/ar\/wp-json\/wp\/v2\/product"}],"about":[{"href":"https:\/\/espacetechnologie.ma\/ar\/wp-json\/wp\/v2\/types\/product"}],"replies":[{"embeddable":true,"href":"https:\/\/espacetechnologie.ma\/ar\/wp-json\/wp\/v2\/comments?post=8501"}],"wp:featuredmedia":[{"embeddable":true,"href":"https:\/\/espacetechnologie.ma\/ar\/wp-json\/wp\/v2\/media\/8500"}],"wp:attachment":[{"href":"https:\/\/espacetechnologie.ma\/ar\/wp-json\/wp\/v2\/media?parent=8501"}],"wp:term":[{"taxonomy":"product_brand","embeddable":true,"href":"https:\/\/espacetechnologie.ma\/ar\/wp-json\/wp\/v2\/product_brand?post=8501"},{"taxonomy":"product_cat","embeddable":true,"href":"https:\/\/espacetechnologie.ma\/ar\/wp-json\/wp\/v2\/product_cat?post=8501"},{"taxonomy":"product_tag","embeddable":true,"href":"https:\/\/espacetechnologie.ma\/ar\/wp-json\/wp\/v2\/product_tag?post=8501"}],"curies":[{"name":"wp","href":"https:\/\/api.w.org\/{rel}","templated":true}]}}