{"id":8493,"date":"2025-07-09T07:54:45","date_gmt":"2025-07-09T06:54:45","guid":{"rendered":"https:\/\/espacetechnologie.ma\/product\/tapis-de-priere-avec-dossier\/"},"modified":"2025-08-02T14:56:26","modified_gmt":"2025-08-02T13:56:26","slug":"tapis-de-priere-avec-dossier","status":"publish","type":"product","link":"https:\/\/espacetechnologie.ma\/ar\/product\/tapis-de-priere-avec-dossier\/","title":{"rendered":"Tapis de pri\u00e8re avec dossier"},"content":{"rendered":"<p>Tapis de pri\u00e8re avec dossier<br \/>\nNouveau design pliable matelass\u00e9 : Con\u00e7u pour prier et confortablement assis<br \/>\nDossier solide en m\u00e9tal, recouvert d&rsquo;un rembourrage doux.<br \/>\nPr\u00e9venir le mal de dos alors qu&rsquo;il \u00e9tait assis sur le sol pendant une longue p\u00e9riode de temps<br \/>\nId\u00e9al pour Mosqu\u00e9e, madrassa et peuvent \u00eatre transport\u00e9es et utilis\u00e9es comme tapis de pri\u00e8re<\/p>","protected":false},"excerpt":{"rendered":"<p>Tapis de pri\u00e8re avec dossier Nouveau design pliable matelass\u00e9 : Con\u00e7u pour prier et confortablement assis Dossier solide en m\u00e9tal, recouvert d&rsquo;un rembourrage doux. Pr\u00e9venir le mal de dos alors qu&rsquo;il \u00e9tait assis sur le sol pendant une longue p\u00e9riode de temps Id\u00e9al pour Mosqu\u00e9e, madrassa et peuvent \u00eatre transport\u00e9es et utilis\u00e9es comme tapis de [&hellip;]<\/p>\n","protected":false},"featured_media":8492,"comment_status":"open","ping_status":"closed","template":"","meta":{"event_title":"","event_details":"","event_timezone":"","event_gmap":"","event_image":"","event_image_url":"","event_calendar_link":"","event_location":"","event_datetime_with_summary":"","event_datetime":"","event_date_type":"","event_rulesummary":"","event_ticket_rsvp":"","_gspb_post_css":""},"product_brand":[],"product_cat":[82,130],"product_tag":[],"class_list":{"0":"post-8493","1":"product","2":"type-product","3":"status-publish","4":"has-post-thumbnail","6":"product_cat-gadgets","7":"product_cat-maison","9":"first","10":"instock","11":"sale","12":"shipping-taxable","13":"purchasable","14":"product-type-simple"},"jetpack_sharing_enabled":true,"_links":{"self":[{"href":"https:\/\/espacetechnologie.ma\/ar\/wp-json\/wp\/v2\/product\/8493","targetHints":{"allow":["GET"]}}],"collection":[{"href":"https:\/\/espacetechnologie.ma\/ar\/wp-json\/wp\/v2\/product"}],"about":[{"href":"https:\/\/espacetechnologie.ma\/ar\/wp-json\/wp\/v2\/types\/product"}],"replies":[{"embeddable":true,"href":"https:\/\/espacetechnologie.ma\/ar\/wp-json\/wp\/v2\/comments?post=8493"}],"wp:featuredmedia":[{"embeddable":true,"href":"https:\/\/espacetechnologie.ma\/ar\/wp-json\/wp\/v2\/media\/8492"}],"wp:attachment":[{"href":"https:\/\/espacetechnologie.ma\/ar\/wp-json\/wp\/v2\/media?parent=8493"}],"wp:term":[{"taxonomy":"product_brand","embeddable":true,"href":"https:\/\/espacetechnologie.ma\/ar\/wp-json\/wp\/v2\/product_brand?post=8493"},{"taxonomy":"product_cat","embeddable":true,"href":"https:\/\/espacetechnologie.ma\/ar\/wp-json\/wp\/v2\/product_cat?post=8493"},{"taxonomy":"product_tag","embeddable":true,"href":"https:\/\/espacetechnologie.ma\/ar\/wp-json\/wp\/v2\/product_tag?post=8493"}],"curies":[{"name":"wp","href":"https:\/\/api.w.org\/{rel}","templated":true}]}}