{"id":8482,"date":"2025-07-09T07:54:41","date_gmt":"2025-07-09T06:54:41","guid":{"rendered":"https:\/\/espacetechnologie.ma\/product\/14-en-1-carte-de-randonnee-outil-de-survie-de-camping\/"},"modified":"2025-08-02T12:53:42","modified_gmt":"2025-08-02T11:53:42","slug":"14-en-1-carte-de-randonnee-outil-de-survie-de-camping","status":"publish","type":"product","link":"https:\/\/espacetechnologie.ma\/ar\/product\/14-en-1-carte-de-randonnee-outil-de-survie-de-camping\/","title":{"rendered":"14 en 1 carte de randonn\u00e9e, outil de survie de Camping,"},"content":{"rendered":"<p>Description:<br \/>\nNom du produit: carte \u00e0 outils multifonctionnelle<br \/>\nMat\u00e9riau: en acier inoxydable<br \/>\nTaille du produit: 8.4&#215;5.3cm<br \/>\n\u00c9paisseur du produit: 1.2mm<br \/>\nPoids du produit: 36g<br \/>\nEmballage: avec cuir et sac OPP<br \/>\nApplication: camping en plein air, maison 13<br \/>\nFonction du produit: 1. R\u00e8gle 2. Porte-cl\u00e9s<br \/>\n3 tournevis 4 ouvreurs de lettres<br \/>\nOuvre-bo\u00eete 5 6 support de t\u00e9l\u00e9phone portable<br \/>\n7 tournevis 8 six cl\u00e9s hexagonales<br \/>\n9 tournevis 10 pilotes can<br \/>\n11 tournevis 12 \u00e9plucheurs<br \/>\n13. D\u00e9capsuleur 14. Tournevis<br \/>\nSp\u00e9cifications:<br \/>\nMat\u00e9riau en acier inoxydable, les deux c\u00f4t\u00e9s sont brillants et plats, le corps en acier est solide<br \/>\nIl est fabriqu\u00e9 en acier inoxydable. Il a une haute r\u00e9sistance et un bord tranchant. La taille de la carte de cr\u00e9dit est similaire. Il peut \u00eatre mis dans un clip de portefeuille \u00e0 emporter avec vous. Cela peut \u00e9viter que la lame ne vous blesse<\/p>","protected":false},"excerpt":{"rendered":"<p>Nom du produit: carte \u00e0 outils multifonctions elle<br \/>\nMat\u00e9riau: en acier inoxydable<br \/>\nTaille du produit: 8.4&#215;5.3cm<br \/>\n\u00c9paisseur du produit: 1.2mm<br \/>\nPoids du produit: 36g<br \/>\nApplication: camping en plein air, maison 13<br \/>\nFonction du produit: 1. R\u00e8gle 2. Porte-cl\u00e9s<br \/>\n3 tournevis 4 ouvreurs de lettres\u00a0Ouvre-bo\u00eete 5 6 support de t\u00e9l\u00e9phone portable\u00a07 tournevis 8 six cl\u00e9s hexagonales\u00a09 tournevis 10 pilotes can\u00a011 tournevis 12 \u00e9plucheurs\u00a013. D\u00e9capsuleur 14. Tournevis<br \/>\nOutil de survie 14*1<br \/>\nManuel d&rsquo;utilisateur<br \/>\nPack en cuire<\/p>","protected":false},"featured_media":8481,"comment_status":"open","ping_status":"closed","template":"","meta":{"event_title":"","event_details":"","event_timezone":"","event_gmap":"","event_image":"","event_image_url":"","event_calendar_link":"","event_location":"","event_datetime_with_summary":"","event_datetime":"","event_date_type":"","event_rulesummary":"","event_ticket_rsvp":"","_gspb_post_css":""},"product_brand":[],"product_cat":[82],"product_tag":[],"class_list":{"0":"post-8482","1":"product","2":"type-product","3":"status-publish","4":"has-post-thumbnail","6":"product_cat-gadgets","8":"first","9":"instock","10":"sale","11":"shipping-taxable","12":"purchasable","13":"product-type-simple"},"jetpack_sharing_enabled":true,"_links":{"self":[{"href":"https:\/\/espacetechnologie.ma\/ar\/wp-json\/wp\/v2\/product\/8482","targetHints":{"allow":["GET"]}}],"collection":[{"href":"https:\/\/espacetechnologie.ma\/ar\/wp-json\/wp\/v2\/product"}],"about":[{"href":"https:\/\/espacetechnologie.ma\/ar\/wp-json\/wp\/v2\/types\/product"}],"replies":[{"embeddable":true,"href":"https:\/\/espacetechnologie.ma\/ar\/wp-json\/wp\/v2\/comments?post=8482"}],"wp:featuredmedia":[{"embeddable":true,"href":"https:\/\/espacetechnologie.ma\/ar\/wp-json\/wp\/v2\/media\/8481"}],"wp:attachment":[{"href":"https:\/\/espacetechnologie.ma\/ar\/wp-json\/wp\/v2\/media?parent=8482"}],"wp:term":[{"taxonomy":"product_brand","embeddable":true,"href":"https:\/\/espacetechnologie.ma\/ar\/wp-json\/wp\/v2\/product_brand?post=8482"},{"taxonomy":"product_cat","embeddable":true,"href":"https:\/\/espacetechnologie.ma\/ar\/wp-json\/wp\/v2\/product_cat?post=8482"},{"taxonomy":"product_tag","embeddable":true,"href":"https:\/\/espacetechnologie.ma\/ar\/wp-json\/wp\/v2\/product_tag?post=8482"}],"curies":[{"name":"wp","href":"https:\/\/api.w.org\/{rel}","templated":true}]}}