{"id":8474,"date":"2025-07-09T07:54:40","date_gmt":"2025-07-09T06:54:40","guid":{"rendered":"https:\/\/espacetechnologie.ma\/product\/cable-de-chargement-usp-pour-mi-band-5\/"},"modified":"2025-08-03T07:39:05","modified_gmt":"2025-08-03T06:39:05","slug":"cable-de-chargement-usp-pour-mi-band-5","status":"publish","type":"product","link":"https:\/\/espacetechnologie.ma\/ar\/product\/cable-de-chargement-usp-pour-mi-band-5\/","title":{"rendered":"C\u00e2ble de chargement usp pour mi Band 5"},"content":{"rendered":"<p>Description:<br \/>\nCaract\u00e9ristiques:<br \/>\n1. protection contre les courts-circuits de sortie<br \/>\n2. protection de filtre de surtension et de surcharge<br \/>\n3. En utilisant des composants import\u00e9s, la vraie performance de s\u00e9curit\u00e9 de vieillissement d&rsquo;essai de machine est \u00e9lev\u00e9e<br \/>\n4. Bonne performance anti-parasitage<br \/>\n5. Petite ondulation cc, efficacit\u00e9 de travail \u00e9lev\u00e9e et vitesse de charge rapide<br \/>\n6. Basse temp\u00e9rature de travail et longue dur\u00e9e de vie<br \/>\nSp\u00e9cifications:<br \/>\nTension d&rsquo;entr\u00e9e: 5V<br \/>\nTension de sortie: 5V<br \/>\nCourant de sortie: 700MA<br \/>\nInterface: l&rsquo;interface de Sonde<br \/>\nCouleur: Noir<br \/>\nTaille: 50cm<br \/>\nMod\u00e8le d&rsquo;application: adapt\u00e9 au Bracelet Xiaomi 5<br \/>\nEmballage Inclus:<br \/>\n1 * C\u00e2ble de charge<\/p>","protected":false},"excerpt":{"rendered":"<p>Tension d&rsquo;entr\u00e9e: 5V<br \/>\nTension de sortie: 5V<br \/>\nMod\u00e8le d&rsquo;application: adapt\u00e9 au Bracelet Xiaomi 5<br \/>\nCouleur: Noir<br \/>\nInterface: l&rsquo;interface de Sonde<\/p>","protected":false},"featured_media":8473,"comment_status":"open","ping_status":"closed","template":"","meta":{"event_title":"","event_details":"","event_timezone":"","event_gmap":"","event_image":"","event_image_url":"","event_calendar_link":"","event_location":"","event_datetime_with_summary":"","event_datetime":"","event_date_type":"","event_rulesummary":"","event_ticket_rsvp":"","_gspb_post_css":""},"product_brand":[],"product_cat":[94,91],"product_tag":[],"class_list":{"0":"post-8474","1":"product","2":"type-product","3":"status-publish","4":"has-post-thumbnail","6":"product_cat-chargeurs-smartwatch","7":"product_cat-smartwatch","9":"first","10":"instock","11":"sale","12":"shipping-taxable","13":"purchasable","14":"product-type-simple"},"jetpack_sharing_enabled":true,"_links":{"self":[{"href":"https:\/\/espacetechnologie.ma\/ar\/wp-json\/wp\/v2\/product\/8474","targetHints":{"allow":["GET"]}}],"collection":[{"href":"https:\/\/espacetechnologie.ma\/ar\/wp-json\/wp\/v2\/product"}],"about":[{"href":"https:\/\/espacetechnologie.ma\/ar\/wp-json\/wp\/v2\/types\/product"}],"replies":[{"embeddable":true,"href":"https:\/\/espacetechnologie.ma\/ar\/wp-json\/wp\/v2\/comments?post=8474"}],"wp:featuredmedia":[{"embeddable":true,"href":"https:\/\/espacetechnologie.ma\/ar\/wp-json\/wp\/v2\/media\/8473"}],"wp:attachment":[{"href":"https:\/\/espacetechnologie.ma\/ar\/wp-json\/wp\/v2\/media?parent=8474"}],"wp:term":[{"taxonomy":"product_brand","embeddable":true,"href":"https:\/\/espacetechnologie.ma\/ar\/wp-json\/wp\/v2\/product_brand?post=8474"},{"taxonomy":"product_cat","embeddable":true,"href":"https:\/\/espacetechnologie.ma\/ar\/wp-json\/wp\/v2\/product_cat?post=8474"},{"taxonomy":"product_tag","embeddable":true,"href":"https:\/\/espacetechnologie.ma\/ar\/wp-json\/wp\/v2\/product_tag?post=8474"}],"curies":[{"name":"wp","href":"https:\/\/api.w.org\/{rel}","templated":true}]}}