{"id":8458,"date":"2025-07-09T07:54:37","date_gmt":"2025-07-09T06:54:37","guid":{"rendered":"https:\/\/espacetechnologie.ma\/product\/puluz-kit-video-4-en-1-eclairage-led-pour-selfie-microphone-trepied-tete-de-trepied\/"},"modified":"2025-08-02T13:17:38","modified_gmt":"2025-08-02T12:17:38","slug":"puluz-kit-video-4-en-1-eclairage-led-pour-selfie-microphone-trepied-tete-de-trepied","status":"publish","type":"product","link":"https:\/\/espacetechnologie.ma\/ar\/product\/puluz-kit-video-4-en-1-eclairage-led-pour-selfie-microphone-trepied-tete-de-trepied\/","title":{"rendered":"Puluz kit vid\u00e9o 4 en 1 \u00e9clairage LED pour Selfie, Microphone, tr\u00e9pied, t\u00eate de tr\u00e9pied"},"content":{"rendered":"<p>PULUZ \u2013 kit vid\u00e9o 4 en 1 pour Smartphone, \u00e9clairage LED pour Selfie, Microphone, tr\u00e9pied, t\u00eate de tr\u00e9pied<br \/>\n1 Piece Rig1 Piece Video Light1 Piece Microphone1 Piece Mini Tripod<\/p>","protected":false},"excerpt":{"rendered":"<p>PULUZ \u2013 kit vid\u00e9o 4 en 1 pour Smartphone, \u00e9clairage LED pour Selfie, Microphone, tr\u00e9pied, t\u00eate de tr\u00e9pied 1 Piece Rig1 Piece Video Light1 Piece Microphone1 Piece Mini Tripod<\/p>","protected":false},"featured_media":8457,"comment_status":"open","ping_status":"closed","template":"","meta":{"event_title":"","event_details":"","event_timezone":"","event_gmap":"","event_image":"","event_image_url":"","event_calendar_link":"","event_location":"","event_datetime_with_summary":"","event_datetime":"","event_date_type":"","event_rulesummary":"","event_ticket_rsvp":"","_gspb_post_css":""},"product_brand":[],"product_cat":[119,116],"product_tag":[],"class_list":{"0":"post-8458","1":"product","2":"type-product","3":"status-publish","4":"has-post-thumbnail","6":"product_cat-accessoires-studio","7":"product_cat-studio","9":"first","10":"instock","11":"sale","12":"shipping-taxable","13":"purchasable","14":"product-type-simple"},"jetpack_sharing_enabled":true,"_links":{"self":[{"href":"https:\/\/espacetechnologie.ma\/ar\/wp-json\/wp\/v2\/product\/8458","targetHints":{"allow":["GET"]}}],"collection":[{"href":"https:\/\/espacetechnologie.ma\/ar\/wp-json\/wp\/v2\/product"}],"about":[{"href":"https:\/\/espacetechnologie.ma\/ar\/wp-json\/wp\/v2\/types\/product"}],"replies":[{"embeddable":true,"href":"https:\/\/espacetechnologie.ma\/ar\/wp-json\/wp\/v2\/comments?post=8458"}],"wp:featuredmedia":[{"embeddable":true,"href":"https:\/\/espacetechnologie.ma\/ar\/wp-json\/wp\/v2\/media\/8457"}],"wp:attachment":[{"href":"https:\/\/espacetechnologie.ma\/ar\/wp-json\/wp\/v2\/media?parent=8458"}],"wp:term":[{"taxonomy":"product_brand","embeddable":true,"href":"https:\/\/espacetechnologie.ma\/ar\/wp-json\/wp\/v2\/product_brand?post=8458"},{"taxonomy":"product_cat","embeddable":true,"href":"https:\/\/espacetechnologie.ma\/ar\/wp-json\/wp\/v2\/product_cat?post=8458"},{"taxonomy":"product_tag","embeddable":true,"href":"https:\/\/espacetechnologie.ma\/ar\/wp-json\/wp\/v2\/product_tag?post=8458"}],"curies":[{"name":"wp","href":"https:\/\/api.w.org\/{rel}","templated":true}]}}