{"id":8441,"date":"2025-07-09T07:54:34","date_gmt":"2025-07-09T06:54:34","guid":{"rendered":"https:\/\/espacetechnologie.ma\/product\/manette-de-jeu-sans-fil-pour-nintendo-switch-ps3-ps4-smartphone-avec-support-de-telephone-avec-lumiere-rvb\/"},"modified":"2025-08-06T19:30:39","modified_gmt":"2025-08-06T18:30:39","slug":"manette-de-jeu-sans-fil-pour-nintendo-switch-ps3-ps4-smartphone-avec-support-de-telephone-avec-lumiere-rvb","status":"publish","type":"product","link":"https:\/\/espacetechnologie.ma\/ar\/product\/manette-de-jeu-sans-fil-pour-nintendo-switch-ps3-ps4-smartphone-avec-support-de-telephone-avec-lumiere-rvb\/","title":{"rendered":"Manette de jeu sans fil pour Nintendo Switch\/PS3\/PS4\/smartphone avec support de t\u00e9l\u00e9phone avec lumi\u00e8re RVB"},"content":{"rendered":"<p>H\u00f4te applicable: pour NS\/pour NS OLED\/pour NS Lite<br \/>\nPoids du produit: environ 290g<br \/>\nPoids du produit: environ 157*120*65mm\/ 6.18*4.72*2.56 pouces<br \/>\nCapacit\u00e9 de la batterie: 800mAh<\/p>","protected":false},"excerpt":{"rendered":"<p>H\u00f4te applicable: pour NS\/pour NS OLED\/pour NS Lite Poids du produit: environ 290g Poids du produit: environ 157*120*65mm\/ 6.18*4.72*2.56 pouces Capacit\u00e9 de la batterie: 800mAh<\/p>","protected":false},"featured_media":8440,"comment_status":"open","ping_status":"closed","template":"","meta":{"event_title":"","event_details":"","event_timezone":"","event_gmap":"","event_image":"","event_image_url":"","event_calendar_link":"","event_location":"","event_datetime_with_summary":"","event_datetime":"","event_date_type":"","event_rulesummary":"","event_ticket_rsvp":"","_gspb_post_css":""},"product_brand":[],"product_cat":[129],"product_tag":[],"class_list":{"0":"post-8441","1":"product","2":"type-product","3":"status-publish","4":"has-post-thumbnail","6":"product_cat-gaming","8":"first","9":"instock","10":"sale","11":"featured","12":"shipping-taxable","13":"purchasable","14":"product-type-simple"},"jetpack_sharing_enabled":true,"_links":{"self":[{"href":"https:\/\/espacetechnologie.ma\/ar\/wp-json\/wp\/v2\/product\/8441","targetHints":{"allow":["GET"]}}],"collection":[{"href":"https:\/\/espacetechnologie.ma\/ar\/wp-json\/wp\/v2\/product"}],"about":[{"href":"https:\/\/espacetechnologie.ma\/ar\/wp-json\/wp\/v2\/types\/product"}],"replies":[{"embeddable":true,"href":"https:\/\/espacetechnologie.ma\/ar\/wp-json\/wp\/v2\/comments?post=8441"}],"wp:featuredmedia":[{"embeddable":true,"href":"https:\/\/espacetechnologie.ma\/ar\/wp-json\/wp\/v2\/media\/8440"}],"wp:attachment":[{"href":"https:\/\/espacetechnologie.ma\/ar\/wp-json\/wp\/v2\/media?parent=8441"}],"wp:term":[{"taxonomy":"product_brand","embeddable":true,"href":"https:\/\/espacetechnologie.ma\/ar\/wp-json\/wp\/v2\/product_brand?post=8441"},{"taxonomy":"product_cat","embeddable":true,"href":"https:\/\/espacetechnologie.ma\/ar\/wp-json\/wp\/v2\/product_cat?post=8441"},{"taxonomy":"product_tag","embeddable":true,"href":"https:\/\/espacetechnologie.ma\/ar\/wp-json\/wp\/v2\/product_tag?post=8441"}],"curies":[{"name":"wp","href":"https:\/\/api.w.org\/{rel}","templated":true}]}}