{"id":8429,"date":"2025-07-09T07:54:31","date_gmt":"2025-07-09T06:54:31","guid":{"rendered":"https:\/\/espacetechnologie.ma\/product\/autre-%d8%a7%d8%b3%d8%aa%d9%88%d8%af%d9%8a%d9%88-%d9%85%d8%ad%d9%85%d9%88%d9%84-%d9%85%d8%aa%d8%b9%d8%af%d8%af-%d8%a7%d9%84%d8%a5%d9%85%d9%83%d8%a7%d9%86%d8%a7%d8%aa-%d8%b3%d9%87%d9%84-%d8%a7%d9%84\/"},"modified":"2025-08-02T13:12:35","modified_gmt":"2025-08-02T12:12:35","slug":"autre-%d8%a7%d8%b3%d8%aa%d9%88%d8%af%d9%8a%d9%88-%d9%85%d8%ad%d9%85%d9%88%d9%84-%d9%85%d8%aa%d8%b9%d8%af%d8%af-%d8%a7%d9%84%d8%a5%d9%85%d9%83%d8%a7%d9%86%d8%a7%d8%aa-%d8%b3%d9%87%d9%84-%d8%a7%d9%84","status":"publish","type":"product","link":"https:\/\/espacetechnologie.ma\/ar\/product\/autre-%d8%a7%d8%b3%d8%aa%d9%88%d8%af%d9%8a%d9%88-%d9%85%d8%ad%d9%85%d9%88%d9%84-%d9%85%d8%aa%d8%b9%d8%af%d8%af-%d8%a7%d9%84%d8%a5%d9%85%d9%83%d8%a7%d9%86%d8%a7%d8%aa-%d8%b3%d9%87%d9%84-%d8%a7%d9%84\/","title":{"rendered":"Autre \u0627\u0633\u062a\u0648\u062f\u064a\u0648 \u0645\u062d\u0645\u0648\u0644 \u0645\u062a\u0639\u062f\u062f \u0627\u0644\u0625\u0645\u0643\u0627\u0646\u0627\u062a \u0633\u0647\u0644 \u0627\u0644\u0627\u0633\u062a\u062e\u062f\u0627\u0645 \u0645\u0639 \u0625\u0636\u0627\u0621\u0629 \u0628\u064a\u0636\u0627\u0621 \u0642\u0627\u0628\u0644\u0629 \u0644\u0644\u0637\u064a \u0625\u0636\u0627\u0621\u0629 \u0627\u0644\u0627\u0633\u062a\u0648\u062f\u064a\u0648 \u0637\u0642\u0645 \u0635\u0646\u062f\u0648\u0642 \u062a\u0635\u0648\u064a\u0631 \u0644\u0644\u0635\u0648\u0631 \u060c \u0627\u0644\u062d\u062c\u0645: 40 \u0633\u0645 \u00d7 40 \u0633\u0645 \u00d7 40 \u0633\u0645"},"content":{"rendered":"<p>Deep photo box<br \/>\nDEEP-40cm<br \/>\nBo\u00eetes \u00e0 lumi\u00e8re Accessoires pour appareils photo Softbox null<br \/>\nBo\u00eetes \u00e0 lumi\u00e8re Accessoires pour appareils photo Softbox null<\/p>","protected":false},"excerpt":{"rendered":"<p>Deep photo box DEEP-40cm Bo\u00eetes \u00e0 lumi\u00e8re Accessoires pour appareils photo Softbox null Bo\u00eetes \u00e0 lumi\u00e8re Accessoires pour appareils photo Softbox null<\/p>","protected":false},"featured_media":8428,"comment_status":"open","ping_status":"closed","template":"","meta":{"event_title":"","event_details":"","event_timezone":"","event_gmap":"","event_image":"","event_image_url":"","event_calendar_link":"","event_location":"","event_datetime_with_summary":"","event_datetime":"","event_date_type":"","event_rulesummary":"","event_ticket_rsvp":"","_gspb_post_css":""},"product_brand":[],"product_cat":[119,116],"product_tag":[],"class_list":{"0":"post-8429","1":"product","2":"type-product","3":"status-publish","4":"has-post-thumbnail","6":"product_cat-accessoires-studio","7":"product_cat-studio","9":"first","10":"instock","11":"sale","12":"shipping-taxable","13":"purchasable","14":"product-type-simple"},"jetpack_sharing_enabled":true,"_links":{"self":[{"href":"https:\/\/espacetechnologie.ma\/ar\/wp-json\/wp\/v2\/product\/8429","targetHints":{"allow":["GET"]}}],"collection":[{"href":"https:\/\/espacetechnologie.ma\/ar\/wp-json\/wp\/v2\/product"}],"about":[{"href":"https:\/\/espacetechnologie.ma\/ar\/wp-json\/wp\/v2\/types\/product"}],"replies":[{"embeddable":true,"href":"https:\/\/espacetechnologie.ma\/ar\/wp-json\/wp\/v2\/comments?post=8429"}],"wp:featuredmedia":[{"embeddable":true,"href":"https:\/\/espacetechnologie.ma\/ar\/wp-json\/wp\/v2\/media\/8428"}],"wp:attachment":[{"href":"https:\/\/espacetechnologie.ma\/ar\/wp-json\/wp\/v2\/media?parent=8429"}],"wp:term":[{"taxonomy":"product_brand","embeddable":true,"href":"https:\/\/espacetechnologie.ma\/ar\/wp-json\/wp\/v2\/product_brand?post=8429"},{"taxonomy":"product_cat","embeddable":true,"href":"https:\/\/espacetechnologie.ma\/ar\/wp-json\/wp\/v2\/product_cat?post=8429"},{"taxonomy":"product_tag","embeddable":true,"href":"https:\/\/espacetechnologie.ma\/ar\/wp-json\/wp\/v2\/product_tag?post=8429"}],"curies":[{"name":"wp","href":"https:\/\/api.w.org\/{rel}","templated":true}]}}