{"id":8407,"date":"2025-07-09T07:54:26","date_gmt":"2025-07-09T06:54:26","guid":{"rendered":"https:\/\/espacetechnologie.ma\/product\/microphone-condensateur-filaire-avec-carte-son-en-direct-appareil-a-changeur-de-voix-melangeur-audio-2\/"},"modified":"2025-08-02T13:33:15","modified_gmt":"2025-08-02T12:33:15","slug":"microphone-condensateur-filaire-avec-carte-son-en-direct-appareil-a-changeur-de-voix-melangeur-audio-2","status":"publish","type":"product","link":"https:\/\/espacetechnologie.ma\/ar\/product\/microphone-condensateur-filaire-avec-carte-son-en-direct-appareil-a-changeur-de-voix-melangeur-audio-2\/","title":{"rendered":"Microphone condensateur filaire avec carte son en direct, appareil \u00e0 changeur de voix, m\u00e9langeur Audio"},"content":{"rendered":"<p>-Carte son<br \/>\nMat\u00e9riau: M\u00e9tala<br \/>\nAlimentation: batterie au lithium rechargeable int\u00e9gr\u00e9e<br \/>\nTaille: 15.5*13.5*3cm\/ 6.1*5.3 * 1.2in<br \/>\nPoids: 205g\/ 7.2oz<br \/>\n-Micro<br \/>\nCouleur: Noir<br \/>\nMati\u00e8re: M\u00e9tal Et plastique<br \/>\nType: Micro \u00c0 Condensateur<br \/>\nDirectivit\u00e9: Cardio\u00efde<br \/>\nR\u00e9ponse en fr\u00e9quence: 30Hz-18KHz<br \/>\nNiveau de pression sonore le plus \u00e9lev\u00e9: 135dB (\u00e0 1KHz \u2264 1% t. H.D)<br \/>\nRapport S\/N: 76db<br \/>\nAlimentation: alimentation PC\/carte son 5V<br \/>\nTaille de l&rsquo;article: 20*6cm \/ 7.9*2.4in<br \/>\nPoids de l&rsquo;article: 250g \/ 8.8oz<br \/>\nTaille de l&#8217;emballage: 36.5*19*6.5cm\/ 14.4*7.5*2.6<br \/>\nPoids du colis: 840g\/1,9lbs<\/p>","protected":false},"excerpt":{"rendered":"<p>-Carte son Mat\u00e9riau: M\u00e9tala Alimentation: batterie au lithium rechargeable int\u00e9gr\u00e9e Taille: 15.5*13.5*3cm\/ 6.1*5.3 * 1.2in Poids: 205g\/ 7.2oz -Micro Couleur: Noir Mati\u00e8re: M\u00e9tal Et plastique Type: Micro \u00c0 Condensateur Directivit\u00e9: Cardio\u00efde R\u00e9ponse en fr\u00e9quence: 30Hz-18KHz Niveau de pression sonore le plus \u00e9lev\u00e9: 135dB (\u00e0 1KHz \u2264 1% t. H.D) Rapport S\/N: 76db Alimentation: alimentation PC\/carte [&hellip;]<\/p>\n","protected":false},"featured_media":8406,"comment_status":"open","ping_status":"closed","template":"","meta":{"event_title":"","event_details":"","event_timezone":"","event_gmap":"","event_image":"","event_image_url":"","event_calendar_link":"","event_location":"","event_datetime_with_summary":"","event_datetime":"","event_date_type":"","event_rulesummary":"","event_ticket_rsvp":"","_gspb_post_css":""},"product_brand":[],"product_cat":[107,111],"product_tag":[],"class_list":{"0":"post-8407","1":"product","2":"type-product","3":"status-publish","4":"has-post-thumbnail","6":"product_cat-audio","7":"product_cat-microphones","9":"first","10":"instock","11":"sale","12":"shipping-taxable","13":"purchasable","14":"product-type-simple"},"jetpack_sharing_enabled":true,"_links":{"self":[{"href":"https:\/\/espacetechnologie.ma\/ar\/wp-json\/wp\/v2\/product\/8407","targetHints":{"allow":["GET"]}}],"collection":[{"href":"https:\/\/espacetechnologie.ma\/ar\/wp-json\/wp\/v2\/product"}],"about":[{"href":"https:\/\/espacetechnologie.ma\/ar\/wp-json\/wp\/v2\/types\/product"}],"replies":[{"embeddable":true,"href":"https:\/\/espacetechnologie.ma\/ar\/wp-json\/wp\/v2\/comments?post=8407"}],"wp:featuredmedia":[{"embeddable":true,"href":"https:\/\/espacetechnologie.ma\/ar\/wp-json\/wp\/v2\/media\/8406"}],"wp:attachment":[{"href":"https:\/\/espacetechnologie.ma\/ar\/wp-json\/wp\/v2\/media?parent=8407"}],"wp:term":[{"taxonomy":"product_brand","embeddable":true,"href":"https:\/\/espacetechnologie.ma\/ar\/wp-json\/wp\/v2\/product_brand?post=8407"},{"taxonomy":"product_cat","embeddable":true,"href":"https:\/\/espacetechnologie.ma\/ar\/wp-json\/wp\/v2\/product_cat?post=8407"},{"taxonomy":"product_tag","embeddable":true,"href":"https:\/\/espacetechnologie.ma\/ar\/wp-json\/wp\/v2\/product_tag?post=8407"}],"curies":[{"name":"wp","href":"https:\/\/api.w.org\/{rel}","templated":true}]}}