{"id":8394,"date":"2025-07-09T07:54:24","date_gmt":"2025-07-09T06:54:24","guid":{"rendered":"https:\/\/espacetechnologie.ma\/product\/dorigine-pour-oneplus-6-3-t-type-c-otg-cable-adaptateur-usb-3-1-type-c-male-a-micro-femelle-data-converter-pour-oneplus-6-5-t-5-3-3-t-2\/"},"modified":"2025-08-03T07:20:15","modified_gmt":"2025-08-03T06:20:15","slug":"dorigine-pour-oneplus-6-3-t-type-c-otg-cable-adaptateur-usb-3-1-type-c-male-a-micro-femelle-data-converter-pour-oneplus-6-5-t-5-3-3-t-2","status":"publish","type":"product","link":"https:\/\/espacetechnologie.ma\/ar\/product\/dorigine-pour-oneplus-6-3-t-type-c-otg-cable-adaptateur-usb-3-1-type-c-male-a-micro-femelle-data-converter-pour-oneplus-6-5-t-5-3-3-t-2\/","title":{"rendered":"D&rsquo;origine pour Oneplus 6\/3 t Type C OTG C\u00e2ble Adaptateur USB 3.1 Type-C M\u00e2le \u00e0 Micro femelle Data Converter pour Oneplus 6 5 t\/5 3 3 t 2"},"content":{"rendered":"<p>Nom de marque:Oneplus<br \/>\nCompatible Marque:SONY, LG, Blackberry, Nokia, Palm, HTC, Toshiba, Panasonic, Samsung<br \/>\nType:Type C<br \/>\nFonction:OTG\/Transfert de Donn\u00e9es\/USB Application \u00c9largie<\/p>","protected":false},"excerpt":{"rendered":"<p>Nom de marque:Oneplus Compatible Marque:SONY, LG, Blackberry, Nokia, Palm, HTC, Toshiba, Panasonic, Samsung Type:Type C Fonction:OTG\/Transfert de Donn\u00e9es\/USB Application \u00c9largie<\/p>","protected":false},"featured_media":8393,"comment_status":"open","ping_status":"closed","template":"","meta":{"event_title":"","event_details":"","event_timezone":"","event_gmap":"","event_image":"","event_image_url":"","event_calendar_link":"","event_location":"","event_datetime_with_summary":"","event_datetime":"","event_date_type":"","event_rulesummary":"","event_ticket_rsvp":"","_gspb_post_css":""},"product_brand":[],"product_cat":[86,84],"product_tag":[],"class_list":{"0":"post-8394","1":"product","2":"type-product","3":"status-publish","4":"has-post-thumbnail","6":"product_cat-cables","7":"product_cat-smartphone","9":"first","10":"instock","11":"sale","12":"shipping-taxable","13":"purchasable","14":"product-type-simple"},"jetpack_sharing_enabled":true,"_links":{"self":[{"href":"https:\/\/espacetechnologie.ma\/ar\/wp-json\/wp\/v2\/product\/8394","targetHints":{"allow":["GET"]}}],"collection":[{"href":"https:\/\/espacetechnologie.ma\/ar\/wp-json\/wp\/v2\/product"}],"about":[{"href":"https:\/\/espacetechnologie.ma\/ar\/wp-json\/wp\/v2\/types\/product"}],"replies":[{"embeddable":true,"href":"https:\/\/espacetechnologie.ma\/ar\/wp-json\/wp\/v2\/comments?post=8394"}],"wp:featuredmedia":[{"embeddable":true,"href":"https:\/\/espacetechnologie.ma\/ar\/wp-json\/wp\/v2\/media\/8393"}],"wp:attachment":[{"href":"https:\/\/espacetechnologie.ma\/ar\/wp-json\/wp\/v2\/media?parent=8394"}],"wp:term":[{"taxonomy":"product_brand","embeddable":true,"href":"https:\/\/espacetechnologie.ma\/ar\/wp-json\/wp\/v2\/product_brand?post=8394"},{"taxonomy":"product_cat","embeddable":true,"href":"https:\/\/espacetechnologie.ma\/ar\/wp-json\/wp\/v2\/product_cat?post=8394"},{"taxonomy":"product_tag","embeddable":true,"href":"https:\/\/espacetechnologie.ma\/ar\/wp-json\/wp\/v2\/product_tag?post=8394"}],"curies":[{"name":"wp","href":"https:\/\/api.w.org\/{rel}","templated":true}]}}