{"id":8380,"date":"2025-07-09T07:54:21","date_gmt":"2025-07-09T06:54:21","guid":{"rendered":"https:\/\/espacetechnologie.ma\/product\/protecteur-decran-a-couverture-complete-pour-apple-watch45mm-iwatch-serie-7-6\/"},"modified":"2025-08-03T07:39:31","modified_gmt":"2025-08-03T06:39:31","slug":"protecteur-decran-a-couverture-complete-pour-apple-watch45mm-iwatch-serie-7-6","status":"publish","type":"product","link":"https:\/\/espacetechnologie.ma\/ar\/product\/protecteur-decran-a-couverture-complete-pour-apple-watch45mm-iwatch-serie-7-6\/","title":{"rendered":"Protecteur d&rsquo;\u00e9cran \u00e0 couverture compl\u00e8te pour Apple Watch,45MM iWatch s\u00e9rie 7 6"},"content":{"rendered":"<p>verre tremp\u00e9 enti\u00e8rement incurv\u00e9 pour Apple Iwatch 7 protecteur d&rsquo;\u00e9cran en verre pour Iwatch7 i Watch 7 Smartwatch Film souple de protection<br \/>\nSi vous achetez 2 pi\u00e8ces ou plus, vous pouvez obtenir 3% de r\u00e9duction<\/p>","protected":false},"excerpt":{"rendered":"<p>Anti-empreintes digitales, HD<br \/>\nr\u00e9sistant aux rayures<br \/>\nPolym\u00e8re de r\u00e9sistance aux chocs<br \/>\nHaute t\u00e9nacit\u00e9<br \/>\n45 mm<\/p>","protected":false},"featured_media":8379,"comment_status":"open","ping_status":"closed","template":"","meta":{"event_title":"","event_details":"","event_timezone":"","event_gmap":"","event_image":"","event_image_url":"","event_calendar_link":"","event_location":"","event_datetime_with_summary":"","event_datetime":"","event_date_type":"","event_rulesummary":"","event_ticket_rsvp":"","_gspb_post_css":""},"product_brand":[],"product_cat":[93,91],"product_tag":[],"class_list":{"0":"post-8380","1":"product","2":"type-product","3":"status-publish","4":"has-post-thumbnail","6":"product_cat-protections","7":"product_cat-smartwatch","9":"first","10":"instock","11":"sale","12":"shipping-taxable","13":"purchasable","14":"product-type-simple"},"jetpack_sharing_enabled":true,"_links":{"self":[{"href":"https:\/\/espacetechnologie.ma\/ar\/wp-json\/wp\/v2\/product\/8380","targetHints":{"allow":["GET"]}}],"collection":[{"href":"https:\/\/espacetechnologie.ma\/ar\/wp-json\/wp\/v2\/product"}],"about":[{"href":"https:\/\/espacetechnologie.ma\/ar\/wp-json\/wp\/v2\/types\/product"}],"replies":[{"embeddable":true,"href":"https:\/\/espacetechnologie.ma\/ar\/wp-json\/wp\/v2\/comments?post=8380"}],"wp:featuredmedia":[{"embeddable":true,"href":"https:\/\/espacetechnologie.ma\/ar\/wp-json\/wp\/v2\/media\/8379"}],"wp:attachment":[{"href":"https:\/\/espacetechnologie.ma\/ar\/wp-json\/wp\/v2\/media?parent=8380"}],"wp:term":[{"taxonomy":"product_brand","embeddable":true,"href":"https:\/\/espacetechnologie.ma\/ar\/wp-json\/wp\/v2\/product_brand?post=8380"},{"taxonomy":"product_cat","embeddable":true,"href":"https:\/\/espacetechnologie.ma\/ar\/wp-json\/wp\/v2\/product_cat?post=8380"},{"taxonomy":"product_tag","embeddable":true,"href":"https:\/\/espacetechnologie.ma\/ar\/wp-json\/wp\/v2\/product_tag?post=8380"}],"curies":[{"name":"wp","href":"https:\/\/api.w.org\/{rel}","templated":true}]}}