{"id":8376,"date":"2025-07-09T07:54:21","date_gmt":"2025-07-09T06:54:21","guid":{"rendered":"https:\/\/espacetechnologie.ma\/product\/chargeurs-pour-montres-intelligentes-huawei-gt-honor-dock-portable-magique-charge-rapide-magnetique\/"},"modified":"2025-08-03T06:54:55","modified_gmt":"2025-08-03T05:54:55","slug":"chargeurs-pour-montres-intelligentes-huawei-gt-honor-dock-portable-magique-charge-rapide-magnetique","status":"publish","type":"product","link":"https:\/\/espacetechnologie.ma\/ar\/product\/chargeurs-pour-montres-intelligentes-huawei-gt-honor-dock-portable-magique-charge-rapide-magnetique\/","title":{"rendered":"chargeurs pour montres intelligentes Huawei, GT Honor, Dock Portable magique, charge rapide magn\u00e9tique"},"content":{"rendered":"<p>Con\u00e7u pour la montre intelligente Huawei GT \/ Honor Magic.<br \/>\nCaract\u00e9ristiques de base fixes magn\u00e9tiques solides et performances de travail stables.<br \/>\nLa conception compacte et l\u00e9g\u00e8re facilite le stockage et le transport.<br \/>\nChargez votre appareil de mani\u00e8re plus s\u00e9curis\u00e9e lorsqu&rsquo;il est connect\u00e9 \u00e0 une source USB sur PC, ordinateur portable et t\u00e9l\u00e9phone mobile.<br \/>\nConception s\u00e9par\u00e9e pour le c\u00e2ble et la station d&rsquo;accueil, le c\u00e2ble peut \u00eatre utilis\u00e9 comme support pour un autre appareil.<\/p>","protected":false},"excerpt":{"rendered":"<p>Con\u00e7u pour la montre intelligente Huawei GT \/ Honor Magic. Caract\u00e9ristiques de base fixes magn\u00e9tiques solides et performances de travail stables. La conception compacte et l\u00e9g\u00e8re facilite le stockage et le transport. Chargez votre appareil de mani\u00e8re plus s\u00e9curis\u00e9e lorsqu&rsquo;il est connect\u00e9 \u00e0 une source USB sur PC, ordinateur portable et t\u00e9l\u00e9phone mobile. Conception s\u00e9par\u00e9e [&hellip;]<\/p>\n","protected":false},"featured_media":8375,"comment_status":"open","ping_status":"closed","template":"","meta":{"event_title":"","event_details":"","event_timezone":"","event_gmap":"","event_image":"","event_image_url":"","event_calendar_link":"","event_location":"","event_datetime_with_summary":"","event_datetime":"","event_date_type":"","event_rulesummary":"","event_ticket_rsvp":"","_gspb_post_css":""},"product_brand":[],"product_cat":[94,91],"product_tag":[],"class_list":{"0":"post-8376","1":"product","2":"type-product","3":"status-publish","4":"has-post-thumbnail","6":"product_cat-chargeurs-smartwatch","7":"product_cat-smartwatch","9":"first","10":"instock","11":"sale","12":"shipping-taxable","13":"purchasable","14":"product-type-simple"},"jetpack_sharing_enabled":true,"_links":{"self":[{"href":"https:\/\/espacetechnologie.ma\/ar\/wp-json\/wp\/v2\/product\/8376","targetHints":{"allow":["GET"]}}],"collection":[{"href":"https:\/\/espacetechnologie.ma\/ar\/wp-json\/wp\/v2\/product"}],"about":[{"href":"https:\/\/espacetechnologie.ma\/ar\/wp-json\/wp\/v2\/types\/product"}],"replies":[{"embeddable":true,"href":"https:\/\/espacetechnologie.ma\/ar\/wp-json\/wp\/v2\/comments?post=8376"}],"wp:featuredmedia":[{"embeddable":true,"href":"https:\/\/espacetechnologie.ma\/ar\/wp-json\/wp\/v2\/media\/8375"}],"wp:attachment":[{"href":"https:\/\/espacetechnologie.ma\/ar\/wp-json\/wp\/v2\/media?parent=8376"}],"wp:term":[{"taxonomy":"product_brand","embeddable":true,"href":"https:\/\/espacetechnologie.ma\/ar\/wp-json\/wp\/v2\/product_brand?post=8376"},{"taxonomy":"product_cat","embeddable":true,"href":"https:\/\/espacetechnologie.ma\/ar\/wp-json\/wp\/v2\/product_cat?post=8376"},{"taxonomy":"product_tag","embeddable":true,"href":"https:\/\/espacetechnologie.ma\/ar\/wp-json\/wp\/v2\/product_tag?post=8376"}],"curies":[{"name":"wp","href":"https:\/\/api.w.org\/{rel}","templated":true}]}}