{"id":8369,"date":"2025-07-09T07:54:19","date_gmt":"2025-07-09T06:54:19","guid":{"rendered":"https:\/\/espacetechnologie.ma\/product\/carte-de-recharge-et-dactivation-de-batterie-de-telephone-portable-2-en-1-pour-iphone-7-7plus-6-6s-5-5s-4-4s-outil-de-reparation-de-smartphone\/"},"modified":"2025-08-02T15:25:01","modified_gmt":"2025-08-02T14:25:01","slug":"carte-de-recharge-et-dactivation-de-batterie-de-telephone-portable-2-en-1-pour-iphone-7-7plus-6-6s-5-5s-4-4s-outil-de-reparation-de-smartphone","status":"publish","type":"product","link":"https:\/\/espacetechnologie.ma\/ar\/product\/carte-de-recharge-et-dactivation-de-batterie-de-telephone-portable-2-en-1-pour-iphone-7-7plus-6-6s-5-5s-4-4s-outil-de-reparation-de-smartphone\/","title":{"rendered":"Carte de recharge et d&rsquo;activation de batterie de t\u00e9l\u00e9phone portable 2 en 1 pour iPhone 7 7Plus 6 6s 5 5s 4 4s Outil de r\u00e9paration de smartphone"},"content":{"rendered":"","protected":false},"excerpt":{"rendered":"","protected":false},"featured_media":8368,"comment_status":"open","ping_status":"closed","template":"","meta":{"event_title":"","event_details":"","event_timezone":"","event_gmap":"","event_image":"","event_image_url":"","event_calendar_link":"","event_location":"","event_datetime_with_summary":"","event_datetime":"","event_date_type":"","event_rulesummary":"","event_ticket_rsvp":"","_gspb_post_css":""},"product_brand":[],"product_cat":[90,84],"product_tag":[],"class_list":{"0":"post-8369","1":"product","2":"type-product","3":"status-publish","4":"has-post-thumbnail","6":"product_cat-autres-accessoires-smartphone","7":"product_cat-smartphone","9":"first","10":"instock","11":"sale","12":"shipping-taxable","13":"purchasable","14":"product-type-simple"},"jetpack_sharing_enabled":true,"_links":{"self":[{"href":"https:\/\/espacetechnologie.ma\/ar\/wp-json\/wp\/v2\/product\/8369","targetHints":{"allow":["GET"]}}],"collection":[{"href":"https:\/\/espacetechnologie.ma\/ar\/wp-json\/wp\/v2\/product"}],"about":[{"href":"https:\/\/espacetechnologie.ma\/ar\/wp-json\/wp\/v2\/types\/product"}],"replies":[{"embeddable":true,"href":"https:\/\/espacetechnologie.ma\/ar\/wp-json\/wp\/v2\/comments?post=8369"}],"wp:featuredmedia":[{"embeddable":true,"href":"https:\/\/espacetechnologie.ma\/ar\/wp-json\/wp\/v2\/media\/8368"}],"wp:attachment":[{"href":"https:\/\/espacetechnologie.ma\/ar\/wp-json\/wp\/v2\/media?parent=8369"}],"wp:term":[{"taxonomy":"product_brand","embeddable":true,"href":"https:\/\/espacetechnologie.ma\/ar\/wp-json\/wp\/v2\/product_brand?post=8369"},{"taxonomy":"product_cat","embeddable":true,"href":"https:\/\/espacetechnologie.ma\/ar\/wp-json\/wp\/v2\/product_cat?post=8369"},{"taxonomy":"product_tag","embeddable":true,"href":"https:\/\/espacetechnologie.ma\/ar\/wp-json\/wp\/v2\/product_tag?post=8369"}],"curies":[{"name":"wp","href":"https:\/\/api.w.org\/{rel}","templated":true}]}}