{"id":8361,"date":"2025-07-09T07:54:17","date_gmt":"2025-07-09T06:54:17","guid":{"rendered":"https:\/\/espacetechnologie.ma\/product\/controleur-de-jeu-sans-fil-pour-telephone-tablette-pc-switch-ps3-ps4\/"},"modified":"2025-10-23T00:06:39","modified_gmt":"2025-10-22T23:06:39","slug":"controleur-de-jeu-sans-fil-pour-telephone-tablette-pc-switch-ps3-ps4","status":"publish","type":"product","link":"https:\/\/espacetechnologie.ma\/ar\/product\/controleur-de-jeu-sans-fil-pour-telephone-tablette-pc-switch-ps3-ps4\/","title":{"rendered":"Contr\u00f4leur de jeu sans fil pour t\u00e9l\u00e9phone tablette PC Switch\/PS3\/PS4"},"content":{"rendered":"<p>Contr\u00f4leur somatosensoriel D9 Dual Hall contr\u00f4leur de jeu de t\u00e9l\u00e9phone 5.2 compatible Bluetooth \u00e0 double vibration pour Switch\/PS3\/PS4\/PC\/tablette\u00a0<br \/>\nCaract\u00e9ristique:<br \/>\n1. Joystick Hall de pointe:Le joystick D9 continuellement am\u00e9lior\u00e9 du contr\u00f4leur de jeu t\u00e9lescopique, aliment\u00e9 par un algorithme auto-d\u00e9velopp\u00e9, assure une d\u00e9rive nulle. Construit sur des ann\u00e9es d&rsquo;exp\u00e9rience et de recherche dans l&rsquo;industrie, ce joystick s&rsquo;adapte aux habitudes de jeu de millions de joueurs et est con\u00e7u pour fonctionner avec des algorithmes de jeu, am\u00e9liorant ainsi l&rsquo;exp\u00e9rience de jeu.\u00a0<br \/>\n2. Boutons m\u00e9caniques robustes:Le contr\u00f4leur de jeu d&rsquo;\u00e9tirement de t\u00e9l\u00e9phone mobile D9 int\u00e8gre des boutons m\u00e9caniques et du silicone conducteur, r\u00e9pondant aux diverses pr\u00e9f\u00e9rences de l&rsquo;utilisateur pour l&rsquo;utilisation des boutons et le retour tactile. Offrant deux boutons de retour personnalisables, ce contr\u00f4leur offre aux joueurs une gamme d&rsquo;options de jeu personnalis\u00e9es pour correspondre \u00e0 leurs habitudes d&rsquo;utilisation uniques.\u00a0<br \/>\n3. caract\u00e9ristique d&rsquo;\u00e9clat de Turbo:\u00c9quip\u00e9e d&rsquo;une fonction rafale \u00e0 un bouton, la manette de jeu du t\u00e9l\u00e9phone mobile D9 lib\u00e8re sans effort vos mains et assure une victoire unique sur le champ de bataille.\u00a0<br \/>\n4. moteurs lin\u00e9aires asym\u00e9triques de double vibration:Les moteurs \u00e0 double vibration lin\u00e9aire asym\u00e9trique du contr\u00f4leur somatosensoriel \u00e0 double hall donnent vie aux sc\u00e9narios de jeu, offrant une excitation sans fin du bout des doigts \u00e0 la paume.\u00a0<br \/>\n5. Compatibilit\u00e9 universelle:Le contr\u00f4leur de jeu de t\u00e9l\u00e9phone D9 est compatible avec un large \u00e9ventail d&rsquo;appareils allant de 130 \u00e0 280mm, y compris les smartphones, les tablettes et pour Switch. Sa conception de pince, envelopp\u00e9e de silicone de protection, prot\u00e8ge votre appareil contre l&rsquo;usure.<\/p>","protected":false},"excerpt":{"rendered":"<p>Origine: Chine continentale<br \/>\nMarque\/mod\u00e8le compatible: Aucun<br \/>\nType de bouton d\u00e9clencheur: AUCUN<br \/>\nMod\u00e8le de produit: BSP-D9<br \/>\nCouleur: noir, blanc, bleu, rouge (facultatif)<br \/>\nM\u00e9thode de connexion: Connexion compatible Bluetooth<br \/>\nAlimentation de travail: 400mAh<br \/>\nPlates-formes prises en charge: Applicable pour Android, PourIOS, PourLa PS3, PourPS4, PourCommutateur, PC<br \/>\nTaille du produit: 266*106*65mm 10.47&#215;4.17&#215;2.56 pouces<\/p>","protected":false},"featured_media":8360,"comment_status":"open","ping_status":"closed","template":"","meta":{"event_title":"","event_details":"","event_timezone":"","event_gmap":"","event_image":"","event_image_url":"","event_calendar_link":"","event_location":"","event_datetime_with_summary":"","event_datetime":"","event_date_type":"","event_rulesummary":"","event_ticket_rsvp":"","_gspb_post_css":""},"product_brand":[],"product_cat":[129],"product_tag":[],"class_list":{"0":"post-8361","1":"product","2":"type-product","3":"status-publish","4":"has-post-thumbnail","6":"product_cat-gaming","8":"first","9":"instock","10":"sale","11":"featured","12":"shipping-taxable","13":"purchasable","14":"product-type-simple"},"jetpack_sharing_enabled":true,"_links":{"self":[{"href":"https:\/\/espacetechnologie.ma\/ar\/wp-json\/wp\/v2\/product\/8361","targetHints":{"allow":["GET"]}}],"collection":[{"href":"https:\/\/espacetechnologie.ma\/ar\/wp-json\/wp\/v2\/product"}],"about":[{"href":"https:\/\/espacetechnologie.ma\/ar\/wp-json\/wp\/v2\/types\/product"}],"replies":[{"embeddable":true,"href":"https:\/\/espacetechnologie.ma\/ar\/wp-json\/wp\/v2\/comments?post=8361"}],"wp:featuredmedia":[{"embeddable":true,"href":"https:\/\/espacetechnologie.ma\/ar\/wp-json\/wp\/v2\/media\/8360"}],"wp:attachment":[{"href":"https:\/\/espacetechnologie.ma\/ar\/wp-json\/wp\/v2\/media?parent=8361"}],"wp:term":[{"taxonomy":"product_brand","embeddable":true,"href":"https:\/\/espacetechnologie.ma\/ar\/wp-json\/wp\/v2\/product_brand?post=8361"},{"taxonomy":"product_cat","embeddable":true,"href":"https:\/\/espacetechnologie.ma\/ar\/wp-json\/wp\/v2\/product_cat?post=8361"},{"taxonomy":"product_tag","embeddable":true,"href":"https:\/\/espacetechnologie.ma\/ar\/wp-json\/wp\/v2\/product_tag?post=8361"}],"curies":[{"name":"wp","href":"https:\/\/api.w.org\/{rel}","templated":true}]}}