{"id":8358,"date":"2025-07-09T07:54:17","date_gmt":"2025-07-09T06:54:17","guid":{"rendered":"https:\/\/espacetechnologie.ma\/product\/%d8%a7%d8%b3%d8%aa%d8%a8%d8%af%d8%a7%d9%84-%d8%b6%d9%88%d8%a1-%d8%a7%d9%84%d8%b0%d9%8a%d9%84-%d8%a7%d9%84%d8%ae%d9%84%d9%81%d9%8a-%d9%84%d8%a7%d8%b3%d8%aa%d8%a8%d8%af%d8%a7%d9%84-%d8%a3%d8%ac%d8%b2\/"},"modified":"2025-08-03T07:51:19","modified_gmt":"2025-08-03T06:51:19","slug":"%d8%a7%d8%b3%d8%aa%d8%a8%d8%af%d8%a7%d9%84-%d8%b6%d9%88%d8%a1-%d8%a7%d9%84%d8%b0%d9%8a%d9%84-%d8%a7%d9%84%d8%ae%d9%84%d9%81%d9%8a-%d9%84%d8%a7%d8%b3%d8%aa%d8%a8%d8%af%d8%a7%d9%84-%d8%a3%d8%ac%d8%b2","status":"publish","type":"product","link":"https:\/\/espacetechnologie.ma\/ar\/product\/%d8%a7%d8%b3%d8%aa%d8%a8%d8%af%d8%a7%d9%84-%d8%b6%d9%88%d8%a1-%d8%a7%d9%84%d8%b0%d9%8a%d9%84-%d8%a7%d9%84%d8%ae%d9%84%d9%81%d9%8a-%d9%84%d8%a7%d8%b3%d8%aa%d8%a8%d8%af%d8%a7%d9%84-%d8%a3%d8%ac%d8%b2\/","title":{"rendered":"\u0627\u0633\u062a\u0628\u062f\u0627\u0644 \u0636\u0648\u0621 \u0627\u0644\u0630\u064a\u0644 \u0627\u0644\u062e\u0644\u0641\u064a \u0644\u0627\u0633\u062a\u0628\u062f\u0627\u0644 \u0623\u062c\u0632\u0627\u0621 \u0633\u0643\u0648\u062a\u0631 \u0643\u0647\u0631\u0628\u0627\u0626\u064a Xiaomi Mijia M365"},"content":{"rendered":"<p>FCaract\u00e9ristiques:<br \/>\nFiche d&rsquo;origine<br \/>\nL&rsquo;installation est simple et l&rsquo;insertion suffit.<br \/>\nPlus S\u00fbr \u00e0 Conduire<br \/>\nLe feu arri\u00e8re LED est \u00e0 haute luminosit\u00e9, am\u00e9liorant la s\u00e9curit\u00e9 la nuit<br \/>\nDesign parfait<br \/>\nLa forme Unique, \u00e9l\u00e9gante et \u00e0 la mode est un bon produit chaud.<br \/>\nLargement utilis\u00e9 sur diff\u00e9rents scooters<br \/>\nApplicable au scooter \u00e9lectrique M365 et \u00e0 d&rsquo;autres v\u00e9hicules \u00e9lectriques, accessoires de millet, assurance qualit\u00e9.<\/p>\n<p>Sp\u00e9cifications:<br \/>\nType:Feu arri\u00e8re<br \/>\nQuantit\u00e9: 1PC<br \/>\nCouleur: noir<br \/>\nMat\u00e9riel:ABS + PC<br \/>\nLongueur du c\u00e2ble: 31cm<br \/>\nTaille: 31*3*2cm\/12.18*0.79 * pouces<br \/>\nPoids du colis: 30g\/1.06oz<\/p>\n<p>Paquet:<br \/>\n1 *Feu arri\u00e8re<br \/>\n1 * manuel de l&rsquo;utilisateur<\/p>","protected":false},"excerpt":{"rendered":"<p>Type:Feu arri\u00e8re<br \/>\nQuantit\u00e9: 1PC<br \/>\nCouleur: noir et Rouge<br \/>\nMat\u00e9riel:\u00a0ABS + PC<br \/>\nLongueur du c\u00e2ble: 31cm<br \/>\nTaille: 31*3*2cm\/12.18*0.79 * pouces<br \/>\nPoids du colis: 30g\/1.06oz<\/p>","protected":false},"featured_media":8357,"comment_status":"open","ping_status":"closed","template":"","meta":{"event_title":"","event_details":"","event_timezone":"","event_gmap":"","event_image":"","event_image_url":"","event_calendar_link":"","event_location":"","event_datetime_with_summary":"","event_datetime":"","event_date_type":"","event_rulesummary":"","event_ticket_rsvp":"","_gspb_post_css":""},"product_brand":[],"product_cat":[122,120],"product_tag":[],"class_list":{"0":"post-8358","1":"product","2":"type-product","3":"status-publish","4":"has-post-thumbnail","6":"product_cat-accessoires-trottinette","7":"product_cat-trottinette","9":"first","10":"instock","11":"sale","12":"shipping-taxable","13":"purchasable","14":"product-type-simple"},"jetpack_sharing_enabled":true,"_links":{"self":[{"href":"https:\/\/espacetechnologie.ma\/ar\/wp-json\/wp\/v2\/product\/8358","targetHints":{"allow":["GET"]}}],"collection":[{"href":"https:\/\/espacetechnologie.ma\/ar\/wp-json\/wp\/v2\/product"}],"about":[{"href":"https:\/\/espacetechnologie.ma\/ar\/wp-json\/wp\/v2\/types\/product"}],"replies":[{"embeddable":true,"href":"https:\/\/espacetechnologie.ma\/ar\/wp-json\/wp\/v2\/comments?post=8358"}],"wp:featuredmedia":[{"embeddable":true,"href":"https:\/\/espacetechnologie.ma\/ar\/wp-json\/wp\/v2\/media\/8357"}],"wp:attachment":[{"href":"https:\/\/espacetechnologie.ma\/ar\/wp-json\/wp\/v2\/media?parent=8358"}],"wp:term":[{"taxonomy":"product_brand","embeddable":true,"href":"https:\/\/espacetechnologie.ma\/ar\/wp-json\/wp\/v2\/product_brand?post=8358"},{"taxonomy":"product_cat","embeddable":true,"href":"https:\/\/espacetechnologie.ma\/ar\/wp-json\/wp\/v2\/product_cat?post=8358"},{"taxonomy":"product_tag","embeddable":true,"href":"https:\/\/espacetechnologie.ma\/ar\/wp-json\/wp\/v2\/product_tag?post=8358"}],"curies":[{"name":"wp","href":"https:\/\/api.w.org\/{rel}","templated":true}]}}