{"id":8336,"date":"2025-07-09T07:54:12","date_gmt":"2025-07-09T06:54:12","guid":{"rendered":"https:\/\/espacetechnologie.ma\/product\/manette-de-jeu-mobile-pubg-w12\/"},"modified":"2025-08-03T07:19:33","modified_gmt":"2025-08-03T06:19:33","slug":"manette-de-jeu-mobile-pubg-w12","status":"publish","type":"product","link":"https:\/\/espacetechnologie.ma\/ar\/product\/manette-de-jeu-mobile-pubg-w12\/","title":{"rendered":"Manette de jeu Mobile PUBG W12"},"content":{"rendered":"<p>T\u00e9l\u00e9phone mobile de 4,6 \u00e0 6,5 pouces<br \/>\nL\u00e9ger et portable<br \/>\nExtensible et r\u00e9glable<br \/>\nCouleur: Noir<br \/>\nMaterial: Plastique<br \/>\nFacile \u00e0 utiliser<br \/>\nHaute pr\u00e9cision<\/p>","protected":false},"excerpt":{"rendered":"<p>T\u00e9l\u00e9phone mobile de 4,6 \u00e0 6,5 pouces L\u00e9ger et portable Extensible et r\u00e9glable Couleur: Noir Material: Plastique Facile \u00e0 utiliser Haute pr\u00e9cision<\/p>","protected":false},"featured_media":8335,"comment_status":"open","ping_status":"closed","template":"","meta":{"event_title":"","event_details":"","event_timezone":"","event_gmap":"","event_image":"","event_image_url":"","event_calendar_link":"","event_location":"","event_datetime_with_summary":"","event_datetime":"","event_date_type":"","event_rulesummary":"","event_ticket_rsvp":"","_gspb_post_css":""},"product_brand":[],"product_cat":[90,129,84],"product_tag":[],"class_list":{"0":"post-8336","1":"product","2":"type-product","3":"status-publish","4":"has-post-thumbnail","6":"product_cat-autres-accessoires-smartphone","7":"product_cat-gaming","8":"product_cat-smartphone","10":"first","11":"instock","12":"sale","13":"shipping-taxable","14":"purchasable","15":"product-type-simple"},"jetpack_sharing_enabled":true,"_links":{"self":[{"href":"https:\/\/espacetechnologie.ma\/ar\/wp-json\/wp\/v2\/product\/8336","targetHints":{"allow":["GET"]}}],"collection":[{"href":"https:\/\/espacetechnologie.ma\/ar\/wp-json\/wp\/v2\/product"}],"about":[{"href":"https:\/\/espacetechnologie.ma\/ar\/wp-json\/wp\/v2\/types\/product"}],"replies":[{"embeddable":true,"href":"https:\/\/espacetechnologie.ma\/ar\/wp-json\/wp\/v2\/comments?post=8336"}],"wp:featuredmedia":[{"embeddable":true,"href":"https:\/\/espacetechnologie.ma\/ar\/wp-json\/wp\/v2\/media\/8335"}],"wp:attachment":[{"href":"https:\/\/espacetechnologie.ma\/ar\/wp-json\/wp\/v2\/media?parent=8336"}],"wp:term":[{"taxonomy":"product_brand","embeddable":true,"href":"https:\/\/espacetechnologie.ma\/ar\/wp-json\/wp\/v2\/product_brand?post=8336"},{"taxonomy":"product_cat","embeddable":true,"href":"https:\/\/espacetechnologie.ma\/ar\/wp-json\/wp\/v2\/product_cat?post=8336"},{"taxonomy":"product_tag","embeddable":true,"href":"https:\/\/espacetechnologie.ma\/ar\/wp-json\/wp\/v2\/product_tag?post=8336"}],"curies":[{"name":"wp","href":"https:\/\/api.w.org\/{rel}","templated":true}]}}