{"id":8323,"date":"2025-07-09T07:54:10","date_gmt":"2025-07-09T06:54:10","guid":{"rendered":"https:\/\/espacetechnologie.ma\/product\/lampe-de-sauna-a-capteur-led-haute-luminosite-plusieurs-modes-declairage\/"},"modified":"2025-08-02T12:53:34","modified_gmt":"2025-08-02T11:53:34","slug":"lampe-de-sauna-a-capteur-led-haute-luminosite-plusieurs-modes-declairage","status":"publish","type":"product","link":"https:\/\/espacetechnologie.ma\/ar\/product\/lampe-de-sauna-a-capteur-led-haute-luminosite-plusieurs-modes-declairage\/","title":{"rendered":"Lampe de sauna \u00e0 capteur LED, haute luminosit\u00e9, plusieurs modes d&rsquo;\u00e9clairage"},"content":{"rendered":"<p>Description de l&rsquo;article<br \/>\nCaract\u00e9ristiques principales: Grande lampe chauve d&rsquo;intensit\u00e9 de lumi\u00e8re d&rsquo;inondation \u00e9quip\u00e9e de la lampe de<br \/>\nLED, intense luminosit\u00e9, couleur pure.<br \/>\nLa zone du capteur infrarouge est d\u00e9finie sur le c\u00f4t\u00e9 droit de la lampe frontale, agitant la main peut contr\u00f4ler le phare, agitant la main \u00e0 nouveau peut \u00e9teindre la source de lumi\u00e8re.<br \/>\nAppuyez bri\u00e8vement sur le commutateur d&rsquo;induction pour ouvrir le mode d&rsquo;induction, appuyez bri\u00e8vement sur le commutateur d&rsquo;alimentation pour changer le niveau de luminosit\u00e9.<br \/>\nLa lampe frontale a deux options de luminosit\u00e9, appuyez longuement sur l&rsquo;interrupteur pendant deux secondes de flash blanc.<br \/>\nBatterie au lithium de grande capacit\u00e9 int\u00e9gr\u00e9e pour phare, longue dur\u00e9e de vie, sortie de lumi\u00e8re stable.<br \/>\nL&rsquo;interface de chargement des phares est de type C, qui peut \u00eatre charg\u00e9e avec un ordinateur portable, un chargeur et une alimentation de voiture, ce qui la rend plus pratique et plus rapide \u00e0 utiliser.<br \/>\nLa lampe frontale p\u00e8se environ 100g et est de conception l\u00e9g\u00e8re, ce qui la rend plus facile \u00e0 porter.<br \/>\nLa lampe frontale a un petit effet imperm\u00e9able et ne craint pas l&rsquo;influence du temps ext\u00e9rieur.<br \/>\nApplicable: randonn\u00e9e en plein air, v\u00e9lo, p\u00eache de nuit, etc.<br \/>\nSp\u00e9cification:<br \/>\nMat\u00e9riau: PVC<br \/>\nCouleur: noir<br \/>\nStyle: Blanc simple, blanc double, blanc triple<br \/>\nTaille: 12.2 * 1.26in\/31*3.2cm<br \/>\nCapacit\u00e9 de la batterie: 1200 mah \/1500 mah (batterie int\u00e9gr\u00e9e)<br \/>\nPort\u00e9e maximale: 500 m\u00e8tres ou plus<br \/>\nDur\u00e9e de fonctionnement: 2-3 heures<br \/>\nTemps de charge: 4 heures (Type-C)<br \/>\nLumens: 10001m\/lumi\u00e8re principale, 5001m\/ lumi\u00e8re secondaire<\/p>","protected":false},"excerpt":{"rendered":"<p>Mat\u00e9riau: PVC<br \/>\nCouleur: noir<br \/>\nStyle: Blanc simple, blanc double, blanc triple<br \/>\nTaille: 12.2 * 1.26in\/31*3.2cm<br \/>\nCapacit\u00e9 de la batterie: 1200 mah \/1500 mah (batterie int\u00e9gr\u00e9e)<br \/>\nPort\u00e9e maximale: 500 m\u00e8tres ou plus<br \/>\nDur\u00e9e de fonctionnement: 2-3 heures<br \/>\nTemps de charge: 4 heures (Type-C)<br \/>\nLumens: 10001m\/lumi\u00e8re principale, 5001m\/ lumi\u00e8re secondaire<\/p>","protected":false},"featured_media":8322,"comment_status":"open","ping_status":"closed","template":"","meta":{"event_title":"","event_details":"","event_timezone":"","event_gmap":"","event_image":"","event_image_url":"","event_calendar_link":"","event_location":"","event_datetime_with_summary":"","event_datetime":"","event_date_type":"","event_rulesummary":"","event_ticket_rsvp":"","_gspb_post_css":""},"product_brand":[],"product_cat":[82],"product_tag":[],"class_list":{"0":"post-8323","1":"product","2":"type-product","3":"status-publish","4":"has-post-thumbnail","6":"product_cat-gadgets","8":"first","9":"instock","10":"sale","11":"shipping-taxable","12":"purchasable","13":"product-type-simple"},"jetpack_sharing_enabled":true,"_links":{"self":[{"href":"https:\/\/espacetechnologie.ma\/ar\/wp-json\/wp\/v2\/product\/8323","targetHints":{"allow":["GET"]}}],"collection":[{"href":"https:\/\/espacetechnologie.ma\/ar\/wp-json\/wp\/v2\/product"}],"about":[{"href":"https:\/\/espacetechnologie.ma\/ar\/wp-json\/wp\/v2\/types\/product"}],"replies":[{"embeddable":true,"href":"https:\/\/espacetechnologie.ma\/ar\/wp-json\/wp\/v2\/comments?post=8323"}],"wp:featuredmedia":[{"embeddable":true,"href":"https:\/\/espacetechnologie.ma\/ar\/wp-json\/wp\/v2\/media\/8322"}],"wp:attachment":[{"href":"https:\/\/espacetechnologie.ma\/ar\/wp-json\/wp\/v2\/media?parent=8323"}],"wp:term":[{"taxonomy":"product_brand","embeddable":true,"href":"https:\/\/espacetechnologie.ma\/ar\/wp-json\/wp\/v2\/product_brand?post=8323"},{"taxonomy":"product_cat","embeddable":true,"href":"https:\/\/espacetechnologie.ma\/ar\/wp-json\/wp\/v2\/product_cat?post=8323"},{"taxonomy":"product_tag","embeddable":true,"href":"https:\/\/espacetechnologie.ma\/ar\/wp-json\/wp\/v2\/product_tag?post=8323"}],"curies":[{"name":"wp","href":"https:\/\/api.w.org\/{rel}","templated":true}]}}