{"id":8318,"date":"2025-07-09T07:54:09","date_gmt":"2025-07-09T06:54:09","guid":{"rendered":"https:\/\/espacetechnologie.ma\/product\/wifi-4g-debloque-modem-portable-vitesse-de-telechargement-jusqua-150mbps\/"},"modified":"2025-08-02T12:53:33","modified_gmt":"2025-08-02T11:53:33","slug":"wifi-4g-debloque-modem-portable-vitesse-de-telechargement-jusqua-150mbps","status":"publish","type":"product","link":"https:\/\/espacetechnologie.ma\/ar\/product\/wifi-4g-debloque-modem-portable-vitesse-de-telechargement-jusqua-150mbps\/","title":{"rendered":"WiFi 4G D\u00e9bloqu\u00e9, Modem Portable, Vitesse de T\u00e9l\u00e9chargement Jusqu&rsquo;\u00e0 150Mbps"},"content":{"rendered":"<p>\u00c0 propos de cet article<br \/>\nT\u00e9l\u00e9chargement 4G LTE Cat4 150 Mops et vitesse de t\u00e9l\u00e9chargement<br \/>\n43.2 Mbps 3G. CARTE SIM OU SERVICE NON INCLUS!<br \/>\nNON compatible avec 4G LTE aux \u00c9tats-Unis, au Canada, au Mexique.<br \/>\nUNIQUEMENT pour l&rsquo;Europe, l&rsquo;Asie, le Moyen-Orient, l&rsquo;Afrique<br \/>\nWiFi 802.11a\/b\/g\/n. Jusqu&rsquo;\u00e0 16 appareils WiFi diff\u00e9rents (ordinateurs portables, iPhone, smartphone, iPad, tablette, consoles de jeux et bien d&rsquo;autres). Pratique pour voyager! Jusqu&rsquo;\u00e0 6 heures de temps de travail, batterie 2100 mAh<br \/>\nDescription du produit<br \/>\nNON COMPATIBLE AVEC LES FOURNISSEURS DES \u00c9TATS-UNIS, DU CANADA ET DU MEXIQUE!!!<br \/>\nUNIQUEMENT pour l&rsquo;Europe, l&rsquo;Asie, le Moyen-Orient, l&rsquo;Afrique<br \/>\nPoint d&rsquo;acc\u00e8s Wi-Fi puissant<br \/>\nAvec une vitesse de t\u00e9l\u00e9chargement \u00e9lev\u00e9e de 4G 150Mops, profitez d&rsquo;une exp\u00e9rience Wi-Fi sans d\u00e9calage pendant les jeux, le t\u00e9l\u00e9chargement de musique ou le streaming de films.<br \/>\nR\u00e9p\u00e9teur Wi-Fi<br \/>\nIl suffit d&rsquo;ins\u00e9rer une carte SIM, peut fonctionner comme un point d&rsquo;acc\u00e8s Wi-Fi. Et il prend en charge la fonction r\u00e9p\u00e9teur Wi-Fi, il peut passer \u00e0 r\u00e9p\u00e9ter le point d&rsquo;acc\u00e8s Wi-Fi gratuit existant dans l&rsquo;h\u00f4tel, en camping ou \u00e0 la maison.<br \/>\nRester en s\u00e9curit\u00e9 en ligne<br \/>\nUtilise l&rsquo;isolation Wi-Fi et vous aide \u00e0 assurer la s\u00e9curit\u00e9 en ligne sur tous les appareils connect\u00e9s et \u00e0 d\u00e9connecter tous les appareils ind\u00e9sirables en appuyant sur un bouton.<br \/>\nVoyage dans le monde<br \/>\nVoyagez dans le monde avec le Wi-Fi mobile 4G ultra-rapide de Huawei, une solution de poche au Wi-Fi de voyage \u00e0 faible co\u00fbt.<\/p>","protected":false},"excerpt":{"rendered":"<p>Bandes 4G: LTE FDD B1\/B3\/B7\/B8\/B20<br \/>\nBandes 3G: UMTS B1\/B5\/B8<br \/>\nT\u00e9l\u00e9chargement LTE 150 Mbps; t\u00e9l\u00e9chargement 50 Mbps<br \/>\nPrise en charge de 16 appareils en m\u00eame temps<br \/>\nCarte SIM standard \u00e0 6 broches<\/p>","protected":false},"featured_media":8317,"comment_status":"open","ping_status":"closed","template":"","meta":{"event_title":"","event_details":"","event_timezone":"","event_gmap":"","event_image":"","event_image_url":"","event_calendar_link":"","event_location":"","event_datetime_with_summary":"","event_datetime":"","event_date_type":"","event_rulesummary":"","event_ticket_rsvp":"","_gspb_post_css":""},"product_brand":[],"product_cat":[82],"product_tag":[],"class_list":{"0":"post-8318","1":"product","2":"type-product","3":"status-publish","4":"has-post-thumbnail","6":"product_cat-gadgets","8":"first","9":"instock","10":"sale","11":"shipping-taxable","12":"purchasable","13":"product-type-simple"},"jetpack_sharing_enabled":true,"_links":{"self":[{"href":"https:\/\/espacetechnologie.ma\/ar\/wp-json\/wp\/v2\/product\/8318","targetHints":{"allow":["GET"]}}],"collection":[{"href":"https:\/\/espacetechnologie.ma\/ar\/wp-json\/wp\/v2\/product"}],"about":[{"href":"https:\/\/espacetechnologie.ma\/ar\/wp-json\/wp\/v2\/types\/product"}],"replies":[{"embeddable":true,"href":"https:\/\/espacetechnologie.ma\/ar\/wp-json\/wp\/v2\/comments?post=8318"}],"wp:featuredmedia":[{"embeddable":true,"href":"https:\/\/espacetechnologie.ma\/ar\/wp-json\/wp\/v2\/media\/8317"}],"wp:attachment":[{"href":"https:\/\/espacetechnologie.ma\/ar\/wp-json\/wp\/v2\/media?parent=8318"}],"wp:term":[{"taxonomy":"product_brand","embeddable":true,"href":"https:\/\/espacetechnologie.ma\/ar\/wp-json\/wp\/v2\/product_brand?post=8318"},{"taxonomy":"product_cat","embeddable":true,"href":"https:\/\/espacetechnologie.ma\/ar\/wp-json\/wp\/v2\/product_cat?post=8318"},{"taxonomy":"product_tag","embeddable":true,"href":"https:\/\/espacetechnologie.ma\/ar\/wp-json\/wp\/v2\/product_tag?post=8318"}],"curies":[{"name":"wp","href":"https:\/\/api.w.org\/{rel}","templated":true}]}}