{"id":8309,"date":"2025-07-09T07:54:07","date_gmt":"2025-07-09T06:54:07","guid":{"rendered":"https:\/\/espacetechnologie.ma\/product\/transmetteur-audio-sans-fil-route-air-type-c-pour-nintendo-switch-ns-oled-ps4-ps5-pc\/"},"modified":"2025-08-02T15:11:13","modified_gmt":"2025-08-02T14:11:13","slug":"transmetteur-audio-sans-fil-route-air-type-c-pour-nintendo-switch-ns-oled-ps4-ps5-pc","status":"publish","type":"product","link":"https:\/\/espacetechnologie.ma\/ar\/product\/transmetteur-audio-sans-fil-route-air-type-c-pour-nintendo-switch-ns-oled-ps4-ps5-pc\/","title":{"rendered":"transmetteur Audio sans fil, Route Air type-c, pour Nintendo Switch, NS, OLED, PS4, PS5, PC"},"content":{"rendered":"<p>L&rsquo;apparence du produit est exquise.<br \/>\nAdopter la conception de puce haut de gamme CSR.<br \/>\nSupport TX double.<br \/>\nLa conception des boutons L et R rend l&rsquo;utilisation et la connexion de deux appareils plus pratiques et plus simples.<br \/>\nSupporte le couvercle de l&rsquo;h\u00f4te et la coque de protection peut \u00e9galement \u00eatre utilis\u00e9e<br \/>\nPrise en charge SBC, apt-X LL, apt-X<br \/>\nCorrespondant au code audio d&rsquo;affichage.<br \/>\nLa connexion du produit est simple, sans aucune conduite encombrante et t\u00e9l\u00e9chargement APP<\/p>","protected":false},"excerpt":{"rendered":"<p>L&rsquo;apparence du produit est exquise. Adopter la conception de puce haut de gamme CSR. Support TX double. La conception des boutons L et R rend l&rsquo;utilisation et la connexion de deux appareils plus pratiques et plus simples. Supporte le couvercle de l&rsquo;h\u00f4te et la coque de protection peut \u00e9galement \u00eatre utilis\u00e9e Prise en charge SBC, [&hellip;]<\/p>\n","protected":false},"featured_media":8308,"comment_status":"open","ping_status":"closed","template":"","meta":{"event_title":"","event_details":"","event_timezone":"","event_gmap":"","event_image":"","event_image_url":"","event_calendar_link":"","event_location":"","event_datetime_with_summary":"","event_datetime":"","event_date_type":"","event_rulesummary":"","event_ticket_rsvp":"","_gspb_post_css":""},"product_brand":[],"product_cat":[107,82,129],"product_tag":[],"class_list":{"0":"post-8309","1":"product","2":"type-product","3":"status-publish","4":"has-post-thumbnail","6":"product_cat-audio","7":"product_cat-gadgets","8":"product_cat-gaming","10":"first","11":"instock","12":"sale","13":"shipping-taxable","14":"purchasable","15":"product-type-simple"},"jetpack_sharing_enabled":true,"_links":{"self":[{"href":"https:\/\/espacetechnologie.ma\/ar\/wp-json\/wp\/v2\/product\/8309","targetHints":{"allow":["GET"]}}],"collection":[{"href":"https:\/\/espacetechnologie.ma\/ar\/wp-json\/wp\/v2\/product"}],"about":[{"href":"https:\/\/espacetechnologie.ma\/ar\/wp-json\/wp\/v2\/types\/product"}],"replies":[{"embeddable":true,"href":"https:\/\/espacetechnologie.ma\/ar\/wp-json\/wp\/v2\/comments?post=8309"}],"wp:featuredmedia":[{"embeddable":true,"href":"https:\/\/espacetechnologie.ma\/ar\/wp-json\/wp\/v2\/media\/8308"}],"wp:attachment":[{"href":"https:\/\/espacetechnologie.ma\/ar\/wp-json\/wp\/v2\/media?parent=8309"}],"wp:term":[{"taxonomy":"product_brand","embeddable":true,"href":"https:\/\/espacetechnologie.ma\/ar\/wp-json\/wp\/v2\/product_brand?post=8309"},{"taxonomy":"product_cat","embeddable":true,"href":"https:\/\/espacetechnologie.ma\/ar\/wp-json\/wp\/v2\/product_cat?post=8309"},{"taxonomy":"product_tag","embeddable":true,"href":"https:\/\/espacetechnologie.ma\/ar\/wp-json\/wp\/v2\/product_tag?post=8309"}],"curies":[{"name":"wp","href":"https:\/\/api.w.org\/{rel}","templated":true}]}}