{"id":8302,"date":"2025-07-09T07:54:05","date_gmt":"2025-07-09T06:54:05","guid":{"rendered":"https:\/\/espacetechnologie.ma\/product\/camera-endoscope-wifi-avec-cable-5m\/"},"modified":"2025-08-06T19:32:36","modified_gmt":"2025-08-06T18:32:36","slug":"camera-endoscope-wifi-avec-cable-5m","status":"publish","type":"product","link":"https:\/\/espacetechnologie.ma\/ar\/product\/camera-endoscope-wifi-avec-cable-5m\/","title":{"rendered":"Cam\u00e9ra Endoscope WiFi avec C\u00e2ble 5m"},"content":{"rendered":"<p>1.720P\/1200P<br \/>\n2. Connexion WiFi sans fil, facile \u00e0 connecter et \u00e0 utiliser<br \/>\n3. Taille mini, poids l\u00e9ger, utilisation portable<br \/>\n4.8 lumi\u00e8res LED, luminosit\u00e9 r\u00e9glable<br \/>\n5. Conception \u00e9tanche IP67<br \/>\n6.compatible avec les syst\u00e8mes iOS \/ Android \/ Windows \/ Mac<br \/>\n7. Avec une ventouse pour faciliter l&rsquo;installation d&rsquo;appareils WiFi sur le t\u00e9l\u00e9phone ou \u00e0 d&rsquo;autres endroits sur la surface arri\u00e8re plat<br \/>\n8. Dispositif WiFi, la batterie int\u00e9gr\u00e9e de 500mAh peut durer 45 minutes, via l&rsquo;alimentation 5V pour fonctionner<br \/>\n9. support pour cam\u00e9ra et t\u00e9l\u00e9phone d<\/p>","protected":false},"excerpt":{"rendered":"<p>1.720P\/1200P 2. Connexion WiFi sans fil, facile \u00e0 connecter et \u00e0 utiliser 3. Taille mini, poids l\u00e9ger, utilisation portable 4.8 lumi\u00e8res LED, luminosit\u00e9 r\u00e9glable 5. Conception \u00e9tanche IP67 6.compatible avec les syst\u00e8mes iOS \/ Android \/ Windows \/ Mac 7. Avec une ventouse pour faciliter l&rsquo;installation d&rsquo;appareils WiFi sur le t\u00e9l\u00e9phone ou \u00e0 d&rsquo;autres endroits [&hellip;]<\/p>\n","protected":false},"featured_media":8301,"comment_status":"open","ping_status":"closed","template":"","meta":{"event_title":"","event_details":"","event_timezone":"","event_gmap":"","event_image":"","event_image_url":"","event_calendar_link":"","event_location":"","event_datetime_with_summary":"","event_datetime":"","event_date_type":"","event_rulesummary":"","event_ticket_rsvp":"","_gspb_post_css":""},"product_brand":[],"product_cat":[131,82],"product_tag":[],"class_list":{"0":"post-8302","1":"product","2":"type-product","3":"status-publish","4":"has-post-thumbnail","6":"product_cat-cameras","7":"product_cat-gadgets","9":"first","10":"instock","11":"sale","12":"featured","13":"shipping-taxable","14":"purchasable","15":"product-type-simple"},"jetpack_sharing_enabled":true,"_links":{"self":[{"href":"https:\/\/espacetechnologie.ma\/ar\/wp-json\/wp\/v2\/product\/8302","targetHints":{"allow":["GET"]}}],"collection":[{"href":"https:\/\/espacetechnologie.ma\/ar\/wp-json\/wp\/v2\/product"}],"about":[{"href":"https:\/\/espacetechnologie.ma\/ar\/wp-json\/wp\/v2\/types\/product"}],"replies":[{"embeddable":true,"href":"https:\/\/espacetechnologie.ma\/ar\/wp-json\/wp\/v2\/comments?post=8302"}],"wp:featuredmedia":[{"embeddable":true,"href":"https:\/\/espacetechnologie.ma\/ar\/wp-json\/wp\/v2\/media\/8301"}],"wp:attachment":[{"href":"https:\/\/espacetechnologie.ma\/ar\/wp-json\/wp\/v2\/media?parent=8302"}],"wp:term":[{"taxonomy":"product_brand","embeddable":true,"href":"https:\/\/espacetechnologie.ma\/ar\/wp-json\/wp\/v2\/product_brand?post=8302"},{"taxonomy":"product_cat","embeddable":true,"href":"https:\/\/espacetechnologie.ma\/ar\/wp-json\/wp\/v2\/product_cat?post=8302"},{"taxonomy":"product_tag","embeddable":true,"href":"https:\/\/espacetechnologie.ma\/ar\/wp-json\/wp\/v2\/product_tag?post=8302"}],"curies":[{"name":"wp","href":"https:\/\/api.w.org\/{rel}","templated":true}]}}