{"id":8293,"date":"2025-07-09T07:54:03","date_gmt":"2025-07-09T06:54:03","guid":{"rendered":"https:\/\/espacetechnologie.ma\/product\/sh-ecouteur-stereo-basse-pour-les-appareils-ios\/"},"modified":"2025-08-03T07:31:57","modified_gmt":"2025-08-03T06:31:57","slug":"sh-ecouteur-stereo-basse-pour-les-appareils-ios","status":"publish","type":"product","link":"https:\/\/espacetechnologie.ma\/ar\/product\/sh-ecouteur-stereo-basse-pour-les-appareils-ios\/","title":{"rendered":"SH \u00e9couteur st\u00e9r\u00e9o basse pour les appareils IOS"},"content":{"rendered":"<p>Bonne Qualit\u00e9 Sonore<br \/>\nApplicable \u00e0 tous les types de musique, haute fr\u00e9quence transparent clair basse fr\u00e9quence calme et propre<br \/>\nDeux Interfaces<br \/>\nApplicable \u00e0 toutes les appareils IOS<br \/>\nPrise Lightning<br \/>\nConception Unique<br \/>\nConception d&rsquo;apparence de gouttelette d&rsquo;eau, simple et \u00e0 la mode, trois trous sonores rendent la transmission sonore plus directe, les d\u00e9tails montrent la qualit\u00e9.<br \/>\nExp\u00e9rience d&rsquo;appel claire, son surround st\u00e9r\u00e9o, sens clair du niveau d&rsquo;\u00e9coute, performances audio \u00e9quilibr\u00e9es, son vrai<br \/>\nPorter Confortable<br \/>\nConception ergonomique, adapter l&rsquo;oreille pas facile \u00e0 tomber, porter confortable<br \/>\nAvec le contr\u00f4le de fil<br \/>\nContr\u00f4le de fil multifonction int\u00e9gr\u00e9 et microphone clair, facile \u00e0 r\u00e9pondre aux appels, ajuster le volume, contr\u00f4ler la musique, facile \u00e0 utiliser et \u00e0 s&rsquo;inqui\u00e9ter<br \/>\nAugmenter le volume<\/p>\n<p>Pause\/lecture: simple clic<br \/>\nChanson suivante: Double-clic<br \/>\nChanson pr\u00e9c\u00e9dente: Triple clich<\/p>\n<p>R\u00e9duire le volume<br \/>\nRev\u00eatement nanom\u00e9trique conception<br \/>\nLe rev\u00eatement Nano anti-transpiration forme un film protecteur \u00e0 la surface des \u00e9couteurs, emp\u00eachant efficacement l&rsquo;\u00e9rosion de la sueur et les dommages caus\u00e9s par l&rsquo;eau<br \/>\nLa bonne qualit\u00e9 est plus durable<br \/>\nAvec un mat\u00e9riau en cuivre sans oxyg\u00e8ne et une peau TPE douce et \u00e9lastique, la performance de transmission \u00e0 haut rendement est stable et le cordon casque n&rsquo;est pas facile \u00e0 enrouler, ce qui est pratique pour le tri et le stockage<br \/>\nMat\u00e9riau cuivre sans oxyg\u00e8ne: transmission \u00e0 haut rendement<br \/>\nPeau TPE: douce et forte et dure<br \/>\nBo\u00eete de rangement Portable<br \/>\nDesign l\u00e9ger, corps mince ne prend pas de place, mis dans la poche pour transporter avec vous, rendre les voyages sportifs plus confortables.<br \/>\nParam\u00e8tres de produit<br \/>\nSyst\u00e8me Applicable syst\u00e8me illimit\u00e9 1OS10. 0 et syst\u00e8me sup\u00e9rieur<br \/>\nLa prise foudre 3.5mm<br \/>\nAvec contr\u00f4le de fil r\u00e9ponse\/raccrocher\/refuser d&rsquo;\u00e9couter le t\u00e9l\u00e9phone, r\u00e9glage du volume, pause musicale, lecture de musique, derni\u00e8re chanson, chanson suivante<br \/>\nQualit\u00e9 sonore caract\u00e9ristique claire, peut parler, stabilit\u00e9 de la transmission, sensible \u00e0 la cl\u00e9<br \/>\nPrend en charge les p\u00e9riph\u00e9riques de port Lightning suivants:<br \/>\nIPhone: iPhone5\/5 s\/6\/6 s\/6plus\/6 s plus\/se\/7\/8\/XS\/XR&#8230;<br \/>\nIPad: iPad4\/mini\/mini2\/mini3\/mini4\/Air\/Air2\/Pro &#8230;.<br \/>\nIPod: iPod touch5\/6&#8230;<\/p>","protected":false},"excerpt":{"rendered":"<p>Contr\u00f4ler le Volume sur les appels t\u00e9l\u00e9phoniques ou la musique en utilisant le contr\u00f4le du Volume<br \/>\nGrande qualit\u00e9 sonore et r\u00e9ponse basse<br \/>\nCasque mains libres pour t\u00e9l\u00e9phone<br \/>\nDispose d&rsquo;un microphone haute performance<br \/>\nLe micro et la t\u00e9l\u00e9commande sont uniquement pour\u00a0iPhone5\/5 s\/6\/6 s\/6plus\/6 s plus\/se\/7\/8\/XS\/XR&#8230;<br \/>\nIPad: iPad4\/mini\/mini2\/mini3\/mini4\/Air\/Air2\/Pro &#8230;.<br \/>\nIPod: iPod touch5\/6&#8230;<\/p>","protected":false},"featured_media":8292,"comment_status":"open","ping_status":"closed","template":"","meta":{"event_title":"","event_details":"","event_timezone":"","event_gmap":"","event_image":"","event_image_url":"","event_calendar_link":"","event_location":"","event_datetime_with_summary":"","event_datetime":"","event_date_type":"","event_rulesummary":"","event_ticket_rsvp":"","_gspb_post_css":""},"product_brand":[],"product_cat":[107,108],"product_tag":[],"class_list":{"0":"post-8293","1":"product","2":"type-product","3":"status-publish","4":"has-post-thumbnail","6":"product_cat-audio","7":"product_cat-ecouteurs-filaires","9":"first","10":"instock","11":"sale","12":"shipping-taxable","13":"purchasable","14":"product-type-simple"},"jetpack_sharing_enabled":true,"_links":{"self":[{"href":"https:\/\/espacetechnologie.ma\/ar\/wp-json\/wp\/v2\/product\/8293","targetHints":{"allow":["GET"]}}],"collection":[{"href":"https:\/\/espacetechnologie.ma\/ar\/wp-json\/wp\/v2\/product"}],"about":[{"href":"https:\/\/espacetechnologie.ma\/ar\/wp-json\/wp\/v2\/types\/product"}],"replies":[{"embeddable":true,"href":"https:\/\/espacetechnologie.ma\/ar\/wp-json\/wp\/v2\/comments?post=8293"}],"wp:featuredmedia":[{"embeddable":true,"href":"https:\/\/espacetechnologie.ma\/ar\/wp-json\/wp\/v2\/media\/8292"}],"wp:attachment":[{"href":"https:\/\/espacetechnologie.ma\/ar\/wp-json\/wp\/v2\/media?parent=8293"}],"wp:term":[{"taxonomy":"product_brand","embeddable":true,"href":"https:\/\/espacetechnologie.ma\/ar\/wp-json\/wp\/v2\/product_brand?post=8293"},{"taxonomy":"product_cat","embeddable":true,"href":"https:\/\/espacetechnologie.ma\/ar\/wp-json\/wp\/v2\/product_cat?post=8293"},{"taxonomy":"product_tag","embeddable":true,"href":"https:\/\/espacetechnologie.ma\/ar\/wp-json\/wp\/v2\/product_tag?post=8293"}],"curies":[{"name":"wp","href":"https:\/\/api.w.org\/{rel}","templated":true}]}}