{"id":8284,"date":"2025-07-09T07:54:00","date_gmt":"2025-07-09T06:54:00","guid":{"rendered":"https:\/\/espacetechnologie.ma\/product\/hdmi-cable-hdtv-adaptateur-male-a-usb-2-0-male-et-femelle-hdmi-hd-convertisseur-video-pour-tous-les-appareils-ios\/"},"modified":"2025-08-02T14:56:40","modified_gmt":"2025-08-02T13:56:40","slug":"hdmi-cable-hdtv-adaptateur-male-a-usb-2-0-male-et-femelle-hdmi-hd-convertisseur-video-pour-tous-les-appareils-ios","status":"publish","type":"product","link":"https:\/\/espacetechnologie.ma\/ar\/product\/hdmi-cable-hdtv-adaptateur-male-a-usb-2-0-male-et-femelle-hdmi-hd-convertisseur-video-pour-tous-les-appareils-ios\/","title":{"rendered":"HDMI C\u00e2ble HDTV Adaptateur M\u00e2le \u00c0 USB 2.0 M\u00e2le Et Femelle HDMI HD Convertisseur Vid\u00e9o pour tous les appareils iOS"},"content":{"rendered":"<p>Application: projecteur, t\u00e9l\u00e9vision<br \/>\nConnecteur B: Micro USB, HDMI<br \/>\nType: C\u00e2bles USB<br \/>\nVersion: USB 2.0<br \/>\nDiam\u00e8tre ext\u00e9rieur: 1 m<br \/>\nNum\u00e9ro du mod\u00e8le: A100-1044<br \/>\nGenre Homme Femme<br \/>\nFonctionnalit\u00e9: HDMI2.0<br \/>\nEmballage: Double blister<br \/>\nConnecteur A: USB<br \/>\nBlindage: non blind\u00e9<\/p>","protected":false},"excerpt":{"rendered":"<p>Application: projecteur, t\u00e9l\u00e9vision Connecteur B: Micro USB, HDMI Type: C\u00e2bles USB Version: USB 2.0 Diam\u00e8tre ext\u00e9rieur: 1 m Num\u00e9ro du mod\u00e8le: A100-1044 Genre Homme Femme Fonctionnalit\u00e9: HDMI2.0 Emballage: Double blister Connecteur A: USB Blindage: non blind\u00e9<\/p>","protected":false},"featured_media":8283,"comment_status":"open","ping_status":"closed","template":"","meta":{"event_title":"","event_details":"","event_timezone":"","event_gmap":"","event_image":"","event_image_url":"","event_calendar_link":"","event_location":"","event_datetime_with_summary":"","event_datetime":"","event_date_type":"","event_rulesummary":"","event_ticket_rsvp":"","_gspb_post_css":""},"product_brand":[],"product_cat":[124,123],"product_tag":[],"class_list":{"0":"post-8284","1":"product","2":"type-product","3":"status-publish","4":"has-post-thumbnail","6":"product_cat-cables-tv","7":"product_cat-tv","9":"first","10":"instock","11":"sale","12":"shipping-taxable","13":"purchasable","14":"product-type-simple"},"jetpack_sharing_enabled":true,"_links":{"self":[{"href":"https:\/\/espacetechnologie.ma\/ar\/wp-json\/wp\/v2\/product\/8284","targetHints":{"allow":["GET"]}}],"collection":[{"href":"https:\/\/espacetechnologie.ma\/ar\/wp-json\/wp\/v2\/product"}],"about":[{"href":"https:\/\/espacetechnologie.ma\/ar\/wp-json\/wp\/v2\/types\/product"}],"replies":[{"embeddable":true,"href":"https:\/\/espacetechnologie.ma\/ar\/wp-json\/wp\/v2\/comments?post=8284"}],"wp:featuredmedia":[{"embeddable":true,"href":"https:\/\/espacetechnologie.ma\/ar\/wp-json\/wp\/v2\/media\/8283"}],"wp:attachment":[{"href":"https:\/\/espacetechnologie.ma\/ar\/wp-json\/wp\/v2\/media?parent=8284"}],"wp:term":[{"taxonomy":"product_brand","embeddable":true,"href":"https:\/\/espacetechnologie.ma\/ar\/wp-json\/wp\/v2\/product_brand?post=8284"},{"taxonomy":"product_cat","embeddable":true,"href":"https:\/\/espacetechnologie.ma\/ar\/wp-json\/wp\/v2\/product_cat?post=8284"},{"taxonomy":"product_tag","embeddable":true,"href":"https:\/\/espacetechnologie.ma\/ar\/wp-json\/wp\/v2\/product_tag?post=8284"}],"curies":[{"name":"wp","href":"https:\/\/api.w.org\/{rel}","templated":true}]}}