{"id":8274,"date":"2025-07-09T07:53:59","date_gmt":"2025-07-09T06:53:59","guid":{"rendered":"https:\/\/espacetechnologie.ma\/product\/telecommande-vocale-bluetooth-de-remplacement-pour-xiaomi-mi-tv\/"},"modified":"2025-08-02T15:23:26","modified_gmt":"2025-08-02T14:23:26","slug":"telecommande-vocale-bluetooth-de-remplacement-pour-xiaomi-mi-tv","status":"publish","type":"product","link":"https:\/\/espacetechnologie.ma\/ar\/product\/telecommande-vocale-bluetooth-de-remplacement-pour-xiaomi-mi-tv\/","title":{"rendered":"T\u00e9l\u00e9commande vocale Bluetooth de remplacement pour Xiaomi MI TV"},"content":{"rendered":"<p>Nouveau remplacement XMRM-010 pour XIAOMI MI Smart TV Android TV L55MS-5ASP avec t\u00e9l\u00e9commande vocale Bluetooth<\/p>\n<p>Nous le testons avant la livraison pour nous assurer qu&rsquo;il est parfait!<br \/>\nVeuillez suivre les \u00e9tapes pour utiliser la t\u00e9l\u00e9commande pour l&rsquo;appairer avec MI TV:<br \/>\n1. \u00c9teignez la t\u00e9l\u00e9vision et d\u00e9branchez la prise.<br \/>\n2. Notez que vous devez retirer la batterie de l&rsquo;ancienne t\u00e9l\u00e9commande,<br \/>\n3. Ouvrez MI TV et installez la batterie sur la t\u00e9l\u00e9commande,<br \/>\nPaire d&rsquo;une nouvelle t\u00e9l\u00e9commande.Appuyez sur deux boutons en m\u00eame temps.<\/p>\n<p>4. Utilisez la t\u00e9l\u00e9commande pour tester le t\u00e9l\u00e9viseur.<br \/>\n(Veuillez noter que la t\u00e9l\u00e9commande de l&rsquo;article n&rsquo;a qu&rsquo;un seul canal de signal, si votre ancienne t\u00e9l\u00e9commande est utilis\u00e9e,<br \/>\nVeuillez d&rsquo;abord d\u00e9connecter l&rsquo;appareil d&rsquo;origine, vous pouvez retirer la batterie et reconnecter notre t\u00e9l\u00e9commande.<br \/>\nSi la t\u00e9l\u00e9commande d&rsquo;origine peut encore \u00eatre utilis\u00e9e, entrez la connexion de l&rsquo;appareil et ajoutez manuellement la connexion au nouvel appareil.)<br \/>\nDescription du produit:<br \/>\nMod\u00e8le: XMRM-010<br \/>\nCommunication sans fil: IR<br \/>\nCouleur: Noir<br \/>\nMat\u00e9riel: ABS<br \/>\nApplication: T\u00c9L\u00c9VISION L55MS-5ASP<br \/>\nFr\u00e9quence: 2.40GHz &#8211; 2.48GHz<br \/>\nAlimentation: piles AAA 3V \/ 2&#215;1 , 5V (non incluses)<br \/>\nCaract\u00e9ristiques sp\u00e9ciales: microphone int\u00e9gr\u00e9 pour le contr\u00f4le vocal<\/p>\n<p>L&rsquo;appariement de la t\u00e9l\u00e9commande:<br \/>\n1. La condition pr\u00e9alable est que le t\u00e9l\u00e9viseur soit allum\u00e9 au pr\u00e9alable. Comme l&rsquo;allumer avec une nouvelle t\u00e9l\u00e9commande non enregistr\u00e9e n&rsquo;est pas encore possible, le t\u00e9l\u00e9viseur doit d&rsquo;abord \u00eatre d\u00e9marr\u00e9 manuellement en utilisant le petit, interrupteur quelque peu situ\u00e9 au milieu du bas du t\u00e9l\u00e9viseur.<br \/>\nSe rapproche beaucoup de l&rsquo;appareil avec la t\u00e9l\u00e9commande.<br \/>\n2. Vous pouvez maintenant commencer le processus d&rsquo;appairage en appuyant sur le bouton \u00abMi\u00bb (au-dessus du bouton rouge) et le bouton \u00abHOME\u00bb (au-dessus du bouton jaune) ensemble pendant quelques secondes.<br \/>\n3. D\u00e8s que vous entendez un bip, vous pouvez rel\u00e2cher les deux boutons.<\/p>\n<p>Contenu de l&#8217;emballage:<br \/>\n1 x t\u00e9l\u00e9commande (batterie non incluse)<\/p>","protected":false},"excerpt":{"rendered":"<p>Mod\u00e8le: XMRM-010<br \/>\nCommunication sans fil: IR<br \/>\nCouleur: Noir<br \/>\nMat\u00e9riel: ABS<br \/>\nApplication: T\u00c9L\u00c9VISION L55MS-5ASP<br \/>\nFr\u00e9quence: 2.40GHz &#8211; 2.48GHz<br \/>\nAlimentation: piles AAA 3V \/ 2&#215;1 , 5V (non incluses)<br \/>\nCaract\u00e9ristiques sp\u00e9ciales: microphone int\u00e9gr\u00e9 pour le contr\u00f4le vocal<\/p>","protected":false},"featured_media":8273,"comment_status":"open","ping_status":"closed","template":"","meta":{"event_title":"","event_details":"","event_timezone":"","event_gmap":"","event_image":"","event_image_url":"","event_calendar_link":"","event_location":"","event_datetime_with_summary":"","event_datetime":"","event_date_type":"","event_rulesummary":"","event_ticket_rsvp":"","_gspb_post_css":""},"product_brand":[],"product_cat":[125,123],"product_tag":[],"class_list":{"0":"post-8274","1":"product","2":"type-product","3":"status-publish","4":"has-post-thumbnail","6":"product_cat-autres-accessoires-tv","7":"product_cat-tv","9":"first","10":"instock","11":"sale","12":"shipping-taxable","13":"purchasable","14":"product-type-simple"},"jetpack_sharing_enabled":true,"_links":{"self":[{"href":"https:\/\/espacetechnologie.ma\/ar\/wp-json\/wp\/v2\/product\/8274","targetHints":{"allow":["GET"]}}],"collection":[{"href":"https:\/\/espacetechnologie.ma\/ar\/wp-json\/wp\/v2\/product"}],"about":[{"href":"https:\/\/espacetechnologie.ma\/ar\/wp-json\/wp\/v2\/types\/product"}],"replies":[{"embeddable":true,"href":"https:\/\/espacetechnologie.ma\/ar\/wp-json\/wp\/v2\/comments?post=8274"}],"wp:featuredmedia":[{"embeddable":true,"href":"https:\/\/espacetechnologie.ma\/ar\/wp-json\/wp\/v2\/media\/8273"}],"wp:attachment":[{"href":"https:\/\/espacetechnologie.ma\/ar\/wp-json\/wp\/v2\/media?parent=8274"}],"wp:term":[{"taxonomy":"product_brand","embeddable":true,"href":"https:\/\/espacetechnologie.ma\/ar\/wp-json\/wp\/v2\/product_brand?post=8274"},{"taxonomy":"product_cat","embeddable":true,"href":"https:\/\/espacetechnologie.ma\/ar\/wp-json\/wp\/v2\/product_cat?post=8274"},{"taxonomy":"product_tag","embeddable":true,"href":"https:\/\/espacetechnologie.ma\/ar\/wp-json\/wp\/v2\/product_tag?post=8274"}],"curies":[{"name":"wp","href":"https:\/\/api.w.org\/{rel}","templated":true}]}}