{"id":8262,"date":"2025-07-09T07:53:56","date_gmt":"2025-07-09T06:53:56","guid":{"rendered":"https:\/\/espacetechnologie.ma\/product\/%d9%85%d8%ac%d9%85%d9%88%d8%b9%d8%a9-%d8%a5%d8%b6%d8%a7%d8%a1%d8%a9-6%d9%85-x-3-%d9%85-%d8%8c-%d9%86%d8%b8%d8%a7%d9%85-%d8%af%d8%b9%d9%85-%d8%a7%d9%84%d8%ae%d9%84%d9%81%d9%8a%d8%a9-%d8%8c-%d8%b4-2\/"},"modified":"2025-10-23T00:07:24","modified_gmt":"2025-10-22T23:07:24","slug":"%d9%85%d8%ac%d9%85%d9%88%d8%b9%d8%a9-%d8%a5%d8%b6%d8%a7%d8%a1%d8%a9-6%d9%85-x-3-%d9%85-%d8%8c-%d9%86%d8%b8%d8%a7%d9%85-%d8%af%d8%b9%d9%85-%d8%a7%d9%84%d8%ae%d9%84%d9%81%d9%8a%d8%a9-%d8%8c-%d8%b4-2","status":"publish","type":"product","link":"https:\/\/espacetechnologie.ma\/ar\/product\/%d9%85%d8%ac%d9%85%d9%88%d8%b9%d8%a9-%d8%a5%d8%b6%d8%a7%d8%a1%d8%a9-6%d9%85-x-3-%d9%85-%d8%8c-%d9%86%d8%b8%d8%a7%d9%85-%d8%af%d8%b9%d9%85-%d8%a7%d9%84%d8%ae%d9%84%d9%81%d9%8a%d8%a9-%d8%8c-%d8%b4-2\/","title":{"rendered":"\u0645\u062c\u0645\u0648\u0639\u0629 \u0625\u0636\u0627\u0621\u0629 6\u0645 \u00d7 3 \u0645 \u060c \u0646\u0638\u0627\u0645 \u062f\u0639\u0645 \u0627\u0644\u062e\u0644\u0641\u064a\u0629 \u060c \u0634\u0627\u0634\u0629 \u062e\u0644\u0641\u064a\u0629 \u0644\u062a\u0635\u0648\u064a\u0631 \u0645\u0646\u062a\u062c\u0627\u062a \u0627\u0644\u0635\u0648\u0631 \u0648\u0627\u0644\u0641\u064a\u062f\u064a\u0648"},"content":{"rendered":"<p>C&rsquo;est un kit de bo\u00eete \u00e0 lumi\u00e8re d&rsquo;\u00e9clairage photo vid\u00e9o num\u00e9rique parfait.<br \/>\nCe support de toile de fond de 6M * 3M peut \u00eatre utilis\u00e9 pour un studio photo professionnel.<br \/>\nLa toile de fond blanche en coton Polyester de 6M * 3M peut \u00eatre utilis\u00e9e pour la photographie, la vid\u00e9o, la t\u00e9l\u00e9vision et le Portrait.<br \/>\nConvenable \u00e0 l&rsquo;ampoule de photographie, costume de base E27 pour la plupart des \u00e9quipements d&rsquo;\u00e9clairage.<br \/>\nBo\u00eete \u00e0 lumi\u00e8re \u00e0 t\u00eate de lampe unique de 50x70CM: tissu doux pliable blanc, particule r\u00e9fl\u00e9chissante de haute qualit\u00e9. face interne argent\u00e9e pour minimiser la perte de lumi\u00e8re et maximiser la propagation de la lumi\u00e8re. Fibre de polyester s\u00fbre et non toxique, 4 bielles flexibles.<br \/>\nSupport l\u00e9ger: hauteur pli\u00e9e 27 pouces (68cm), hauteur de travail 79 pouces (200cm). Haute qualit\u00e9, stable et durable, facile \u00e0 installer et \u00e0 utiliser. Ampoule:<br \/>\n(Exp\u00e9dition depuis la chine, le watt d&rsquo;ampoule est de 30W)<br \/>\n(Exp\u00e9dition depuis la russie, le watt d&rsquo;ampoule est de 20W)<br \/>\nSac Oxford: peut contenir toutes les pi\u00e8ces du produit, facile \u00e0 transporter.<br \/>\nContenu du produit:<br \/>\nSupport de fond 3M * 3 M<br \/>\nToile de fond blanche en mousseline de polyester 6 M * 3 M<br \/>\nSupport de lumi\u00e8re 2m  -x2<br \/>\n2 x bo\u00eete \u00e0 lumi\u00e8re de support de lampe simple<br \/>\nAmpoule LED 2&#215;30 W<br \/>\n(Exp\u00e9dition depuis la chine, le watt d&rsquo;ampoule est de 30W)<br \/>\n(Exp\u00e9dition depuis la russie, le watt d&rsquo;ampoule est de 20W)<br \/>\n(Exp\u00e9dition depuis l&rsquo;allemagne, le watt d&rsquo;ampoule est de 20W)<br \/>\n4x Pince En Plastique<br \/>\n2 x Toile de Fond clip<\/p>","protected":false},"excerpt":{"rendered":"<p>\u2022Support de fond  2<br \/>\n\u2022Toile de fond blanche en mousseline de polyester 6M * 3M<br \/>\n\u2022Support de lumi\u00e8re 2&#215;2 M<br \/>\n\u20222 x bo\u00eete \u00e0 lumi\u00e8re de support de lampe simple<br \/>\n\u2022Ampoule LED x 2<br \/>\n\u20222 x Pince En Plastique<\/p>","protected":false},"featured_media":8261,"comment_status":"open","ping_status":"closed","template":"","meta":{"event_title":"","event_details":"","event_timezone":"","event_gmap":"","event_image":"","event_image_url":"","event_calendar_link":"","event_location":"","event_datetime_with_summary":"","event_datetime":"","event_date_type":"","event_rulesummary":"","event_ticket_rsvp":"","_gspb_post_css":""},"product_brand":[],"product_cat":[119,117,116],"product_tag":[],"class_list":{"0":"post-8262","1":"product","2":"type-product","3":"status-publish","4":"has-post-thumbnail","6":"product_cat-accessoires-studio","7":"product_cat-eclairage-et-ring-lights","8":"product_cat-studio","10":"first","11":"instock","12":"sale","13":"featured","14":"shipping-taxable","15":"purchasable","16":"product-type-simple"},"jetpack_sharing_enabled":true,"_links":{"self":[{"href":"https:\/\/espacetechnologie.ma\/ar\/wp-json\/wp\/v2\/product\/8262","targetHints":{"allow":["GET"]}}],"collection":[{"href":"https:\/\/espacetechnologie.ma\/ar\/wp-json\/wp\/v2\/product"}],"about":[{"href":"https:\/\/espacetechnologie.ma\/ar\/wp-json\/wp\/v2\/types\/product"}],"replies":[{"embeddable":true,"href":"https:\/\/espacetechnologie.ma\/ar\/wp-json\/wp\/v2\/comments?post=8262"}],"wp:featuredmedia":[{"embeddable":true,"href":"https:\/\/espacetechnologie.ma\/ar\/wp-json\/wp\/v2\/media\/8261"}],"wp:attachment":[{"href":"https:\/\/espacetechnologie.ma\/ar\/wp-json\/wp\/v2\/media?parent=8262"}],"wp:term":[{"taxonomy":"product_brand","embeddable":true,"href":"https:\/\/espacetechnologie.ma\/ar\/wp-json\/wp\/v2\/product_brand?post=8262"},{"taxonomy":"product_cat","embeddable":true,"href":"https:\/\/espacetechnologie.ma\/ar\/wp-json\/wp\/v2\/product_cat?post=8262"},{"taxonomy":"product_tag","embeddable":true,"href":"https:\/\/espacetechnologie.ma\/ar\/wp-json\/wp\/v2\/product_tag?post=8262"}],"curies":[{"name":"wp","href":"https:\/\/api.w.org\/{rel}","templated":true}]}}