{"id":8249,"date":"2025-07-09T07:53:53","date_gmt":"2025-07-09T06:53:53","guid":{"rendered":"https:\/\/espacetechnologie.ma\/product\/microphone-cravate-typ-c-sans-fil-a-reduction-de-bruit-avec-baie-de-charge\/"},"modified":"2025-08-02T15:44:16","modified_gmt":"2025-08-02T14:44:16","slug":"microphone-cravate-typ-c-sans-fil-a-reduction-de-bruit-avec-baie-de-charge","status":"publish","type":"product","link":"https:\/\/espacetechnologie.ma\/ar\/product\/microphone-cravate-typ-c-sans-fil-a-reduction-de-bruit-avec-baie-de-charge\/","title":{"rendered":"Microphone cravate Typ-C sans fil \u00e0 r\u00e9duction de bruit avec baie de charge"},"content":{"rendered":"<p>\u2022 Microphone \u00e0 collier sans fil:Profitez d&rsquo;un enregistrement mains libres avec ce microphone \u00e0 collier sans fil qui capture un son clair sans avoir besoin de c\u00e2bles ou de fils.<br \/>\nEffet de r\u00e9verb\u00e9ration, qualit\u00e9 sonore haute fid\u00e9lit\u00e9, restauration en profondeur du son original de haute qualit\u00e9<br \/>\nSurveillance de la r\u00e9troaction de l&rsquo;oreille, diffusion en direct librement<br \/>\nGlisser la laisse 30 m\u00e8tres barri\u00e8re-freeconnection<br \/>\n1 seconde pour comprendre comment utiliser<br \/>\nMicrophone \u00e0 pince sans fil professionnel<br \/>\nProfession + concentration\/nouvelle exp\u00e9rience<br \/>\nConception innovatrice ofintelligent chargingbin<br \/>\nQualit\u00e9 sonore haute fid\u00e9lit\u00e9 sans perte de microphone professionnel<br \/>\nDouble microphone actif noisereduction<br \/>\nCompatible avec l&rsquo;\u00e9quipement grand public sur le march\u00e9.<br \/>\nMicros surround \u00e0 double diaphragme 360<br \/>\nMini design, facile \u00e0 porter.<\/p>","protected":false},"excerpt":{"rendered":"<p>Sp\u00e9cification<br \/>\nBluetooth: 5.0<br \/>\nCouleur: Noir<br \/>\nTaille du produit: 12.1*8.1*3.1cm<br \/>\nBatterie, microphone 120 mah baie de charge 350<\/p>","protected":false},"featured_media":8248,"comment_status":"open","ping_status":"closed","template":"","meta":{"event_title":"","event_details":"","event_timezone":"","event_gmap":"","event_image":"","event_image_url":"","event_calendar_link":"","event_location":"","event_datetime_with_summary":"","event_datetime":"","event_date_type":"","event_rulesummary":"","event_ticket_rsvp":"","_gspb_post_css":""},"product_brand":[],"product_cat":[107,111],"product_tag":[],"class_list":{"0":"post-8249","1":"product","2":"type-product","3":"status-publish","4":"has-post-thumbnail","6":"product_cat-audio","7":"product_cat-microphones","9":"first","10":"instock","11":"sale","12":"shipping-taxable","13":"purchasable","14":"product-type-simple"},"jetpack_sharing_enabled":true,"_links":{"self":[{"href":"https:\/\/espacetechnologie.ma\/ar\/wp-json\/wp\/v2\/product\/8249","targetHints":{"allow":["GET"]}}],"collection":[{"href":"https:\/\/espacetechnologie.ma\/ar\/wp-json\/wp\/v2\/product"}],"about":[{"href":"https:\/\/espacetechnologie.ma\/ar\/wp-json\/wp\/v2\/types\/product"}],"replies":[{"embeddable":true,"href":"https:\/\/espacetechnologie.ma\/ar\/wp-json\/wp\/v2\/comments?post=8249"}],"wp:featuredmedia":[{"embeddable":true,"href":"https:\/\/espacetechnologie.ma\/ar\/wp-json\/wp\/v2\/media\/8248"}],"wp:attachment":[{"href":"https:\/\/espacetechnologie.ma\/ar\/wp-json\/wp\/v2\/media?parent=8249"}],"wp:term":[{"taxonomy":"product_brand","embeddable":true,"href":"https:\/\/espacetechnologie.ma\/ar\/wp-json\/wp\/v2\/product_brand?post=8249"},{"taxonomy":"product_cat","embeddable":true,"href":"https:\/\/espacetechnologie.ma\/ar\/wp-json\/wp\/v2\/product_cat?post=8249"},{"taxonomy":"product_tag","embeddable":true,"href":"https:\/\/espacetechnologie.ma\/ar\/wp-json\/wp\/v2\/product_tag?post=8249"}],"curies":[{"name":"wp","href":"https:\/\/api.w.org\/{rel}","templated":true}]}}