{"id":8242,"date":"2025-07-09T07:53:52","date_gmt":"2025-07-09T06:53:52","guid":{"rendered":"https:\/\/espacetechnologie.ma\/product\/%d9%85%d9%8a%d9%83%d8%b1%d9%88%d9%81%d9%88%d9%86%d8%a7%d8%aa-%d9%84%d8%a7%d8%b3%d9%84%d9%83%d9%8a%d8%a9-%d9%85%d8%aa%d8%b9%d8%af%d8%af%d8%a9-%d8%a7%d9%84%d9%88%d8%b8%d8%a7%d8%a6%d9%81-%d9%84%d8%aa\/"},"modified":"2025-11-01T18:14:16","modified_gmt":"2025-11-01T17:14:16","slug":"%d9%85%d9%8a%d9%83%d8%b1%d9%88%d9%81%d9%88%d9%86%d8%a7%d8%aa-%d9%84%d8%a7%d8%b3%d9%84%d9%83%d9%8a%d8%a9-%d9%85%d8%aa%d8%b9%d8%af%d8%af%d8%a9-%d8%a7%d9%84%d9%88%d8%b8%d8%a7%d8%a6%d9%81-%d9%84%d8%aa","status":"publish","type":"product","link":"https:\/\/espacetechnologie.ma\/ar\/product\/%d9%85%d9%8a%d9%83%d8%b1%d9%88%d9%81%d9%88%d9%86%d8%a7%d8%aa-%d9%84%d8%a7%d8%b3%d9%84%d9%83%d9%8a%d8%a9-%d9%85%d8%aa%d8%b9%d8%af%d8%af%d8%a9-%d8%a7%d9%84%d9%88%d8%b8%d8%a7%d8%a6%d9%81-%d9%84%d8%aa\/","title":{"rendered":"\u0645\u064a\u0643\u0631\u0648\u0641\u0648\u0646\u0627\u062a \u0644\u0627\u0633\u0644\u0643\u064a\u0629 \u0645\u062a\u0639\u062f\u062f\u0629 \u0627\u0644\u0648\u0638\u0627\u0626\u0641 \u0644\u062a\u0642\u0644\u064a\u0644 \u0627\u0644\u0636\u0648\u0636\u0627\u0621 \u0645\u062a\u0648\u0627\u0641\u0642\u0629 \u0645\u0639 \u062c\u0645\u064a\u0639 \u0627\u0644\u0623\u0646\u0638\u0645\u0629"},"content":{"rendered":"<p>Nom: microphone sans fil<br \/>\nVersion sans fil: 2.4G\/compatibilit\u00e9 Bluetooth 4.2<br \/>\nDistance de r\u00e9ception: 20-25M sans obstacle<br \/>\nCapacit\u00e9 de la batterie: 350mAh (contenant)<br \/>\nRapport de signal: 90db<br \/>\nGamme de fr\u00e9quences: nouvelle transmission sans fil<br \/>\nPlage de fr\u00e9quence: 35Hz-20KHz<br \/>\nType de direction: omnidirectionnel<br \/>\nTemps de charge: environ 2H<br \/>\nTemps de travail: environ 12h<br \/>\nPort de charge: Type-C<br \/>\nApplicable: Type-C<br \/>\nEntr\u00e9e nominale: DC5V\/500MA<br \/>\nTaille: 47*43*10.6mm\/1.85<br \/>\nCouleur: noir<\/p>","protected":false},"excerpt":{"rendered":"<p>Nom: microphone sans fil Version sans fil: 2.4G\/compatibilit\u00e9 Bluetooth 4.2 Distance de r\u00e9ception: 20-25M sans obstacle Capacit\u00e9 de la batterie: 350mAh (contenant) Rapport de signal: 90db Gamme de fr\u00e9quences: nouvelle transmission sans fil Plage de fr\u00e9quence: 35Hz-20KHz Type de direction: omnidirectionnel Temps de charge: environ 2H Temps de travail: environ 12h Port de charge: Type-C [&hellip;]<\/p>\n","protected":false},"featured_media":8241,"comment_status":"open","ping_status":"closed","template":"","meta":{"event_title":"","event_details":"","event_timezone":"","event_gmap":"","event_image":"","event_image_url":"","event_calendar_link":"","event_location":"","event_datetime_with_summary":"","event_datetime":"","event_date_type":"","event_rulesummary":"","event_ticket_rsvp":"","_gspb_post_css":""},"product_brand":[],"product_cat":[107,111],"product_tag":[],"class_list":{"0":"post-8242","1":"product","2":"type-product","3":"status-publish","4":"has-post-thumbnail","6":"product_cat-audio","7":"product_cat-microphones","9":"first","10":"instock","11":"sale","12":"featured","13":"shipping-taxable","14":"purchasable","15":"product-type-simple"},"jetpack_sharing_enabled":true,"_links":{"self":[{"href":"https:\/\/espacetechnologie.ma\/ar\/wp-json\/wp\/v2\/product\/8242","targetHints":{"allow":["GET"]}}],"collection":[{"href":"https:\/\/espacetechnologie.ma\/ar\/wp-json\/wp\/v2\/product"}],"about":[{"href":"https:\/\/espacetechnologie.ma\/ar\/wp-json\/wp\/v2\/types\/product"}],"replies":[{"embeddable":true,"href":"https:\/\/espacetechnologie.ma\/ar\/wp-json\/wp\/v2\/comments?post=8242"}],"wp:featuredmedia":[{"embeddable":true,"href":"https:\/\/espacetechnologie.ma\/ar\/wp-json\/wp\/v2\/media\/8241"}],"wp:attachment":[{"href":"https:\/\/espacetechnologie.ma\/ar\/wp-json\/wp\/v2\/media?parent=8242"}],"wp:term":[{"taxonomy":"product_brand","embeddable":true,"href":"https:\/\/espacetechnologie.ma\/ar\/wp-json\/wp\/v2\/product_brand?post=8242"},{"taxonomy":"product_cat","embeddable":true,"href":"https:\/\/espacetechnologie.ma\/ar\/wp-json\/wp\/v2\/product_cat?post=8242"},{"taxonomy":"product_tag","embeddable":true,"href":"https:\/\/espacetechnologie.ma\/ar\/wp-json\/wp\/v2\/product_tag?post=8242"}],"curies":[{"name":"wp","href":"https:\/\/api.w.org\/{rel}","templated":true}]}}