{"id":8236,"date":"2025-07-09T07:53:51","date_gmt":"2025-07-09T06:53:51","guid":{"rendered":"https:\/\/espacetechnologie.ma\/product\/controleur-de-telecommande-durable-de-remplacement-pour-apple-tv1-tv2-tv3\/"},"modified":"2025-08-03T06:43:15","modified_gmt":"2025-08-03T05:43:15","slug":"controleur-de-telecommande-durable-de-remplacement-pour-apple-tv1-tv2-tv3","status":"publish","type":"product","link":"https:\/\/espacetechnologie.ma\/ar\/product\/controleur-de-telecommande-durable-de-remplacement-pour-apple-tv1-tv2-tv3\/","title":{"rendered":"Contr\u00f4leur de t\u00e9l\u00e9commande durable de remplacement pour Apple TV1 \/ TV2 \/ TV3"},"content":{"rendered":"<p>Cette t\u00e9l\u00e9commande peut convenir \u00e0 Apple TV1 TV2 TV3.<br \/>\nAucune programmation ou configuration requise. Requiert 1 x pile bouton CR2032 (non incluse).<br \/>\nDistance de transmission suppl\u00e9mentaire, performances stables. Conserve les codes lors du remplacement des piles.<br \/>\nFacile \u00e0 saisir, taille petite et compacte. Touches de navigation de menu d\u00e9di\u00e9es, acc\u00e8s direct aux cha\u00eenes pour la t\u00e9l\u00e9vision num\u00e9rique.<\/p>","protected":false},"excerpt":{"rendered":"<p>Cette t\u00e9l\u00e9commande peut convenir \u00e0 Apple TV1 TV2 TV3. Aucune programmation ou configuration requise. Requiert 1 x pile bouton CR2032 (non incluse). Distance de transmission suppl\u00e9mentaire, performances stables. Conserve les codes lors du remplacement des piles. Facile \u00e0 saisir, taille petite et compacte. Touches de navigation de menu d\u00e9di\u00e9es, acc\u00e8s direct aux cha\u00eenes pour la [&hellip;]<\/p>\n","protected":false},"featured_media":8235,"comment_status":"open","ping_status":"closed","template":"","meta":{"event_title":"","event_details":"","event_timezone":"","event_gmap":"","event_image":"","event_image_url":"","event_calendar_link":"","event_location":"","event_datetime_with_summary":"","event_datetime":"","event_date_type":"","event_rulesummary":"","event_ticket_rsvp":"","_gspb_post_css":""},"product_brand":[],"product_cat":[125,123],"product_tag":[],"class_list":{"0":"post-8236","1":"product","2":"type-product","3":"status-publish","4":"has-post-thumbnail","6":"product_cat-autres-accessoires-tv","7":"product_cat-tv","9":"first","10":"instock","11":"sale","12":"shipping-taxable","13":"purchasable","14":"product-type-simple"},"jetpack_sharing_enabled":true,"_links":{"self":[{"href":"https:\/\/espacetechnologie.ma\/ar\/wp-json\/wp\/v2\/product\/8236","targetHints":{"allow":["GET"]}}],"collection":[{"href":"https:\/\/espacetechnologie.ma\/ar\/wp-json\/wp\/v2\/product"}],"about":[{"href":"https:\/\/espacetechnologie.ma\/ar\/wp-json\/wp\/v2\/types\/product"}],"replies":[{"embeddable":true,"href":"https:\/\/espacetechnologie.ma\/ar\/wp-json\/wp\/v2\/comments?post=8236"}],"wp:featuredmedia":[{"embeddable":true,"href":"https:\/\/espacetechnologie.ma\/ar\/wp-json\/wp\/v2\/media\/8235"}],"wp:attachment":[{"href":"https:\/\/espacetechnologie.ma\/ar\/wp-json\/wp\/v2\/media?parent=8236"}],"wp:term":[{"taxonomy":"product_brand","embeddable":true,"href":"https:\/\/espacetechnologie.ma\/ar\/wp-json\/wp\/v2\/product_brand?post=8236"},{"taxonomy":"product_cat","embeddable":true,"href":"https:\/\/espacetechnologie.ma\/ar\/wp-json\/wp\/v2\/product_cat?post=8236"},{"taxonomy":"product_tag","embeddable":true,"href":"https:\/\/espacetechnologie.ma\/ar\/wp-json\/wp\/v2\/product_tag?post=8236"}],"curies":[{"name":"wp","href":"https:\/\/api.w.org\/{rel}","templated":true}]}}