{"id":8233,"date":"2025-07-09T07:53:51","date_gmt":"2025-07-09T06:53:51","guid":{"rendered":"https:\/\/espacetechnologie.ma\/product\/%d8%a7%d8%b3%d8%aa%d8%a8%d8%af%d8%a7%d9%84-%d8%ac%d9%87%d8%a7%d8%b2-%d8%a7%d9%84%d8%aa%d8%ad%d9%83%d9%85-%d8%b9%d9%86-%d8%a8%d8%b9%d8%af-%d9%84%d9%80-%d8%aa%d9%84%d9%81%d8%b2%d9%8a%d9%88%d9%86-%d8%b3\/"},"modified":"2025-08-03T07:58:44","modified_gmt":"2025-08-03T06:58:44","slug":"%d8%a7%d8%b3%d8%aa%d8%a8%d8%af%d8%a7%d9%84-%d8%ac%d9%87%d8%a7%d8%b2-%d8%a7%d9%84%d8%aa%d8%ad%d9%83%d9%85-%d8%b9%d9%86-%d8%a8%d8%b9%d8%af-%d9%84%d9%80-%d8%aa%d9%84%d9%81%d8%b2%d9%8a%d9%88%d9%86-%d8%b3","status":"publish","type":"product","link":"https:\/\/espacetechnologie.ma\/ar\/product\/%d8%a7%d8%b3%d8%aa%d8%a8%d8%af%d8%a7%d9%84-%d8%ac%d9%87%d8%a7%d8%b2-%d8%a7%d9%84%d8%aa%d8%ad%d9%83%d9%85-%d8%b9%d9%86-%d8%a8%d8%b9%d8%af-%d9%84%d9%80-%d8%aa%d9%84%d9%81%d8%b2%d9%8a%d9%88%d9%86-%d8%b3\/","title":{"rendered":"\u0627\u0633\u062a\u0628\u062f\u0627\u0644 \u062c\u0647\u0627\u0632 \u0627\u0644\u062a\u062d\u0643\u0645 \u0639\u0646 \u0628\u0639\u062f \u0644\u0640 (\u062a\u0644\u0641\u0632\u064a\u0648\u0646 \u0633\u0627\u0645\u0633\u0648\u0646\u062c \u0627\u0644\u0630\u0643\u064a)"},"content":{"rendered":"<p>Utilisation: T\u00c9L\u00c9VISION<br \/>\nFr\u00e9quence: 433 MHz<br \/>\nCanal: 1<br \/>\nNum\u00e9ro de mod\u00e8le: t\u00e9l\u00e9commande pour Samsung TV LED<br \/>\nCouleurs: noir (montr\u00e9 comme images)<br \/>\nTaille: 175*45*20mm\/6.89*1.77*0.79 pouces (environ)<br \/>\nType 1: pour t\u00e9l\u00e9commande universelle Samsung TV anglaise<br \/>\nType 2: pour Samsung AA5900786A t\u00e9l\u00e9commande<br \/>\nUtilisation de la t\u00e9l\u00e9commande intelligente pour Samsung TV Smart TV LED AA59-00786A.<br \/>\nT\u00e9l\u00e9commande anglaise de remplacement universelle.<br \/>\nT\u00e9l\u00e9commande robuste avec boutons fermes qui ne se portent pas facilement.<br \/>\nMod\u00e8le Exact AA59-00786A.<br \/>\nSatisfaction et plaisir \u00e0 port\u00e9e de main.<br \/>\nAUCUNE programmation requise.<br \/>\nConseil: cette t\u00e9l\u00e9commande est sans les piles.<br \/>\nMod\u00e8les compatibles:<br \/>\nAA59-00786A<br \/>\nTM1240 PS51F5500AW, PS51F8590SL, UA40F6400AM, UA55F6400AM,<br \/>\nUE32F6330AK, UE32F6400AK, UE32F6400AW, UE32F6470SS, UE32F6800AB,<br \/>\nUE32F6800SB, UE40F6330AK, UE40F6400AK, UE40F6400AW, UE40F6470SS,<br \/>\nUE40F6500AB, UE40F6500SB, UE40F6500SS, UE40F6670SB, UE40F6740SB,<br \/>\nUE40F6740SS, UE40F6800SB, UE40F6800SS, UE40F7000SL, UE40F7000ST,<br \/>\nUE40F7080ST, UE40F7090SL, UE40F8000AT, UE40F8000SL, UE40F8000ST,<br \/>\nUE40F8005ST, UE40F8090SL, UE46F6330AK, UE46F6400AK, UE46F6400AW, U<br \/>\nE46F6470SS, UE46F6500SB, UE46F6500SS, UE46F6640SS, UE46F6670SB,<br \/>\nUE46F6740SB, UE46F6740SS, UE46F6750SS, UE46F6800SB, UE46F6800SS,<br \/>\nUE46F6890SS, UE46F7000AT, UE46F7000SL, UE46F7000ST, UE46F7090SL,<br \/>\nUE46F8000AT, UE46F8000SL, UE46F8000ST, UE46F8005ST, UE46F8080ST,<br \/>\nUE46F8090SL, UE50F6400AK, UE55F6400AK, UE55F6400AW, UE55F6470SS,<br \/>\nUE55F6500SB, UE55F6500SS, UE55F6640SS, UE55F6650SB, UE55F6670SB,<br \/>\nUE55F6740SB, UE55F6750SS, UE55F6770SS, UE55F6800SB, UE55F7000SL,<br \/>\nUE55F7000ST, UE55F7005ST, UE55F7090SL, UE55F8000SL, UE55F8000ST,<br \/>\nUE55F8005ST, UE55F8080ST, UE55F8090SL, UE40F6640SB, UE46F6640SB,<br \/>\nUE46F6650SB, UE46F6750SB, UE46F6770SB, UE55F6640SB, UE55F6750SB,<br \/>\nUE65F6400AK, PS60F5500AW, UE60F7000SLXXH<br \/>\nQuantit\u00e9: 1 PC (d&rsquo;autres accessoires d\u00e9mo dans l&rsquo;image ne sont pas inclus)<\/p>","protected":false},"excerpt":{"rendered":"<p>. TV t\u00e9l\u00e9commande \u00a0compatible avec la plupart de \u00a0t\u00e9l\u00e9viseurs LED ou plasma sous la marque pour Samsung.<br \/>\n. aucune programmation ou configuration requise.<br \/>\n. touches de navigation de menu d\u00e9di\u00e9es, acc\u00e8s direct au canal pour la t\u00e9l\u00e9vision num\u00e9rique.<br \/>\n. n\u00e9cessite 2 piles<br \/>\n. c&rsquo;est la t\u00e9l\u00e9commande de remplacement d\u00e9di\u00e9e et elle couvre toutes les fonctions de la t\u00e9l\u00e9commande d&rsquo;origine<\/p>","protected":false},"featured_media":8232,"comment_status":"open","ping_status":"closed","template":"","meta":{"event_title":"","event_details":"","event_timezone":"","event_gmap":"","event_image":"","event_image_url":"","event_calendar_link":"","event_location":"","event_datetime_with_summary":"","event_datetime":"","event_date_type":"","event_rulesummary":"","_gspb_post_css":""},"product_brand":[],"product_cat":[125,123],"product_tag":[],"class_list":{"0":"post-8233","1":"product","2":"type-product","3":"status-publish","4":"has-post-thumbnail","6":"product_cat-autres-accessoires-tv","7":"product_cat-tv","9":"first","10":"instock","11":"sale","12":"shipping-taxable","13":"purchasable","14":"product-type-simple"},"jetpack_sharing_enabled":true,"_links":{"self":[{"href":"https:\/\/espacetechnologie.ma\/ar\/wp-json\/wp\/v2\/product\/8233","targetHints":{"allow":["GET"]}}],"collection":[{"href":"https:\/\/espacetechnologie.ma\/ar\/wp-json\/wp\/v2\/product"}],"about":[{"href":"https:\/\/espacetechnologie.ma\/ar\/wp-json\/wp\/v2\/types\/product"}],"replies":[{"embeddable":true,"href":"https:\/\/espacetechnologie.ma\/ar\/wp-json\/wp\/v2\/comments?post=8233"}],"wp:featuredmedia":[{"embeddable":true,"href":"https:\/\/espacetechnologie.ma\/ar\/wp-json\/wp\/v2\/media\/8232"}],"wp:attachment":[{"href":"https:\/\/espacetechnologie.ma\/ar\/wp-json\/wp\/v2\/media?parent=8233"}],"wp:term":[{"taxonomy":"product_brand","embeddable":true,"href":"https:\/\/espacetechnologie.ma\/ar\/wp-json\/wp\/v2\/product_brand?post=8233"},{"taxonomy":"product_cat","embeddable":true,"href":"https:\/\/espacetechnologie.ma\/ar\/wp-json\/wp\/v2\/product_cat?post=8233"},{"taxonomy":"product_tag","embeddable":true,"href":"https:\/\/espacetechnologie.ma\/ar\/wp-json\/wp\/v2\/product_tag?post=8233"}],"curies":[{"name":"wp","href":"https:\/\/api.w.org\/{rel}","templated":true}]}}