{"id":8216,"date":"2025-07-09T07:53:47","date_gmt":"2025-07-09T06:53:47","guid":{"rendered":"https:\/\/espacetechnologie.ma\/product\/camera-de-surveillance-panoramique-ip-wifi-hd-1080p\/"},"modified":"2025-08-02T13:24:23","modified_gmt":"2025-08-02T12:24:23","slug":"camera-de-surveillance-panoramique-ip-wifi-hd-1080p","status":"publish","type":"product","link":"https:\/\/espacetechnologie.ma\/ar\/product\/camera-de-surveillance-panoramique-ip-wifi-hd-1080p\/","title":{"rendered":"Cam\u00e9ra de surveillance panoramique IP WiFi HD 1080P"},"content":{"rendered":"<p>Param\u00e8tre technique<br \/>\nPlateforme: 360 yeux. club<br \/>\nCapteur d&rsquo;image: CMOS \u00e0 balayage progressif 1\/3<br \/>\nLentille int\u00e9gr\u00e9e: lentille fisheye 1.44mm,360 degr\u00e9s<br \/>\nAngle de vue: 360 degr\u00e9s<br \/>\nFormat vid\u00e9o manuel: MP4(1280*960P, stockage mobile)<br \/>\nNorme de compression vid\u00e9o: H.264 (stocker dans la carte TF)<br \/>\nNorme de compression Audio: gx711 (stockage dans la carte TF)<br \/>\nFr\u00e9quence d&rsquo;images vid\u00e9o: Maximum 25 images<br \/>\nMode de lecture vid\u00e9o: client Mobile<br \/>\nEntr\u00e9e et sortie Audio: entr\u00e9e: microphone int\u00e9gr\u00e9; Sortie: haut-parleur int\u00e9gr\u00e9<br \/>\nIllumination: 3 pi\u00e8ces Blanc LED, consommation d&rsquo;\u00e9nergie 1W<br \/>\nMode de mise au point: Manuel<br \/>\nStockage Local: carte TF, support maximum 128G<br \/>\nStockage en nuage: Soutien<br \/>\nPrend en charge plusieurs protocoles: TCP\/UDP, IP, HTTP, SMTP, DHCP, DDNS, UPNP, NTP<br \/>\nProtocole WiFi: IEEE<br \/>\nContr\u00f4le vid\u00e9o: Prise en Charge<br \/>\nD\u00e9tection de mouvement: Soutien<br \/>\nAction d&rsquo;alarme: capture d&rsquo;\u00e9cran push client Mobile<br \/>\nParam\u00e8tres utilisateur: partage maximum avec 5 utilisateurs<br \/>\nInterface du syst\u00e8me: E27(Europe), interface TF<br \/>\nTension d&rsquo;alimentation: ca 100 ~ 240V<br \/>\nConsommation \u00e9lectrique:<\/p>","protected":false},"excerpt":{"rendered":"<p>Plateforme: 360 yeux. club<br \/>\nCapteur d&rsquo;image: CMOS \u00e0 balayage progressif 1\/3<br \/>\nLentille int\u00e9gr\u00e9e: lentille fisheye 1.44mm,360 degr\u00e9s<br \/>\nAngle de vue: 360 degr\u00e9s<br \/>\nFormat vid\u00e9o manuel: MP4(1280*960P, stockage mobile)<br \/>\nNorme de compression vid\u00e9o: H.264 (stocker dans la carte TF)<br \/>\nNorme de compression Audio: gx711 (stockage dans la carte TF)<br \/>\nFr\u00e9quence d&rsquo;images vid\u00e9o: Maximum 25 images<br \/>\nMode de lecture vid\u00e9o: client Mobile<br \/>\nEntr\u00e9e et sortie Audio: entr\u00e9e: microphone int\u00e9gr\u00e9; Sortie: haut-parleur int\u00e9gr\u00e9<\/p>","protected":false},"featured_media":8215,"comment_status":"open","ping_status":"closed","template":"","meta":{"event_title":"","event_details":"","event_timezone":"","event_gmap":"","event_image":"","event_image_url":"","event_calendar_link":"","event_location":"","event_datetime_with_summary":"","event_datetime":"","event_date_type":"","event_rulesummary":"","event_ticket_rsvp":"","_gspb_post_css":""},"product_brand":[],"product_cat":[131,132],"product_tag":[],"class_list":{"0":"post-8216","1":"product","2":"type-product","3":"status-publish","4":"has-post-thumbnail","6":"product_cat-cameras","7":"product_cat-cameras-de-surveillance","9":"first","10":"instock","11":"sale","12":"shipping-taxable","13":"purchasable","14":"product-type-simple"},"jetpack_sharing_enabled":true,"_links":{"self":[{"href":"https:\/\/espacetechnologie.ma\/ar\/wp-json\/wp\/v2\/product\/8216","targetHints":{"allow":["GET"]}}],"collection":[{"href":"https:\/\/espacetechnologie.ma\/ar\/wp-json\/wp\/v2\/product"}],"about":[{"href":"https:\/\/espacetechnologie.ma\/ar\/wp-json\/wp\/v2\/types\/product"}],"replies":[{"embeddable":true,"href":"https:\/\/espacetechnologie.ma\/ar\/wp-json\/wp\/v2\/comments?post=8216"}],"wp:featuredmedia":[{"embeddable":true,"href":"https:\/\/espacetechnologie.ma\/ar\/wp-json\/wp\/v2\/media\/8215"}],"wp:attachment":[{"href":"https:\/\/espacetechnologie.ma\/ar\/wp-json\/wp\/v2\/media?parent=8216"}],"wp:term":[{"taxonomy":"product_brand","embeddable":true,"href":"https:\/\/espacetechnologie.ma\/ar\/wp-json\/wp\/v2\/product_brand?post=8216"},{"taxonomy":"product_cat","embeddable":true,"href":"https:\/\/espacetechnologie.ma\/ar\/wp-json\/wp\/v2\/product_cat?post=8216"},{"taxonomy":"product_tag","embeddable":true,"href":"https:\/\/espacetechnologie.ma\/ar\/wp-json\/wp\/v2\/product_tag?post=8216"}],"curies":[{"name":"wp","href":"https:\/\/api.w.org\/{rel}","templated":true}]}}