{"id":8210,"date":"2025-07-09T07:53:46","date_gmt":"2025-07-09T06:53:46","guid":{"rendered":"https:\/\/espacetechnologie.ma\/product\/%d8%b3%d8%a7%d8%b9%d8%a9-%d8%b0%d9%83%d9%8a%d8%a9-%d9%85%d9%82%d8%a7%d9%88%d9%85%d8%a9-%d9%84%d9%84%d9%85%d8%a7%d8%a1-%d9%88%d9%85%d8%b9%d8%af%d9%84-%d8%b6%d8%b1%d8%a8%d8%a7%d8%aa-%d8%a7%d9%84%d9%82\/"},"modified":"2025-08-02T13:29:51","modified_gmt":"2025-08-02T12:29:51","slug":"%d8%b3%d8%a7%d8%b9%d8%a9-%d8%b0%d9%83%d9%8a%d8%a9-%d9%85%d9%82%d8%a7%d9%88%d9%85%d8%a9-%d9%84%d9%84%d9%85%d8%a7%d8%a1-%d9%88%d9%85%d8%b9%d8%af%d9%84-%d8%b6%d8%b1%d8%a8%d8%a7%d8%aa-%d8%a7%d9%84%d9%82","status":"publish","type":"product","link":"https:\/\/espacetechnologie.ma\/ar\/product\/%d8%b3%d8%a7%d8%b9%d8%a9-%d8%b0%d9%83%d9%8a%d8%a9-%d9%85%d9%82%d8%a7%d9%88%d9%85%d8%a9-%d9%84%d9%84%d9%85%d8%a7%d8%a1-%d9%88%d9%85%d8%b9%d8%af%d9%84-%d8%b6%d8%b1%d8%a8%d8%a7%d8%aa-%d8%a7%d9%84%d9%82\/","title":{"rendered":"\u0633\u0627\u0639\u0629 \u0630\u0643\u064a\u0629 \u0645\u0642\u0627\u0648\u0645\u0629 \u0644\u0644\u0645\u0627\u0621 \u0648\u0645\u0639\u062f\u0644 \u0636\u0631\u0628\u0627\u062a \u0627\u0644\u0642\u0644\u0628 \u062c\u064a \u0628\u064a \u0627\u0633 \u0628\u0644\u0648\u062a\u0648\u062b \u0633\u0645\u0627\u0639\u0629 \u0628\u0631\u0648 300"},"content":{"rendered":"<p>Dimensions : 44,5*38,5*11,5 mm<br \/>\nMat\u00e9riau du bo\u00eetier : aluminium<br \/>\nMat\u00e9riau du bracelet : silicone<br \/>\nTaille de l&rsquo;\u00e9cran : 1,7 pouce<br \/>\nR\u00e9solution : 240*280<br \/>\nPuce : MT2502C<br \/>\nAutonomie de la batterie : 7 jours<br \/>\nAPP: RDfit<br \/>\nConfiguration requise : Android 5.0+ \/ IOS 9.0+<\/p>","protected":false},"excerpt":{"rendered":"<p>Dimensions : 44,5*38,5*11,5 mm Mat\u00e9riau du bo\u00eetier : aluminium Mat\u00e9riau du bracelet : silicone Taille de l&rsquo;\u00e9cran : 1,7 pouce R\u00e9solution : 240*280 Puce : MT2502C Autonomie de la batterie : 7 jours APP: RDfit Configuration requise : Android 5.0+ \/ IOS 9.0+<\/p>","protected":false},"featured_media":8209,"comment_status":"open","ping_status":"closed","template":"","meta":{"event_title":"","event_details":"","event_timezone":"","event_gmap":"","event_image":"","event_image_url":"","event_calendar_link":"","event_location":"","event_datetime_with_summary":"","event_datetime":"","event_date_type":"","event_rulesummary":"","event_ticket_rsvp":"","_gspb_post_css":""},"product_brand":[],"product_cat":[95,91],"product_tag":[],"class_list":{"0":"post-8210","1":"product","2":"type-product","3":"status-publish","4":"has-post-thumbnail","6":"product_cat-montres-smartwatch","7":"product_cat-smartwatch","9":"first","10":"instock","11":"sale","12":"shipping-taxable","13":"purchasable","14":"product-type-simple"},"jetpack_sharing_enabled":true,"_links":{"self":[{"href":"https:\/\/espacetechnologie.ma\/ar\/wp-json\/wp\/v2\/product\/8210","targetHints":{"allow":["GET"]}}],"collection":[{"href":"https:\/\/espacetechnologie.ma\/ar\/wp-json\/wp\/v2\/product"}],"about":[{"href":"https:\/\/espacetechnologie.ma\/ar\/wp-json\/wp\/v2\/types\/product"}],"replies":[{"embeddable":true,"href":"https:\/\/espacetechnologie.ma\/ar\/wp-json\/wp\/v2\/comments?post=8210"}],"wp:featuredmedia":[{"embeddable":true,"href":"https:\/\/espacetechnologie.ma\/ar\/wp-json\/wp\/v2\/media\/8209"}],"wp:attachment":[{"href":"https:\/\/espacetechnologie.ma\/ar\/wp-json\/wp\/v2\/media?parent=8210"}],"wp:term":[{"taxonomy":"product_brand","embeddable":true,"href":"https:\/\/espacetechnologie.ma\/ar\/wp-json\/wp\/v2\/product_brand?post=8210"},{"taxonomy":"product_cat","embeddable":true,"href":"https:\/\/espacetechnologie.ma\/ar\/wp-json\/wp\/v2\/product_cat?post=8210"},{"taxonomy":"product_tag","embeddable":true,"href":"https:\/\/espacetechnologie.ma\/ar\/wp-json\/wp\/v2\/product_tag?post=8210"}],"curies":[{"name":"wp","href":"https:\/\/api.w.org\/{rel}","templated":true}]}}