{"id":8208,"date":"2025-07-09T07:53:45","date_gmt":"2025-07-09T06:53:45","guid":{"rendered":"https:\/\/espacetechnologie.ma\/product\/riversong-%d8%b3%d8%a7%d8%b9%d8%a9-%d8%a7%d9%84%d8%b0%d9%83%d9%8a%d8%a9-%d9%85%d8%b9-%d9%85%d8%b1%d8%a7%d9%82%d8%a8-%d9%85%d8%b9%d8%af%d9%84-%d8%b6%d8%b1%d8%a8%d8%a7%d8%aa-%d8%a7%d9%84%d9%82%d9%84\/"},"modified":"2025-08-02T13:33:26","modified_gmt":"2025-08-02T12:33:26","slug":"riversong-%d8%b3%d8%a7%d8%b9%d8%a9-%d8%a7%d9%84%d8%b0%d9%83%d9%8a%d8%a9-%d9%85%d8%b9-%d9%85%d8%b1%d8%a7%d9%82%d8%a8-%d9%85%d8%b9%d8%af%d9%84-%d8%b6%d8%b1%d8%a8%d8%a7%d8%aa-%d8%a7%d9%84%d9%82%d9%84","status":"publish","type":"product","link":"https:\/\/espacetechnologie.ma\/ar\/product\/riversong-%d8%b3%d8%a7%d8%b9%d8%a9-%d8%a7%d9%84%d8%b0%d9%83%d9%8a%d8%a9-%d9%85%d8%b9-%d9%85%d8%b1%d8%a7%d9%82%d8%a8-%d9%85%d8%b9%d8%af%d9%84-%d8%b6%d8%b1%d8%a8%d8%a7%d8%aa-%d8%a7%d9%84%d9%82%d9%84\/","title":{"rendered":"Riversong \u0633\u0627\u0639\u0629 \u0627\u0644\u0630\u0643\u064a\u0629 \u0645\u0639 \u0645\u0631\u0627\u0642\u0628 \u0645\u0639\u062f\u0644 \u0636\u0631\u0628\u0627\u062a \u0627\u0644\u0642\u0644\u0628 \u0648\u0634\u0627\u0634\u0629"},"content":{"rendered":"<p>Produit : Motive 6 Pro<br \/>\nMod\u00e8le : SW62<br \/>\n\u00c9cran : \u00e9cran tactile complet 1,83\u00b0,<br \/>\n\u00c9tanch\u00e9it\u00e9 : IP68<br \/>\nMat\u00e9riau du corps : verre tremp\u00e9 2,5D + PC (processus de pulv\u00e9risation)<br \/>\nDur\u00e9e d&rsquo;utilisation typique : 5 \u00e0 7 jours<br \/>\nPoids brut : 90g<br \/>\nDimensions de la bo\u00eete : 165*85*30mm<br \/>\nCompatibilit\u00e9 : Android 5.1 et sup\u00e9rieur, OS12 et sup\u00e9rieur<br \/>\nQU&rsquo;Y A-T-IL DANS LA BOITE<br \/>\nMontre intelligente, c\u00e2ble de chargement USB, manuel d&rsquo;utilisation, carte de garantie<\/p>","protected":false},"excerpt":{"rendered":"<p>Produit : Motive 6 Pro Mod\u00e8le : SW62 \u00c9cran : \u00e9cran tactile complet 1,83\u00b0, \u00c9tanch\u00e9it\u00e9 : IP68 Mat\u00e9riau du corps : verre tremp\u00e9 2,5D + PC (processus de pulv\u00e9risation) Dur\u00e9e d&rsquo;utilisation typique : 5 \u00e0 7 jours Poids brut : 90g Dimensions de la bo\u00eete : 165*85*30mm Compatibilit\u00e9 : Android 5.1 et sup\u00e9rieur, OS12 et [&hellip;]<\/p>\n","protected":false},"featured_media":8207,"comment_status":"open","ping_status":"closed","template":"","meta":{"event_title":"","event_details":"","event_timezone":"","event_gmap":"","event_image":"","event_image_url":"","event_calendar_link":"","event_location":"","event_datetime_with_summary":"","event_datetime":"","event_date_type":"","event_rulesummary":"","event_ticket_rsvp":"","_gspb_post_css":""},"product_brand":[],"product_cat":[95,91],"product_tag":[],"class_list":{"0":"post-8208","1":"product","2":"type-product","3":"status-publish","4":"has-post-thumbnail","6":"product_cat-montres-smartwatch","7":"product_cat-smartwatch","9":"first","10":"instock","11":"sale","12":"shipping-taxable","13":"purchasable","14":"product-type-simple"},"jetpack_sharing_enabled":true,"_links":{"self":[{"href":"https:\/\/espacetechnologie.ma\/ar\/wp-json\/wp\/v2\/product\/8208","targetHints":{"allow":["GET"]}}],"collection":[{"href":"https:\/\/espacetechnologie.ma\/ar\/wp-json\/wp\/v2\/product"}],"about":[{"href":"https:\/\/espacetechnologie.ma\/ar\/wp-json\/wp\/v2\/types\/product"}],"replies":[{"embeddable":true,"href":"https:\/\/espacetechnologie.ma\/ar\/wp-json\/wp\/v2\/comments?post=8208"}],"wp:featuredmedia":[{"embeddable":true,"href":"https:\/\/espacetechnologie.ma\/ar\/wp-json\/wp\/v2\/media\/8207"}],"wp:attachment":[{"href":"https:\/\/espacetechnologie.ma\/ar\/wp-json\/wp\/v2\/media?parent=8208"}],"wp:term":[{"taxonomy":"product_brand","embeddable":true,"href":"https:\/\/espacetechnologie.ma\/ar\/wp-json\/wp\/v2\/product_brand?post=8208"},{"taxonomy":"product_cat","embeddable":true,"href":"https:\/\/espacetechnologie.ma\/ar\/wp-json\/wp\/v2\/product_cat?post=8208"},{"taxonomy":"product_tag","embeddable":true,"href":"https:\/\/espacetechnologie.ma\/ar\/wp-json\/wp\/v2\/product_tag?post=8208"}],"curies":[{"name":"wp","href":"https:\/\/api.w.org\/{rel}","templated":true}]}}