{"id":8203,"date":"2025-07-09T07:53:44","date_gmt":"2025-07-09T06:53:44","guid":{"rendered":"https:\/\/espacetechnologie.ma\/product\/micro-usb-pour-ordinateur-metal-condensateur-enregistrement\/"},"modified":"2025-08-02T15:11:46","modified_gmt":"2025-08-02T14:11:46","slug":"micro-usb-pour-ordinateur-metal-condensateur-enregistrement","status":"publish","type":"product","link":"https:\/\/espacetechnologie.ma\/ar\/product\/micro-usb-pour-ordinateur-metal-condensateur-enregistrement\/","title":{"rendered":"Micro USB pour ordinateur m\u00e9tal condensateur enregistrement"},"content":{"rendered":"<p>Aper\u00e7u:<br \/>\nCe Microphone est con\u00e7u pour le divertissement vocal en r\u00e9seau par ordinateur portable. Vous donner une excellente exp\u00e9rience dans le chant en r\u00e9seau, le chat vocal, le karaok\u00e9 familial, l&rsquo;enregistrement individuel, etc. Prise et lecture USB.<\/p>\n<p>Caract\u00e9ristiques:<br \/>\nCaract\u00e9ristiques avec bon pointage en forme de coeur, sortie de sensibilit\u00e9 \u00e9lev\u00e9e, faible bruit, large plage dynamique, etc.<br \/>\nLe volume peut \u00eatre contr\u00f4l\u00e9 sur le corps du microphone. Vous pouvez r\u00e9gler le bouton de volume pour contr\u00f4ler le volume.<br \/>\nLe corps principal se compose d&rsquo;un corps noir d\u00e9cent et d&rsquo;un filet en acier noir. Le support \u00e0 pince r\u00e9glable et le tr\u00e9pied sont pour une utilisation pratique.<br \/>\nLe Microphone \u00e0 prise USB est con\u00e7u pour ordinateur de bureau portable. Plug and play, pas besoin de logiciel suppl\u00e9mentaire.<br \/>\nConvient aux studios d&rsquo;enregistrement, \u00e0 la diffusion, aux salles de discussion, aux chansons r\u00e9seau K, etc.<\/p>\n<p>Sp\u00e9cifications:<br \/>\nR\u00e9ponse en fr\u00e9quence: 30Hz-15KHz<br \/>\nDirectivit\u00e9: en forme de coeur<br \/>\nSensibilit\u00e9: -34db + 2db<br \/>\nRapport Signal\/bruit: 78 d\u00e9cibels<br \/>\nInterface: USB 2.0<br \/>\nAlimentation: cc 5V<br \/>\nCompatible avec Windows XP\/Vista\/7\/8\/10\/Mac<br \/>\nMat\u00e9riau: m\u00e9tal, plastique<br \/>\nCouleur: Noir<br \/>\nTaille du Microphone: environ &#038; phi;4.5*13.5cm \/ &#038; phi;1.77 * 5.31in<br \/>\nPoids du micro: env. 170g \/ 5.99oz<\/p>\n<p>Liste de paquet:<br \/>\n1 * Microphone<br \/>\n1 * Support<br \/>\n1 * tr\u00e9pied<br \/>\n1 * C\u00e2ble USB<\/p>","protected":false},"excerpt":{"rendered":"<p>R\u00e9ponse en fr\u00e9quence: 30Hz-20KHz<br \/>\nSensibilit\u00e9: -42db + 2db<br \/>\nAlimentation: cc 5V<br \/>\nInterface: USB 2.0<br \/>\nCompatible avec Windows XP\/Vista\/7\/8\/10\/Mac<br \/>\nTaille du Microphone: environ &#038; phi;4.5*13.5cm<br \/>\nPoids du micro: env. 170g \/ 5.99oz<\/p>","protected":false},"featured_media":8202,"comment_status":"open","ping_status":"closed","template":"","meta":{"event_title":"","event_details":"","event_timezone":"","event_gmap":"","event_image":"","event_image_url":"","event_calendar_link":"","event_location":"","event_datetime_with_summary":"","event_datetime":"","event_date_type":"","event_rulesummary":"","event_ticket_rsvp":"","_gspb_post_css":""},"product_brand":[],"product_cat":[107,111],"product_tag":[],"class_list":{"0":"post-8203","1":"product","2":"type-product","3":"status-publish","4":"has-post-thumbnail","6":"product_cat-audio","7":"product_cat-microphones","9":"first","10":"instock","11":"sale","12":"shipping-taxable","13":"purchasable","14":"product-type-simple"},"jetpack_sharing_enabled":true,"_links":{"self":[{"href":"https:\/\/espacetechnologie.ma\/ar\/wp-json\/wp\/v2\/product\/8203","targetHints":{"allow":["GET"]}}],"collection":[{"href":"https:\/\/espacetechnologie.ma\/ar\/wp-json\/wp\/v2\/product"}],"about":[{"href":"https:\/\/espacetechnologie.ma\/ar\/wp-json\/wp\/v2\/types\/product"}],"replies":[{"embeddable":true,"href":"https:\/\/espacetechnologie.ma\/ar\/wp-json\/wp\/v2\/comments?post=8203"}],"wp:featuredmedia":[{"embeddable":true,"href":"https:\/\/espacetechnologie.ma\/ar\/wp-json\/wp\/v2\/media\/8202"}],"wp:attachment":[{"href":"https:\/\/espacetechnologie.ma\/ar\/wp-json\/wp\/v2\/media?parent=8203"}],"wp:term":[{"taxonomy":"product_brand","embeddable":true,"href":"https:\/\/espacetechnologie.ma\/ar\/wp-json\/wp\/v2\/product_brand?post=8203"},{"taxonomy":"product_cat","embeddable":true,"href":"https:\/\/espacetechnologie.ma\/ar\/wp-json\/wp\/v2\/product_cat?post=8203"},{"taxonomy":"product_tag","embeddable":true,"href":"https:\/\/espacetechnologie.ma\/ar\/wp-json\/wp\/v2\/product_tag?post=8203"}],"curies":[{"name":"wp","href":"https:\/\/api.w.org\/{rel}","templated":true}]}}