{"id":8194,"date":"2025-07-09T07:53:42","date_gmt":"2025-07-09T06:53:42","guid":{"rendered":"https:\/\/espacetechnologie.ma\/product\/lumineux-led-sans-fil-avec-trepied-support-de-telephone-portable\/"},"modified":"2025-08-02T13:14:32","modified_gmt":"2025-08-02T12:14:32","slug":"lumineux-led-sans-fil-avec-trepied-support-de-telephone-portable","status":"publish","type":"product","link":"https:\/\/espacetechnologie.ma\/ar\/product\/lumineux-led-sans-fil-avec-trepied-support-de-telephone-portable\/","title":{"rendered":"lumineux LED sans fil avec tr\u00e9pied, support de t\u00e9l\u00e9phone portable"},"content":{"rendered":"<p>Nom: lampe de support invisible multifonctionnelle<br \/>\nMat\u00e9riau: PC + ABS + alliage de Zinc + alliage d&rsquo;aluminium + TPU<br \/>\nSource de lumi\u00e8re lumineuse: LED \u00e0 \u00e9conomie d&rsquo;\u00e9nergie<br \/>\nTemp\u00e9rature de couleur: 4500K-5500K<br \/>\nCouleur de la lumi\u00e8re: lumi\u00e8re jaune\/lumi\u00e8re blanche\/lumi\u00e8re blanche chaude<br \/>\nTemps d&rsquo;\u00e9clairage: 2h-8h<br \/>\nCapacit\u00e9 de la batterie: 3.7V, 4000 mA<br \/>\nDiam\u00e8tre de l&rsquo;anneau lumineux: 260mm \/ 10.24 pouces<br \/>\nLongueur de stockage: 270*100*75mm \/ 10.63*3.94*2.95 pouces<br \/>\nHauteur \u00e9tendue: 1930mm\/6,33 pieds<br \/>\nCouleur: noir<\/p>","protected":false},"excerpt":{"rendered":"<p>Nom: lampe de support invisible multifonctionnelle Mat\u00e9riau: PC + ABS + alliage de Zinc + alliage d&rsquo;aluminium + TPU Source de lumi\u00e8re lumineuse: LED \u00e0 \u00e9conomie d&rsquo;\u00e9nergie Temp\u00e9rature de couleur: 4500K-5500K Couleur de la lumi\u00e8re: lumi\u00e8re jaune\/lumi\u00e8re blanche\/lumi\u00e8re blanche chaude Temps d&rsquo;\u00e9clairage: 2h-8h Capacit\u00e9 de la batterie: 3.7V, 4000 mA Diam\u00e8tre de l&rsquo;anneau lumineux: 260mm [&hellip;]<\/p>\n","protected":false},"featured_media":8193,"comment_status":"open","ping_status":"closed","template":"","meta":{"event_title":"","event_details":"","event_timezone":"","event_gmap":"","event_image":"","event_image_url":"","event_calendar_link":"","event_location":"","event_datetime_with_summary":"","event_datetime":"","event_date_type":"","event_rulesummary":"","event_ticket_rsvp":"","_gspb_post_css":""},"product_brand":[],"product_cat":[117,116],"product_tag":[],"class_list":{"0":"post-8194","1":"product","2":"type-product","3":"status-publish","4":"has-post-thumbnail","6":"product_cat-eclairage-et-ring-lights","7":"product_cat-studio","9":"first","10":"instock","11":"sale","12":"shipping-taxable","13":"purchasable","14":"product-type-simple"},"jetpack_sharing_enabled":true,"_links":{"self":[{"href":"https:\/\/espacetechnologie.ma\/ar\/wp-json\/wp\/v2\/product\/8194","targetHints":{"allow":["GET"]}}],"collection":[{"href":"https:\/\/espacetechnologie.ma\/ar\/wp-json\/wp\/v2\/product"}],"about":[{"href":"https:\/\/espacetechnologie.ma\/ar\/wp-json\/wp\/v2\/types\/product"}],"replies":[{"embeddable":true,"href":"https:\/\/espacetechnologie.ma\/ar\/wp-json\/wp\/v2\/comments?post=8194"}],"wp:featuredmedia":[{"embeddable":true,"href":"https:\/\/espacetechnologie.ma\/ar\/wp-json\/wp\/v2\/media\/8193"}],"wp:attachment":[{"href":"https:\/\/espacetechnologie.ma\/ar\/wp-json\/wp\/v2\/media?parent=8194"}],"wp:term":[{"taxonomy":"product_brand","embeddable":true,"href":"https:\/\/espacetechnologie.ma\/ar\/wp-json\/wp\/v2\/product_brand?post=8194"},{"taxonomy":"product_cat","embeddable":true,"href":"https:\/\/espacetechnologie.ma\/ar\/wp-json\/wp\/v2\/product_cat?post=8194"},{"taxonomy":"product_tag","embeddable":true,"href":"https:\/\/espacetechnologie.ma\/ar\/wp-json\/wp\/v2\/product_tag?post=8194"}],"curies":[{"name":"wp","href":"https:\/\/api.w.org\/{rel}","templated":true}]}}