{"id":8182,"date":"2025-07-09T07:53:39","date_gmt":"2025-07-09T06:53:39","guid":{"rendered":"https:\/\/espacetechnologie.ma\/product\/reflecteur-led-solaire-exterieur-avec-detecteur-de-mouvement\/"},"modified":"2025-08-02T12:53:22","modified_gmt":"2025-08-02T11:53:22","slug":"reflecteur-led-solaire-exterieur-avec-detecteur-de-mouvement","status":"publish","type":"product","link":"https:\/\/espacetechnologie.ma\/ar\/product\/reflecteur-led-solaire-exterieur-avec-detecteur-de-mouvement\/","title":{"rendered":"R\u00e9flecteur LED solaire ext\u00e9rieur avec d\u00e9tecteur de mouvement"},"content":{"rendered":"<p>Description de l&rsquo;article<br \/>\nCaract\u00e9ristiques<br \/>\nCette lampe murale solaire a une apparence simple et un effet d&rsquo;\u00e9clairage unique, ajoutant de l&rsquo;int\u00e9r\u00eat au mur ext\u00e9rieur.<br \/>\nConception imperm\u00e9able ext\u00e9rieure, repr\u00e9sentation imperm\u00e9able IP65;<br \/>\nSans fil-facile \u00e0 installer et facile \u00e0 enlever;<br \/>\nQualit\u00e9 sup\u00e9rieure, isolation, protection imperm\u00e9able et solaire, bonne transmission de la lumi\u00e8re; le panneau solaire occupe une grande surface, a un taux de conversion \u00e9lev\u00e9 et une vitesse de charge rapide.<br \/>\nLes appliques murales solaires faciles \u00e0 installer peuvent \u00eatre facilement install\u00e9es n&rsquo;importe o\u00f9, parfaites pour les garages, les patios, les jardins, les murs ext\u00e9rieurs, les balcons, les portes, les pelouses, etc.<\/p>","protected":false},"excerpt":{"rendered":"<p>Taille: 36*10.8CM<br \/>\nCouleur: noir<br \/>\nTension: 50W<br \/>\nMat\u00e9riau: ABS<br \/>\nNiveau d&rsquo;\u00e9tanch\u00e9it\u00e9: 1P65<\/p>","protected":false},"featured_media":8181,"comment_status":"open","ping_status":"closed","template":"","meta":{"event_title":"","event_details":"","event_timezone":"","event_gmap":"","event_image":"","event_image_url":"","event_calendar_link":"","event_location":"","event_datetime_with_summary":"","event_datetime":"","event_date_type":"","event_rulesummary":"","event_ticket_rsvp":"","_gspb_post_css":""},"product_brand":[],"product_cat":[82],"product_tag":[],"class_list":{"0":"post-8182","1":"product","2":"type-product","3":"status-publish","4":"has-post-thumbnail","6":"product_cat-gadgets","8":"first","9":"instock","10":"sale","11":"shipping-taxable","12":"purchasable","13":"product-type-simple"},"jetpack_sharing_enabled":true,"_links":{"self":[{"href":"https:\/\/espacetechnologie.ma\/ar\/wp-json\/wp\/v2\/product\/8182","targetHints":{"allow":["GET"]}}],"collection":[{"href":"https:\/\/espacetechnologie.ma\/ar\/wp-json\/wp\/v2\/product"}],"about":[{"href":"https:\/\/espacetechnologie.ma\/ar\/wp-json\/wp\/v2\/types\/product"}],"replies":[{"embeddable":true,"href":"https:\/\/espacetechnologie.ma\/ar\/wp-json\/wp\/v2\/comments?post=8182"}],"wp:featuredmedia":[{"embeddable":true,"href":"https:\/\/espacetechnologie.ma\/ar\/wp-json\/wp\/v2\/media\/8181"}],"wp:attachment":[{"href":"https:\/\/espacetechnologie.ma\/ar\/wp-json\/wp\/v2\/media?parent=8182"}],"wp:term":[{"taxonomy":"product_brand","embeddable":true,"href":"https:\/\/espacetechnologie.ma\/ar\/wp-json\/wp\/v2\/product_brand?post=8182"},{"taxonomy":"product_cat","embeddable":true,"href":"https:\/\/espacetechnologie.ma\/ar\/wp-json\/wp\/v2\/product_cat?post=8182"},{"taxonomy":"product_tag","embeddable":true,"href":"https:\/\/espacetechnologie.ma\/ar\/wp-json\/wp\/v2\/product_tag?post=8182"}],"curies":[{"name":"wp","href":"https:\/\/api.w.org\/{rel}","templated":true}]}}