{"id":8160,"date":"2025-07-09T07:53:34","date_gmt":"2025-07-09T06:53:34","guid":{"rendered":"https:\/\/espacetechnologie.ma\/product\/lampe-deau-salee-portable-a-led-longue-duree-camping-randonnee-survie-en-plein-air\/"},"modified":"2025-08-06T19:38:47","modified_gmt":"2025-08-06T18:38:47","slug":"lampe-deau-salee-portable-a-led-longue-duree-camping-randonnee-survie-en-plein-air","status":"publish","type":"product","link":"https:\/\/espacetechnologie.ma\/ar\/product\/lampe-deau-salee-portable-a-led-longue-duree-camping-randonnee-survie-en-plein-air\/","title":{"rendered":"Lampe d&rsquo;eau sal\u00e9e portable \u00e0 LED longue dur\u00e9e, camping, randonn\u00e9e, survie en plein air"},"content":{"rendered":"<p>Origine: Chine continentale<br \/>\nType: Camping lumi\u00e8re<br \/>\nMat\u00e9riau: ABS<br \/>\nTaille: 20X10cm 7.87\u00d73.94in<br \/>\nCouleur: vert<\/p>","protected":false},"excerpt":{"rendered":"<p>Origine: Chine continentale Type: Camping lumi\u00e8re Mat\u00e9riau: ABS Taille: 20X10cm 7.87\u00d73.94in Couleur: vert<\/p>","protected":false},"featured_media":8159,"comment_status":"open","ping_status":"closed","template":"","meta":{"event_title":"","event_details":"","event_timezone":"","event_gmap":"","event_image":"","event_image_url":"","event_calendar_link":"","event_location":"","event_datetime_with_summary":"","event_datetime":"","event_date_type":"","event_rulesummary":"","event_ticket_rsvp":"","_gspb_post_css":""},"product_brand":[],"product_cat":[82],"product_tag":[],"class_list":{"0":"post-8160","1":"product","2":"type-product","3":"status-publish","4":"has-post-thumbnail","6":"product_cat-gadgets","8":"first","9":"instock","10":"sale","11":"featured","12":"shipping-taxable","13":"purchasable","14":"product-type-simple"},"jetpack_sharing_enabled":true,"_links":{"self":[{"href":"https:\/\/espacetechnologie.ma\/ar\/wp-json\/wp\/v2\/product\/8160","targetHints":{"allow":["GET"]}}],"collection":[{"href":"https:\/\/espacetechnologie.ma\/ar\/wp-json\/wp\/v2\/product"}],"about":[{"href":"https:\/\/espacetechnologie.ma\/ar\/wp-json\/wp\/v2\/types\/product"}],"replies":[{"embeddable":true,"href":"https:\/\/espacetechnologie.ma\/ar\/wp-json\/wp\/v2\/comments?post=8160"}],"wp:featuredmedia":[{"embeddable":true,"href":"https:\/\/espacetechnologie.ma\/ar\/wp-json\/wp\/v2\/media\/8159"}],"wp:attachment":[{"href":"https:\/\/espacetechnologie.ma\/ar\/wp-json\/wp\/v2\/media?parent=8160"}],"wp:term":[{"taxonomy":"product_brand","embeddable":true,"href":"https:\/\/espacetechnologie.ma\/ar\/wp-json\/wp\/v2\/product_brand?post=8160"},{"taxonomy":"product_cat","embeddable":true,"href":"https:\/\/espacetechnologie.ma\/ar\/wp-json\/wp\/v2\/product_cat?post=8160"},{"taxonomy":"product_tag","embeddable":true,"href":"https:\/\/espacetechnologie.ma\/ar\/wp-json\/wp\/v2\/product_tag?post=8160"}],"curies":[{"name":"wp","href":"https:\/\/api.w.org\/{rel}","templated":true}]}}