{"id":8141,"date":"2025-07-09T07:53:30","date_gmt":"2025-07-09T06:53:30","guid":{"rendered":"https:\/\/espacetechnologie.ma\/product\/lampe-de-poche-aste-ultra-injuste-distance-dirradiation-300m-2\/"},"modified":"2025-08-02T12:53:21","modified_gmt":"2025-08-02T11:53:21","slug":"lampe-de-poche-aste-ultra-injuste-distance-dirradiation-300m-2","status":"publish","type":"product","link":"https:\/\/espacetechnologie.ma\/ar\/product\/lampe-de-poche-aste-ultra-injuste-distance-dirradiation-300m-2\/","title":{"rendered":"Lampe de poche aste ultra injuste distance d&rsquo;irradiation 300m"},"content":{"rendered":"<p>Description de l&rsquo;article<br \/>\nDescription:<br \/>\nNom: lampe de poche droite<br \/>\nMod\u00e8le: lampe de poche \u00e0 lumi\u00e8re forte<br \/>\nLED: XHP360x8<br \/>\nLuminosit\u00e9: 4000LM<br \/>\nPuissance 25W<br \/>\nBatterie: 26650 batterie (non incluse)<br \/>\nHeures de travail: 3-8 heures<br \/>\nMat\u00e9riau de la coque: alliage d&rsquo;aluminium<br \/>\n\u00c9quipement: lumi\u00e8re forte, lumi\u00e8re moyenne, lumi\u00e8re faible, flash \u00e9clat\u00e9, SOS<br \/>\nDistance d&rsquo;irradiation: 300M<br \/>\nGrade \u00e9tanche: imperm\u00e9able \u00e0 la pluie<br \/>\nInterface de charge: Port de charge rapide Type-c<br \/>\nTaille du produit: 43x43x130mm<br \/>\nListe d&#8217;emballage<br \/>\n1x lampe de poche droite<br \/>\n1x C\u00e2ble de chargement USB<\/p>","protected":false},"excerpt":{"rendered":"<p>LED: XHP360x8<br \/>\nLuminosit\u00e9: 4000LM<br \/>\nPuissance 25W<br \/>\nBatterie: 26650 batterie (non incluse)<br \/>\nHeures de travail: 3-8 heures<br \/>\nMat\u00e9riau de la coque: alliage d&rsquo;aluminium<\/p>","protected":false},"featured_media":8140,"comment_status":"open","ping_status":"closed","template":"","meta":{"event_title":"","event_details":"","event_timezone":"","event_gmap":"","event_image":"","event_image_url":"","event_calendar_link":"","event_location":"","event_datetime_with_summary":"","event_datetime":"","event_date_type":"","event_rulesummary":"","event_ticket_rsvp":"","_gspb_post_css":""},"product_brand":[],"product_cat":[82],"product_tag":[],"class_list":{"0":"post-8141","1":"product","2":"type-product","3":"status-publish","4":"has-post-thumbnail","6":"product_cat-gadgets","8":"first","9":"instock","10":"sale","11":"shipping-taxable","12":"purchasable","13":"product-type-simple"},"jetpack_sharing_enabled":true,"_links":{"self":[{"href":"https:\/\/espacetechnologie.ma\/ar\/wp-json\/wp\/v2\/product\/8141","targetHints":{"allow":["GET"]}}],"collection":[{"href":"https:\/\/espacetechnologie.ma\/ar\/wp-json\/wp\/v2\/product"}],"about":[{"href":"https:\/\/espacetechnologie.ma\/ar\/wp-json\/wp\/v2\/types\/product"}],"replies":[{"embeddable":true,"href":"https:\/\/espacetechnologie.ma\/ar\/wp-json\/wp\/v2\/comments?post=8141"}],"wp:featuredmedia":[{"embeddable":true,"href":"https:\/\/espacetechnologie.ma\/ar\/wp-json\/wp\/v2\/media\/8140"}],"wp:attachment":[{"href":"https:\/\/espacetechnologie.ma\/ar\/wp-json\/wp\/v2\/media?parent=8141"}],"wp:term":[{"taxonomy":"product_brand","embeddable":true,"href":"https:\/\/espacetechnologie.ma\/ar\/wp-json\/wp\/v2\/product_brand?post=8141"},{"taxonomy":"product_cat","embeddable":true,"href":"https:\/\/espacetechnologie.ma\/ar\/wp-json\/wp\/v2\/product_cat?post=8141"},{"taxonomy":"product_tag","embeddable":true,"href":"https:\/\/espacetechnologie.ma\/ar\/wp-json\/wp\/v2\/product_tag?post=8141"}],"curies":[{"name":"wp","href":"https:\/\/api.w.org\/{rel}","templated":true}]}}