{"id":8129,"date":"2025-07-09T07:53:28","date_gmt":"2025-07-09T06:53:28","guid":{"rendered":"https:\/\/espacetechnologie.ma\/product\/%d9%85%d9%83%d8%a8%d8%b1%d8%a7%d8%aa-%d8%b5%d9%88%d8%aa-%d8%a8%d9%84%d9%88%d8%aa%d9%88%d8%ab%d8%8c-%d8%ae%d8%a7%d8%b5%d9%8a%d8%a9-%d8%a5%d9%84%d8%ba%d8%a7%d8%a1-%d8%a7%d9%84%d8%b6%d9%88%d8%b6%d8%a7\/"},"modified":"2025-08-02T15:07:29","modified_gmt":"2025-08-02T14:07:29","slug":"%d9%85%d9%83%d8%a8%d8%b1%d8%a7%d8%aa-%d8%b5%d9%88%d8%aa-%d8%a8%d9%84%d9%88%d8%aa%d9%88%d8%ab%d8%8c-%d8%ae%d8%a7%d8%b5%d9%8a%d8%a9-%d8%a5%d9%84%d8%ba%d8%a7%d8%a1-%d8%a7%d9%84%d8%b6%d9%88%d8%b6%d8%a7","status":"publish","type":"product","link":"https:\/\/espacetechnologie.ma\/ar\/product\/%d9%85%d9%83%d8%a8%d8%b1%d8%a7%d8%aa-%d8%b5%d9%88%d8%aa-%d8%a8%d9%84%d9%88%d8%aa%d9%88%d8%ab%d8%8c-%d8%ae%d8%a7%d8%b5%d9%8a%d8%a9-%d8%a5%d9%84%d8%ba%d8%a7%d8%a1-%d8%a7%d9%84%d8%b6%d9%88%d8%b6%d8%a7\/","title":{"rendered":"\u0645\u0643\u0628\u0631\u0627\u062a \u0635\u0648\u062a \u0628\u0644\u0648\u062a\u0648\u062b\u060c \u062e\u0627\u0635\u064a\u0629 \u0625\u0644\u063a\u0627\u0621 \u0627\u0644\u0636\u0648\u0636\u0627\u0621 \u0627\u0644\u0646\u0634\u0637\u0629 (ANC)\u060c \u0645\u0639 \u0634\u0627\u0634\u0629 \u062a\u0639\u0645\u0644 \u0628\u0627\u0644\u0644\u0645\u0633"},"content":{"rendered":"<p>Est-ce l&rsquo;oreille simple ou double: son st\u00e9r\u00e9o bilat\u00e9ral<br \/>\nProtocole: V5.4<br \/>\nPort\u00e9e de transmission: 15 m\u00e8tres<br \/>\nAutonomie de la batterie: 4-8 heures<br \/>\nCaract\u00e9ristiques: \u00e9tanche, lumi\u00e8re respirante, dur\u00e9e de vie de la batterie ultra longue, fonction d&rsquo;appel, commande vocale, prise en charge de la musique, \u00e9cran d&rsquo;affichage num\u00e9rique<br \/>\nPerformance \u00e9tanche: IPX4<br \/>\nMat\u00e9riel: PC + ABS<br \/>\nStyle: Style sportif<br \/>\nUtilisation: Dans le style d&rsquo;oreille<br \/>\nCouleur: Blanc<br \/>\nPoids: 146g<br \/>\nTaille du produit: 60x46x22.5mm<\/p>","protected":false},"excerpt":{"rendered":"<p>Description de l&rsquo;article<br \/>\nFonctionnalit\u00e9: nos \u00e9couteurs offrent des capacit\u00e9s smartwatch, des param\u00e8tres de r\u00e9duction du bruit et une fonction pratique pour localiser les \u00e9couteurs \u00e9gar\u00e9s.<br \/>\nD\u00e9couvrez un affichage flexible, un support multilingue et un design \u00e9l\u00e9gant.<br \/>\nUtilisation quotidienne polyvalente: Ces \u00e9couteurs excellent dans la technologie de r\u00e9duction du bruit, les appels vocaux cristallins, les loisirs et les activit\u00e9s sportives. Dot\u00e9s d&rsquo;une \u00e9tanch\u00e9it\u00e9 IPX4, ils sont des compagnons fiables pour divers sc\u00e9narios et environnements.<br \/>\nConnexion automatique: profitez d&rsquo;une connectivit\u00e9 sans tracas gr\u00e2ce \u00e0 la fonction d&rsquo;appariement automatique qui se synchronise sans effort avec votre appareil une fois sorti de l&rsquo;\u00e9tui. La conception compacte et portable assure un rangement facile dans votre poche.<br \/>\n\u00c9cran tactile: \u00e9cran tactile am\u00e9lior\u00e9 A9Pro avec deux capacit\u00e9s de r\u00e9duction du bruit, combinant la r\u00e9duction active du bruit ANC et la r\u00e9duction du bruit des appels ENC.<br \/>\nLes 13 fonctions de l&rsquo;\u00e9cran tactile offrent des options de contr\u00f4le et de personnalisation intuitives.<\/p>","protected":false},"featured_media":8128,"comment_status":"open","ping_status":"closed","template":"","meta":{"event_title":"","event_details":"","event_timezone":"","event_gmap":"","event_image":"","event_image_url":"","event_calendar_link":"","event_location":"","event_datetime_with_summary":"","event_datetime":"","event_date_type":"","event_rulesummary":"","event_ticket_rsvp":"","_gspb_post_css":""},"product_brand":[],"product_cat":[107,109],"product_tag":[],"class_list":{"0":"post-8129","1":"product","2":"type-product","3":"status-publish","4":"has-post-thumbnail","6":"product_cat-audio","7":"product_cat-ecouteurs-sans-fil","9":"first","10":"instock","11":"sale","12":"shipping-taxable","13":"purchasable","14":"product-type-simple"},"jetpack_sharing_enabled":true,"_links":{"self":[{"href":"https:\/\/espacetechnologie.ma\/ar\/wp-json\/wp\/v2\/product\/8129","targetHints":{"allow":["GET"]}}],"collection":[{"href":"https:\/\/espacetechnologie.ma\/ar\/wp-json\/wp\/v2\/product"}],"about":[{"href":"https:\/\/espacetechnologie.ma\/ar\/wp-json\/wp\/v2\/types\/product"}],"replies":[{"embeddable":true,"href":"https:\/\/espacetechnologie.ma\/ar\/wp-json\/wp\/v2\/comments?post=8129"}],"wp:featuredmedia":[{"embeddable":true,"href":"https:\/\/espacetechnologie.ma\/ar\/wp-json\/wp\/v2\/media\/8128"}],"wp:attachment":[{"href":"https:\/\/espacetechnologie.ma\/ar\/wp-json\/wp\/v2\/media?parent=8129"}],"wp:term":[{"taxonomy":"product_brand","embeddable":true,"href":"https:\/\/espacetechnologie.ma\/ar\/wp-json\/wp\/v2\/product_brand?post=8129"},{"taxonomy":"product_cat","embeddable":true,"href":"https:\/\/espacetechnologie.ma\/ar\/wp-json\/wp\/v2\/product_cat?post=8129"},{"taxonomy":"product_tag","embeddable":true,"href":"https:\/\/espacetechnologie.ma\/ar\/wp-json\/wp\/v2\/product_tag?post=8129"}],"curies":[{"name":"wp","href":"https:\/\/api.w.org\/{rel}","templated":true}]}}