{"id":8123,"date":"2025-07-09T07:53:27","date_gmt":"2025-07-09T06:53:27","guid":{"rendered":"https:\/\/espacetechnologie.ma\/product\/sac-a-dos-pour-hommes-et-femmes-ecouteur-bluetooth-pro-300\/"},"modified":"2025-08-02T14:49:17","modified_gmt":"2025-08-02T13:49:17","slug":"sac-a-dos-pour-hommes-et-femmes-ecouteur-bluetooth-pro-300","status":"publish","type":"product","link":"https:\/\/espacetechnologie.ma\/ar\/product\/sac-a-dos-pour-hommes-et-femmes-ecouteur-bluetooth-pro-300\/","title":{"rendered":"sac \u00e0 dos pour hommes et femmes+ \u00c9couteur Bluetooth pro 300"},"content":{"rendered":"<p>-La poche l\u00e9g\u00e8re et compacte d&rsquo;une capacit\u00e9 de 4L peut stocker un livre, un t\u00e9l\u00e9phone portable, un portefeuille, une batterie externe, etc.<br \/>\n-Tablette PC de 7 pouces facile \u00e0 tenir dans la poche intercalaire<br \/>\n-Fabriqu\u00e9 en polyester, durable, anti-rayures et r\u00e9sistant \u00e0 l&rsquo;eau<br \/>\n-Coutures crois\u00e9es dans le dos, r\u00e9sistantes et antid\u00e9rapantes<br \/>\n-Large sangle rembourr\u00e9e, douce et confortable \u00e0 utiliser<br \/>\n-Conception de fermetures \u00e9clair de cordon de traction lisse, prot\u00e9geant bien vos affaires<\/p>","protected":false},"excerpt":{"rendered":"<p>Xiaomi \u2013 sac \u00e0 dos Mi pour hommes et femmes, sac de poitrine de loisirs urbains, petite taille, Type d&rsquo;\u00e9paule, unisexe, couleur, nouvelle collection<br \/>\n-La poche l\u00e9g\u00e8re et compacte d&rsquo;une capacit\u00e9 de 4L peut stocker un livre, un t\u00e9l\u00e9phone portable, un portefeuille, une batterie externe, etc.<br \/>\n-Tablette PC de 7 pouces facile \u00e0 tenir dans la poche intercalaire<br \/>\n-Fabriqu\u00e9 en polyester, durable, anti-rayures et r\u00e9sistant \u00e0 l&rsquo;eau<br \/>\n-Coutures crois\u00e9es dans le dos, r\u00e9sistantes et antid\u00e9rapantes<br \/>\n-Large sangle rembourr\u00e9e, douce et confortable \u00e0 utiliser<br \/>\n-Conception de fermetures \u00e9clair de cordon de traction lisse, prot\u00e9geant bien vos affaires<br \/>\n-Sangle r\u00e9glable 85 &#8211; 120cm, r\u00e9pondant \u00e0 vos diff\u00e9rents besoins<br \/>\n-Capacit\u00e9 de charge de 10kg<br \/>\n-Sangle r\u00e9glable 85 &#8211; 120cm, r\u00e9pondant \u00e0 vos diff\u00e9rents besoins<br \/>\n-Capacit\u00e9 de charge de 10kg<\/p>","protected":false},"featured_media":8122,"comment_status":"open","ping_status":"closed","template":"","meta":{"event_title":"","event_details":"","event_timezone":"","event_gmap":"","event_image":"","event_image_url":"","event_calendar_link":"","event_location":"","event_datetime_with_summary":"","event_datetime":"","event_date_type":"","event_rulesummary":"","event_ticket_rsvp":"","_gspb_post_css":""},"product_brand":[],"product_cat":[107,109,82],"product_tag":[],"class_list":{"0":"post-8123","1":"product","2":"type-product","3":"status-publish","4":"has-post-thumbnail","6":"product_cat-audio","7":"product_cat-ecouteurs-sans-fil","8":"product_cat-gadgets","10":"first","11":"instock","12":"sale","13":"shipping-taxable","14":"purchasable","15":"product-type-simple"},"jetpack_sharing_enabled":true,"_links":{"self":[{"href":"https:\/\/espacetechnologie.ma\/ar\/wp-json\/wp\/v2\/product\/8123","targetHints":{"allow":["GET"]}}],"collection":[{"href":"https:\/\/espacetechnologie.ma\/ar\/wp-json\/wp\/v2\/product"}],"about":[{"href":"https:\/\/espacetechnologie.ma\/ar\/wp-json\/wp\/v2\/types\/product"}],"replies":[{"embeddable":true,"href":"https:\/\/espacetechnologie.ma\/ar\/wp-json\/wp\/v2\/comments?post=8123"}],"wp:featuredmedia":[{"embeddable":true,"href":"https:\/\/espacetechnologie.ma\/ar\/wp-json\/wp\/v2\/media\/8122"}],"wp:attachment":[{"href":"https:\/\/espacetechnologie.ma\/ar\/wp-json\/wp\/v2\/media?parent=8123"}],"wp:term":[{"taxonomy":"product_brand","embeddable":true,"href":"https:\/\/espacetechnologie.ma\/ar\/wp-json\/wp\/v2\/product_brand?post=8123"},{"taxonomy":"product_cat","embeddable":true,"href":"https:\/\/espacetechnologie.ma\/ar\/wp-json\/wp\/v2\/product_cat?post=8123"},{"taxonomy":"product_tag","embeddable":true,"href":"https:\/\/espacetechnologie.ma\/ar\/wp-json\/wp\/v2\/product_tag?post=8123"}],"curies":[{"name":"wp","href":"https:\/\/api.w.org\/{rel}","templated":true}]}}