{"id":8111,"date":"2025-07-09T07:53:24","date_gmt":"2025-07-09T06:53:24","guid":{"rendered":"https:\/\/espacetechnologie.ma\/product\/%d8%a7%d9%84%d9%85%d8%ba%d9%86%d8%a7%d8%b7%d9%8a%d8%b3%d9%8a-%d8%b4%d8%a7%d8%ad%d9%86-%d9%84-%d8%a3%d8%a8%d9%84-%d9%88%d9%88%d8%aa%d8%b4-2-3-usb-%d8%a7%d9%84%d9%85%d8%ba%d9%86%d8%a7%d8%b7%d9%8a%d8%b3\/"},"modified":"2025-08-02T15:12:16","modified_gmt":"2025-08-02T14:12:16","slug":"%d8%a7%d9%84%d9%85%d8%ba%d9%86%d8%a7%d8%b7%d9%8a%d8%b3%d9%8a-%d8%b4%d8%a7%d8%ad%d9%86-%d9%84-%d8%a3%d8%a8%d9%84-%d9%88%d9%88%d8%aa%d8%b4-2-3-usb-%d8%a7%d9%84%d9%85%d8%ba%d9%86%d8%a7%d8%b7%d9%8a%d8%b3","status":"publish","type":"product","link":"https:\/\/espacetechnologie.ma\/ar\/product\/%d8%a7%d9%84%d9%85%d8%ba%d9%86%d8%a7%d8%b7%d9%8a%d8%b3%d9%8a-%d8%b4%d8%a7%d8%ad%d9%86-%d9%84-%d8%a3%d8%a8%d9%84-%d9%88%d9%88%d8%aa%d8%b4-2-3-usb-%d8%a7%d9%84%d9%85%d8%ba%d9%86%d8%a7%d8%b7%d9%8a%d8%b3\/","title":{"rendered":"\u0627\u0644\u0645\u063a\u0646\u0627\u0637\u064a\u0633\u064a \u0634\u0627\u062d\u0646 \u0644 \u0623\u0628\u0644 \u0648\u0648\u062a\u0634 2 3 USB \u0627\u0644\u0645\u063a\u0646\u0627\u0637\u064a\u0633\u064a \u0648\u0648\u062a\u0634 \u0643\u0627\u0628\u0644 \u0634\u062d\u0646 38\/42 \u0645\u0644\u0644\u064a\u0645\u062a\u0631 \u0644 \u0623\u0628\u0644 \u0637 \u0648\u0648\u062a\u0634 \u062d\u0627\u0645\u0644 \u0634\u0627\u062d\u0646 \u0644\u0627\u0633\u0644\u0643\u064a"},"content":{"rendered":"<p>Num\u00e9ro de type: Chargeur magn\u00e9tique pour Apple Watch<br \/>\nSortie: 5V \/ 1A<br \/>\nMarque compatible: APPLE<br \/>\nEntr\u00e9e: 5V \/ 2A<br \/>\nPorts USB: Aucun<br \/>\nCertification de qualit\u00e9: RoHS, ce, FCC<br \/>\nInterface de sortie: USB<br \/>\nType: chargeur sans fil<br \/>\nSource d&rsquo;alimentation: A.C. \u00a0La source<br \/>\nLongueur de c\u00e2ble: 1M C\u00e2ble + C\u00e2ble adaptateur USB<br \/>\nCompatibilit\u00e9 Mod\u00e8le 1: Pour Apple Watch 1 2 3 Chargeur 38 \/ 42mm<br \/>\nCompatibilit\u00e9 Mod\u00e8le 2: Pour i Watch Series 1 2 3 Chargeur Magn\u00e9tique<br \/>\nCompatibilit\u00e9 Mod\u00e8le 3: Chargeur sans fil Apple Watch Series<br \/>\nDrop Shipping \/ Wholesale: Assistance<br \/>\nCaract\u00e9ristique 2: chargeur sans fil magn\u00e9tique pour Apple Watch<br \/>\nFonction 1: chargeur de montre sans fil + support de support de chargeur de montre<br \/>\nFonction 2: Pour i Watch Wireless Charger + Pour Apple Watch Charger<br \/>\nType: Chargeur sans fil pour Apple Watch Charger<\/p>","protected":false},"excerpt":{"rendered":"<p>Num\u00e9ro de type: Chargeur magn\u00e9tique pour Apple Watch Sortie: 5V \/ 1A Marque compatible: APPLE Entr\u00e9e: 5V \/ 2A Ports USB: Aucun Certification de qualit\u00e9: RoHS, ce, FCC Interface de sortie: USB Type: chargeur sans fil Source d&rsquo;alimentation: A.C. \u00a0La source Longueur de c\u00e2ble: 1M C\u00e2ble + C\u00e2ble adaptateur USB Compatibilit\u00e9 Mod\u00e8le 1: Pour Apple [&hellip;]<\/p>\n","protected":false},"featured_media":8110,"comment_status":"open","ping_status":"closed","template":"","meta":{"event_title":"","event_details":"","event_timezone":"","event_gmap":"","event_image":"","event_image_url":"","event_calendar_link":"","event_location":"","event_datetime_with_summary":"","event_datetime":"","event_date_type":"","event_rulesummary":"","event_ticket_rsvp":"","_gspb_post_css":""},"product_brand":[],"product_cat":[94,91],"product_tag":[],"class_list":{"0":"post-8111","1":"product","2":"type-product","3":"status-publish","4":"has-post-thumbnail","6":"product_cat-chargeurs-smartwatch","7":"product_cat-smartwatch","9":"first","10":"instock","11":"sale","12":"shipping-taxable","13":"purchasable","14":"product-type-simple"},"jetpack_sharing_enabled":true,"_links":{"self":[{"href":"https:\/\/espacetechnologie.ma\/ar\/wp-json\/wp\/v2\/product\/8111","targetHints":{"allow":["GET"]}}],"collection":[{"href":"https:\/\/espacetechnologie.ma\/ar\/wp-json\/wp\/v2\/product"}],"about":[{"href":"https:\/\/espacetechnologie.ma\/ar\/wp-json\/wp\/v2\/types\/product"}],"replies":[{"embeddable":true,"href":"https:\/\/espacetechnologie.ma\/ar\/wp-json\/wp\/v2\/comments?post=8111"}],"wp:featuredmedia":[{"embeddable":true,"href":"https:\/\/espacetechnologie.ma\/ar\/wp-json\/wp\/v2\/media\/8110"}],"wp:attachment":[{"href":"https:\/\/espacetechnologie.ma\/ar\/wp-json\/wp\/v2\/media?parent=8111"}],"wp:term":[{"taxonomy":"product_brand","embeddable":true,"href":"https:\/\/espacetechnologie.ma\/ar\/wp-json\/wp\/v2\/product_brand?post=8111"},{"taxonomy":"product_cat","embeddable":true,"href":"https:\/\/espacetechnologie.ma\/ar\/wp-json\/wp\/v2\/product_cat?post=8111"},{"taxonomy":"product_tag","embeddable":true,"href":"https:\/\/espacetechnologie.ma\/ar\/wp-json\/wp\/v2\/product_tag?post=8111"}],"curies":[{"name":"wp","href":"https:\/\/api.w.org\/{rel}","templated":true}]}}