{"id":8104,"date":"2025-07-09T07:53:23","date_gmt":"2025-07-09T06:53:23","guid":{"rendered":"https:\/\/espacetechnologie.ma\/product\/gionee-ecouteurs-sans-fil-bluetooth-5-0-avec-boite-de-chargementcouteau-multifonction\/"},"modified":"2025-08-02T14:57:09","modified_gmt":"2025-08-02T13:57:09","slug":"gionee-ecouteurs-sans-fil-bluetooth-5-0-avec-boite-de-chargementcouteau-multifonction","status":"publish","type":"product","link":"https:\/\/espacetechnologie.ma\/ar\/product\/gionee-ecouteurs-sans-fil-bluetooth-5-0-avec-boite-de-chargementcouteau-multifonction\/","title":{"rendered":"Gionee \u00c9couteurs sans fil Bluetooth 5.0, avec bo\u00eete de chargement+couteau multifonction"},"content":{"rendered":"<p>\u00c9couteurs sans fil Bluetooth 5.0<br \/>\ndouble \u00e9couteurs tactiles avec bo\u00eete de chargement<br \/>\ncompatibilit\u00e9: IOS, Windows, Android<br \/>\nFr\u00e9quence de r\u00e9ponse: 20 &#8211; 20000hz<br \/>\ncapacit\u00e9 de la batterie: bo\u00eete de support de double haut-parleur au lithium-Ion 400mah<\/p>","protected":false},"excerpt":{"rendered":"<p>\u00c9couteurs sans fil Bluetooth 5.0 double \u00e9couteurs tactiles avec bo\u00eete de chargement compatibilit\u00e9: IOS, Windows, Android Fr\u00e9quence de r\u00e9ponse: 20 &#8211; 20000hz capacit\u00e9 de la batterie: bo\u00eete de support de double haut-parleur au lithium-Ion 400mah<\/p>","protected":false},"featured_media":8103,"comment_status":"open","ping_status":"closed","template":"","meta":{"event_title":"","event_details":"","event_timezone":"","event_gmap":"","event_image":"","event_image_url":"","event_calendar_link":"","event_location":"","event_datetime_with_summary":"","event_datetime":"","event_date_type":"","event_rulesummary":"","event_ticket_rsvp":"","_gspb_post_css":""},"product_brand":[],"product_cat":[107,109],"product_tag":[],"class_list":{"0":"post-8104","1":"product","2":"type-product","3":"status-publish","4":"has-post-thumbnail","6":"product_cat-audio","7":"product_cat-ecouteurs-sans-fil","9":"first","10":"instock","11":"sale","12":"shipping-taxable","13":"purchasable","14":"product-type-simple"},"jetpack_sharing_enabled":true,"_links":{"self":[{"href":"https:\/\/espacetechnologie.ma\/ar\/wp-json\/wp\/v2\/product\/8104","targetHints":{"allow":["GET"]}}],"collection":[{"href":"https:\/\/espacetechnologie.ma\/ar\/wp-json\/wp\/v2\/product"}],"about":[{"href":"https:\/\/espacetechnologie.ma\/ar\/wp-json\/wp\/v2\/types\/product"}],"replies":[{"embeddable":true,"href":"https:\/\/espacetechnologie.ma\/ar\/wp-json\/wp\/v2\/comments?post=8104"}],"wp:featuredmedia":[{"embeddable":true,"href":"https:\/\/espacetechnologie.ma\/ar\/wp-json\/wp\/v2\/media\/8103"}],"wp:attachment":[{"href":"https:\/\/espacetechnologie.ma\/ar\/wp-json\/wp\/v2\/media?parent=8104"}],"wp:term":[{"taxonomy":"product_brand","embeddable":true,"href":"https:\/\/espacetechnologie.ma\/ar\/wp-json\/wp\/v2\/product_brand?post=8104"},{"taxonomy":"product_cat","embeddable":true,"href":"https:\/\/espacetechnologie.ma\/ar\/wp-json\/wp\/v2\/product_cat?post=8104"},{"taxonomy":"product_tag","embeddable":true,"href":"https:\/\/espacetechnologie.ma\/ar\/wp-json\/wp\/v2\/product_tag?post=8104"}],"curies":[{"name":"wp","href":"https:\/\/api.w.org\/{rel}","templated":true}]}}