{"id":8100,"date":"2025-07-09T07:53:22","date_gmt":"2025-07-09T06:53:22","guid":{"rendered":"https:\/\/espacetechnologie.ma\/product\/aya-support-de-tableau-de-bord-de-voiture\/"},"modified":"2025-08-03T07:32:15","modified_gmt":"2025-08-03T06:32:15","slug":"aya-support-de-tableau-de-bord-de-voiture","status":"publish","type":"product","link":"https:\/\/espacetechnologie.ma\/ar\/product\/aya-support-de-tableau-de-bord-de-voiture\/","title":{"rendered":"Aya support de tableau de bord de voiture"},"content":{"rendered":"<p>support pour tableau de bord<br \/>\nuniversel pour voiture<br \/>\nMaintient vos appareils en toute s\u00e9curit\u00e9<br \/>\nConvient pour: 3-6.5 pouces t\u00e9l\u00e9phone mobile<br \/>\nConvient \u00e0 la plupart des v\u00e9hicules<\/p>","protected":false},"excerpt":{"rendered":"<p>support pour tableau de bord universel pour voiture Maintient vos appareils en toute s\u00e9curit\u00e9 Convient pour: 3-6.5 pouces t\u00e9l\u00e9phone mobile Convient \u00e0 la plupart des v\u00e9hicules<\/p>","protected":false},"featured_media":8099,"comment_status":"open","ping_status":"closed","template":"","meta":{"event_title":"","event_details":"","event_timezone":"","event_gmap":"","event_image":"","event_image_url":"","event_calendar_link":"","event_location":"","event_datetime_with_summary":"","event_datetime":"","event_date_type":"","event_rulesummary":"","event_ticket_rsvp":"","_gspb_post_css":""},"product_brand":[],"product_cat":[114,90,84,113],"product_tag":[],"class_list":{"0":"post-8100","1":"product","2":"type-product","3":"status-publish","4":"has-post-thumbnail","6":"product_cat-accessoires-voiture","7":"product_cat-autres-accessoires-smartphone","8":"product_cat-smartphone","9":"product_cat-voiture-moto","11":"first","12":"instock","13":"sale","14":"shipping-taxable","15":"purchasable","16":"product-type-simple"},"jetpack_sharing_enabled":true,"_links":{"self":[{"href":"https:\/\/espacetechnologie.ma\/ar\/wp-json\/wp\/v2\/product\/8100","targetHints":{"allow":["GET"]}}],"collection":[{"href":"https:\/\/espacetechnologie.ma\/ar\/wp-json\/wp\/v2\/product"}],"about":[{"href":"https:\/\/espacetechnologie.ma\/ar\/wp-json\/wp\/v2\/types\/product"}],"replies":[{"embeddable":true,"href":"https:\/\/espacetechnologie.ma\/ar\/wp-json\/wp\/v2\/comments?post=8100"}],"wp:featuredmedia":[{"embeddable":true,"href":"https:\/\/espacetechnologie.ma\/ar\/wp-json\/wp\/v2\/media\/8099"}],"wp:attachment":[{"href":"https:\/\/espacetechnologie.ma\/ar\/wp-json\/wp\/v2\/media?parent=8100"}],"wp:term":[{"taxonomy":"product_brand","embeddable":true,"href":"https:\/\/espacetechnologie.ma\/ar\/wp-json\/wp\/v2\/product_brand?post=8100"},{"taxonomy":"product_cat","embeddable":true,"href":"https:\/\/espacetechnologie.ma\/ar\/wp-json\/wp\/v2\/product_cat?post=8100"},{"taxonomy":"product_tag","embeddable":true,"href":"https:\/\/espacetechnologie.ma\/ar\/wp-json\/wp\/v2\/product_tag?post=8100"}],"curies":[{"name":"wp","href":"https:\/\/api.w.org\/{rel}","templated":true}]}}