{"id":8091,"date":"2025-07-09T07:53:20","date_gmt":"2025-07-09T06:53:20","guid":{"rendered":"https:\/\/espacetechnologie.ma\/product\/tcetoctre-slim-titulaire-de-la-carte-de-credit-mini-portefeuille-etui-id-bourse-bourse-pochette-noir-2\/"},"modified":"2025-08-02T12:53:19","modified_gmt":"2025-08-02T11:53:19","slug":"tcetoctre-slim-titulaire-de-la-carte-de-credit-mini-portefeuille-etui-id-bourse-bourse-pochette-noir-2","status":"publish","type":"product","link":"https:\/\/espacetechnologie.ma\/ar\/product\/tcetoctre-slim-titulaire-de-la-carte-de-credit-mini-portefeuille-etui-id-bourse-bourse-pochette-noir-2\/","title":{"rendered":"Tcetoctre Slim Titulaire de la Carte de Cr\u00e9dit Mini Portefeuille Etui ID Bourse Bourse Pochette Noir"},"content":{"rendered":"<p>\u00c0 la mode, tr\u00e8s charmant pour toutes les occasions.<br \/>\nC&rsquo;est un bon cadeau pour vos parents et amis que vous aimez.<br \/>\nConception sp\u00e9ciale attire beaucoup d&rsquo;attention.<br \/>\nConception sp\u00e9ciale et structure unique, un article populaire.<br \/>\nDesign mince et compact, peut se glisser dans la plupart des poches<br \/>\nExcellent artisanat, des coutures propres et de haute qualit\u00e9<\/p>","protected":false},"excerpt":{"rendered":"<p>\u00c0 la mode, tr\u00e8s charmant pour toutes les occasions. C&rsquo;est un bon cadeau pour vos parents et amis que vous aimez. Conception sp\u00e9ciale attire beaucoup d&rsquo;attention. Conception sp\u00e9ciale et structure unique, un article populaire. Design mince et compact, peut se glisser dans la plupart des poches Excellent artisanat, des coutures propres et de haute qualit\u00e9<\/p>","protected":false},"featured_media":8090,"comment_status":"open","ping_status":"closed","template":"","meta":{"event_title":"","event_details":"","event_timezone":"","event_gmap":"","event_image":"","event_image_url":"","event_calendar_link":"","event_location":"","event_datetime_with_summary":"","event_datetime":"","event_date_type":"","event_rulesummary":"","event_ticket_rsvp":"","_gspb_post_css":""},"product_brand":[],"product_cat":[82],"product_tag":[],"class_list":{"0":"post-8091","1":"product","2":"type-product","3":"status-publish","4":"has-post-thumbnail","6":"product_cat-gadgets","8":"first","9":"instock","10":"sale","11":"shipping-taxable","12":"purchasable","13":"product-type-simple"},"jetpack_sharing_enabled":true,"_links":{"self":[{"href":"https:\/\/espacetechnologie.ma\/ar\/wp-json\/wp\/v2\/product\/8091","targetHints":{"allow":["GET"]}}],"collection":[{"href":"https:\/\/espacetechnologie.ma\/ar\/wp-json\/wp\/v2\/product"}],"about":[{"href":"https:\/\/espacetechnologie.ma\/ar\/wp-json\/wp\/v2\/types\/product"}],"replies":[{"embeddable":true,"href":"https:\/\/espacetechnologie.ma\/ar\/wp-json\/wp\/v2\/comments?post=8091"}],"wp:featuredmedia":[{"embeddable":true,"href":"https:\/\/espacetechnologie.ma\/ar\/wp-json\/wp\/v2\/media\/8090"}],"wp:attachment":[{"href":"https:\/\/espacetechnologie.ma\/ar\/wp-json\/wp\/v2\/media?parent=8091"}],"wp:term":[{"taxonomy":"product_brand","embeddable":true,"href":"https:\/\/espacetechnologie.ma\/ar\/wp-json\/wp\/v2\/product_brand?post=8091"},{"taxonomy":"product_cat","embeddable":true,"href":"https:\/\/espacetechnologie.ma\/ar\/wp-json\/wp\/v2\/product_cat?post=8091"},{"taxonomy":"product_tag","embeddable":true,"href":"https:\/\/espacetechnologie.ma\/ar\/wp-json\/wp\/v2\/product_tag?post=8091"}],"curies":[{"name":"wp","href":"https:\/\/api.w.org\/{rel}","templated":true}]}}