{"id":8077,"date":"2025-07-09T07:53:16","date_gmt":"2025-07-09T06:53:16","guid":{"rendered":"https:\/\/espacetechnologie.ma\/product\/telecommande-intelligente-pour-samsung-tv-led-smart-universelle-remplacement\/"},"modified":"2025-08-03T07:55:42","modified_gmt":"2025-08-03T06:55:42","slug":"telecommande-intelligente-pour-samsung-tv-led-smart-universelle-remplacement","status":"publish","type":"product","link":"https:\/\/espacetechnologie.ma\/ar\/product\/telecommande-intelligente-pour-samsung-tv-led-smart-universelle-remplacement\/","title":{"rendered":"T\u00e9l\u00e9commande intelligente pour Samsung TV LED Smart  Universelle Remplacement"},"content":{"rendered":"<p>. TV t\u00e9l\u00e9commande AA59-00786A peut compatible avec la plupart de son LCD, t\u00e9l\u00e9viseurs LED ou plasma sous la marque pour Samsung.<br \/>\n. aucune programmation ou configuration requise.<br \/>\n. touches de navigation de menu d\u00e9di\u00e9es, acc\u00e8s direct au canal pour la t\u00e9l\u00e9vision num\u00e9rique.<br \/>\n. n\u00e9cessite 2 piles <\/p>","protected":false},"excerpt":{"rendered":"<p>telecommande pour smart tv samsung .Compatible avec les mod\u00e8les 3D-\u00a0AA59-00786A,Parfait pour remplacer votre ancien ou cass\u00e9.<\/p>","protected":false},"featured_media":8076,"comment_status":"open","ping_status":"closed","template":"","meta":{"event_title":"","event_details":"","event_timezone":"","event_gmap":"","event_image":"","event_image_url":"","event_calendar_link":"","event_location":"","event_datetime_with_summary":"","event_datetime":"","event_date_type":"","event_rulesummary":"","event_ticket_rsvp":"","_gspb_post_css":""},"product_brand":[],"product_cat":[125,123],"product_tag":[],"class_list":{"0":"post-8077","1":"product","2":"type-product","3":"status-publish","4":"has-post-thumbnail","6":"product_cat-autres-accessoires-tv","7":"product_cat-tv","9":"first","10":"instock","11":"sale","12":"shipping-taxable","13":"purchasable","14":"product-type-simple"},"jetpack_sharing_enabled":true,"_links":{"self":[{"href":"https:\/\/espacetechnologie.ma\/ar\/wp-json\/wp\/v2\/product\/8077","targetHints":{"allow":["GET"]}}],"collection":[{"href":"https:\/\/espacetechnologie.ma\/ar\/wp-json\/wp\/v2\/product"}],"about":[{"href":"https:\/\/espacetechnologie.ma\/ar\/wp-json\/wp\/v2\/types\/product"}],"replies":[{"embeddable":true,"href":"https:\/\/espacetechnologie.ma\/ar\/wp-json\/wp\/v2\/comments?post=8077"}],"wp:featuredmedia":[{"embeddable":true,"href":"https:\/\/espacetechnologie.ma\/ar\/wp-json\/wp\/v2\/media\/8076"}],"wp:attachment":[{"href":"https:\/\/espacetechnologie.ma\/ar\/wp-json\/wp\/v2\/media?parent=8077"}],"wp:term":[{"taxonomy":"product_brand","embeddable":true,"href":"https:\/\/espacetechnologie.ma\/ar\/wp-json\/wp\/v2\/product_brand?post=8077"},{"taxonomy":"product_cat","embeddable":true,"href":"https:\/\/espacetechnologie.ma\/ar\/wp-json\/wp\/v2\/product_cat?post=8077"},{"taxonomy":"product_tag","embeddable":true,"href":"https:\/\/espacetechnologie.ma\/ar\/wp-json\/wp\/v2\/product_tag?post=8077"}],"curies":[{"name":"wp","href":"https:\/\/api.w.org\/{rel}","templated":true}]}}