{"id":8072,"date":"2025-07-09T07:53:15","date_gmt":"2025-07-09T06:53:15","guid":{"rendered":"https:\/\/espacetechnologie.ma\/product\/transmetteur-recepteur-audio-sans-fil-pour-ecouteurs-tv-voiture-pc\/"},"modified":"2025-08-02T15:28:05","modified_gmt":"2025-08-02T14:28:05","slug":"transmetteur-recepteur-audio-sans-fil-pour-ecouteurs-tv-voiture-pc","status":"publish","type":"product","link":"https:\/\/espacetechnologie.ma\/ar\/product\/transmetteur-recepteur-audio-sans-fil-pour-ecouteurs-tv-voiture-pc\/","title":{"rendered":"transmetteur r\u00e9cepteur Audio sans fil pour \u00e9couteurs TV voiture PC"},"content":{"rendered":"<p>Description:<br \/>\nCet \u00e9metteur et r\u00e9cepteur audio sans fil l\u00e9ger et l\u00e9ger est la solution audio sans fil id\u00e9ale pour toutes les situations et applications.<br \/>\nMode \u00e9metteur: transf\u00e9rer sans fil l&rsquo;audio d&rsquo;un t\u00e9l\u00e9viseur non Bluetooth, d&rsquo;un syst\u00e8me st\u00e9r\u00e9o domestique ou d&rsquo;un lecteur CD vers un casque ou un haut-parleur Bluetooth<br \/>\nMode r\u00e9cepteur: transf\u00e9rer sans fil l&rsquo;audio d&rsquo;un t\u00e9l\u00e9phone portable, d&rsquo;une tablette ou d&rsquo;un ordinateur compatible Bluetooth vers un c\u00e2ble st\u00e9r\u00e9o, des haut-parleurs ou des \u00e9couteurs<br \/>\nChangement de Mode: vous pouvez changer moDes en commutant le commutateur TX \/ RX<br \/>\nM\u00e9thode d&rsquo;appariement: mode RX: appairage nom: ZF-169, trouvez-le dans les param\u00e8tres Bluetooth du t\u00e9l\u00e9phone que vous souhaitez appairer<br \/>\nSp\u00e9cification:<br \/>\nNom du produit: \u00e9metteur r\u00e9cepteur Bluetooth.<br \/>\nCouleur: noir.<br \/>\nTechnologie: Bluetooth 5.0, A2DP, AVRCP (mode r\u00e9cepteur uniquement).<br \/>\nPort\u00e9e de travail: jusqu&rsquo;\u00e0 15m.<br \/>\nMode \u00e9metteur: la lumi\u00e8re LED rouge est allum\u00e9e.<br \/>\nMode r\u00e9cepteur: la lumi\u00e8re LED bleue est allum\u00e9e.<br \/>\nTaille: 39*25*12mm<br \/>\nRemarque:<br \/>\nIl pourrait y avoir un peu de distorsion des couleurs en raison de diff\u00e9rentes r\u00e9solutions d&rsquo;ordinateur.<br \/>\nIl peut y avoir des erreurs de taille en raison de diff\u00e9rentes r\u00e9solutions d&rsquo;ordinateur<br \/>\nEmballage IInclure:<br \/>\n1 * adaptateur \u00e9metteur\/r\u00e9cepteur Audio.<br \/>\n1 * manuel de l&rsquo;utilisateur en anglais.<br \/>\nNom du produit: \u00e9metteur r\u00e9cepteur \u00a0 \u00a0 \u00a0 \u00a0 Bluetooth.<br \/>\n\u2022 Couleur: noir.<br \/>\n\u2022Technologie: Bluetooth 5.0, A2DP, \u00a0 \u00a0 \u00a0 \u00a0 \u00a0 AVRCP (mode r\u00e9cepteur uniquement).<br \/>\n\u2022Port\u00e9e de travail: jusqu&rsquo;\u00e0 15m.<br \/>\n\u2022Mode \u00e9metteur: la lumi\u00e8re LED rouge \u00a0 \u00a0 est allum\u00e9e.<br \/>\n\u2022Mode r\u00e9cepteur: la lumi\u00e8re LED bleue \u00a0 est allum\u00e9e.<br \/>\n\u2022Taille: 39*25*12mm<\/p>","protected":false},"excerpt":{"rendered":"<p>Nom du produit: \u00e9metteur r\u00e9cepteur \u00a0 \u00a0 \u00a0 \u00a0 Bluetooth.\u2022 Couleur: noir.\u2022Technologie: Bluetooth 5.0, A2DP, \u00a0 \u00a0 \u00a0 \u00a0 \u00a0 AVRCP (mode r\u00e9cepteur uniquement).\u2022Port\u00e9e de travail: jusqu&rsquo;\u00e0 15m.\u2022Mode \u00e9metteur: la lumi\u00e8re LED rouge \u00a0 \u00a0 est allum\u00e9e.\u2022Mode r\u00e9cepteur: la lumi\u00e8re LED bleue \u00a0 est allum\u00e9e.\u2022Taille: 39*25*12mm<\/p>","protected":false},"featured_media":8071,"comment_status":"open","ping_status":"closed","template":"","meta":{"event_title":"","event_details":"","event_timezone":"","event_gmap":"","event_image":"","event_image_url":"","event_calendar_link":"","event_location":"","event_datetime_with_summary":"","event_datetime":"","event_date_type":"","event_rulesummary":"","event_ticket_rsvp":"","_gspb_post_css":""},"product_brand":[],"product_cat":[114,102,125,96,123,113],"product_tag":[],"class_list":{"0":"post-8072","1":"product","2":"type-product","3":"status-publish","4":"has-post-thumbnail","6":"product_cat-accessoires-voiture","7":"product_cat-autres-accessoires-pc","8":"product_cat-autres-accessoires-tv","9":"product_cat-pc","10":"product_cat-tv","11":"product_cat-voiture-moto","13":"first","14":"instock","15":"sale","16":"shipping-taxable","17":"purchasable","18":"product-type-simple"},"jetpack_sharing_enabled":true,"_links":{"self":[{"href":"https:\/\/espacetechnologie.ma\/ar\/wp-json\/wp\/v2\/product\/8072","targetHints":{"allow":["GET"]}}],"collection":[{"href":"https:\/\/espacetechnologie.ma\/ar\/wp-json\/wp\/v2\/product"}],"about":[{"href":"https:\/\/espacetechnologie.ma\/ar\/wp-json\/wp\/v2\/types\/product"}],"replies":[{"embeddable":true,"href":"https:\/\/espacetechnologie.ma\/ar\/wp-json\/wp\/v2\/comments?post=8072"}],"wp:featuredmedia":[{"embeddable":true,"href":"https:\/\/espacetechnologie.ma\/ar\/wp-json\/wp\/v2\/media\/8071"}],"wp:attachment":[{"href":"https:\/\/espacetechnologie.ma\/ar\/wp-json\/wp\/v2\/media?parent=8072"}],"wp:term":[{"taxonomy":"product_brand","embeddable":true,"href":"https:\/\/espacetechnologie.ma\/ar\/wp-json\/wp\/v2\/product_brand?post=8072"},{"taxonomy":"product_cat","embeddable":true,"href":"https:\/\/espacetechnologie.ma\/ar\/wp-json\/wp\/v2\/product_cat?post=8072"},{"taxonomy":"product_tag","embeddable":true,"href":"https:\/\/espacetechnologie.ma\/ar\/wp-json\/wp\/v2\/product_tag?post=8072"}],"curies":[{"name":"wp","href":"https:\/\/api.w.org\/{rel}","templated":true}]}}