{"id":8065,"date":"2025-07-09T07:53:14","date_gmt":"2025-07-09T06:53:14","guid":{"rendered":"https:\/\/espacetechnologie.ma\/product\/cable-de-microphone-xlr-male-vers-xlr-femelle-pour-connecter-des-microphones\/"},"modified":"2025-08-03T08:10:05","modified_gmt":"2025-08-03T07:10:05","slug":"cable-de-microphone-xlr-male-vers-xlr-femelle-pour-connecter-des-microphones","status":"publish","type":"product","link":"https:\/\/espacetechnologie.ma\/ar\/product\/cable-de-microphone-xlr-male-vers-xlr-femelle-pour-connecter-des-microphones\/","title":{"rendered":"c\u00e2ble de Microphone XLR m\u00e2le vers XLR femelle, pour connecter des microphones 2m"},"content":{"rendered":"<p>1, c\u00e2ble XLR m\u00e2le \u00e0 femelle 3 broches pour m\u00e9langeur de Microphone<br \/>\n2, longueur: 2m<br \/>\n3, mat\u00e9riau: PVC + cuivre<br \/>\n4,XLR connecteur m\u00e2le \u00e0 femelle c\u00e2ble \u00e9quilibr\u00e9 pour m\u00e9langeur de microphone<br \/>\n5, envelopp\u00e9 et prot\u00e9g\u00e9 avec du caoutchouc flexible pour une meilleure performance et une dur\u00e9e de vie plus longue<br \/>\n6,XLR m\u00e2le \u00e0 XLR femelle avec connecteurs plaqu\u00e9s argent fournit un son clair et haut de la ligne<br \/>\n7,Compatible avec la plupart des microphones, installations audio professionnelles, consoles d&rsquo;enregistrement, syst\u00e8mes PA, m\u00e9langeurs.<br \/>\n8, ces c\u00e2bles XLR sont fabriqu\u00e9s \u00e0 partir de mat\u00e9riaux de la plus haute qualit\u00e9 avec une plus grande flexibilit\u00e9 et durabilit\u00e9 pour une dur\u00e9e de vie plus longue et un son excellent<br \/>\ninclus : 1\u00a0 Cable audio XLR male vers XLR femelle, longueur 3m<\/p>","protected":false},"excerpt":{"rendered":"<p>1, c\u00e2ble XLR m\u00e2le \u00e0 femelle 3 broches pour m\u00e9langeur de Microphone 2, longueur: 2m 3, mat\u00e9riau: PVC + cuivre 4,XLR connecteur m\u00e2le \u00e0 femelle c\u00e2ble \u00e9quilibr\u00e9 pour m\u00e9langeur de microphone 5, envelopp\u00e9 et prot\u00e9g\u00e9 avec du caoutchouc flexible pour une meilleure performance et une dur\u00e9e de vie plus longue 6,XLR m\u00e2le \u00e0 XLR femelle [&hellip;]<\/p>\n","protected":false},"featured_media":8064,"comment_status":"open","ping_status":"closed","template":"","meta":{"event_title":"","event_details":"","event_timezone":"","event_gmap":"","event_image":"","event_image_url":"","event_calendar_link":"","event_location":"","event_datetime_with_summary":"","event_datetime":"","event_date_type":"","event_rulesummary":"","event_ticket_rsvp":"","_gspb_post_css":""},"product_brand":[],"product_cat":[107,111],"product_tag":[],"class_list":{"0":"post-8065","1":"product","2":"type-product","3":"status-publish","4":"has-post-thumbnail","6":"product_cat-audio","7":"product_cat-microphones","9":"first","10":"instock","11":"sale","12":"shipping-taxable","13":"purchasable","14":"product-type-simple"},"jetpack_sharing_enabled":true,"_links":{"self":[{"href":"https:\/\/espacetechnologie.ma\/ar\/wp-json\/wp\/v2\/product\/8065","targetHints":{"allow":["GET"]}}],"collection":[{"href":"https:\/\/espacetechnologie.ma\/ar\/wp-json\/wp\/v2\/product"}],"about":[{"href":"https:\/\/espacetechnologie.ma\/ar\/wp-json\/wp\/v2\/types\/product"}],"replies":[{"embeddable":true,"href":"https:\/\/espacetechnologie.ma\/ar\/wp-json\/wp\/v2\/comments?post=8065"}],"wp:featuredmedia":[{"embeddable":true,"href":"https:\/\/espacetechnologie.ma\/ar\/wp-json\/wp\/v2\/media\/8064"}],"wp:attachment":[{"href":"https:\/\/espacetechnologie.ma\/ar\/wp-json\/wp\/v2\/media?parent=8065"}],"wp:term":[{"taxonomy":"product_brand","embeddable":true,"href":"https:\/\/espacetechnologie.ma\/ar\/wp-json\/wp\/v2\/product_brand?post=8065"},{"taxonomy":"product_cat","embeddable":true,"href":"https:\/\/espacetechnologie.ma\/ar\/wp-json\/wp\/v2\/product_cat?post=8065"},{"taxonomy":"product_tag","embeddable":true,"href":"https:\/\/espacetechnologie.ma\/ar\/wp-json\/wp\/v2\/product_tag?post=8065"}],"curies":[{"name":"wp","href":"https:\/\/api.w.org\/{rel}","templated":true}]}}