{"id":8048,"date":"2025-07-09T07:53:09","date_gmt":"2025-07-09T06:53:09","guid":{"rendered":"https:\/\/espacetechnologie.ma\/product\/lampe-led-rechargeable-lampe-multifonction-systeme-de-securite\/"},"modified":"2025-08-02T12:53:14","modified_gmt":"2025-08-02T11:53:14","slug":"lampe-led-rechargeable-lampe-multifonction-systeme-de-securite","status":"publish","type":"product","link":"https:\/\/espacetechnologie.ma\/ar\/product\/lampe-led-rechargeable-lampe-multifonction-systeme-de-securite\/","title":{"rendered":"Lampe LED rechargeable, lampe multifonction, syst\u00e8me de s\u00e9curit\u00e9"},"content":{"rendered":"<p>Description de l&rsquo;article<br \/>\nMat\u00e9riau: alliage d&rsquo;aluminium<br \/>\nMod\u00e8le de perle de lampe: LED<br \/>\n\u00c0 propos de la batterie: batterie au lithium 18650\/26650<br \/>\nImperm\u00e9able: oui<br \/>\nInterrupteur: Appuyez sur l&rsquo;interrupteur<br \/>\nMode de vitesse: lumi\u00e8re forte, lumi\u00e8re moyenne, lumi\u00e8re faible, flash, SOS<br \/>\nSp\u00e9cifications du port de charge: charge rapide Type-C<br \/>\nTaille du produit: 170mm * 74mm<br \/>\nCaract\u00e9ristiques: Marteaux de s\u00e9curit\u00e9, Fraises, Lumi\u00e8re lat\u00e9rale<br \/>\nCOB, Power bank<br \/>\nLa liste des forfaits comprend:<br \/>\n1 * lampe de poche<br \/>\n1 * batterie 18650\/26650<br \/>\n1 * bo\u00eete d&#8217;emballage<br \/>\n1 * c\u00e2ble de donn\u00e9es<\/p>","protected":false},"excerpt":{"rendered":"<p>Mat\u00e9riau: alliage d&rsquo;aluminium<br \/>\nMod\u00e8le de perle de lampe: LED<br \/>\n\u00c0 propos de la batterie: batterie au lithium 18650\/26650<br \/>\nImperm\u00e9able: oui<br \/>\nInterrupteur: Appuyez sur l&rsquo;interrupteur<br \/>\nMode de vitesse: lumi\u00e8re forte, lumi\u00e8re moyenne, lumi\u00e8re faible, flash, SOS<br \/>\nSp\u00e9cifications du port de charge: charge rapide Type-C<br \/>\nTaille du produit: 170mm * 74mm<br \/>\nCaract\u00e9ristiques: Marteaux de s\u00e9curit\u00e9, Fraises, Lumi\u00e8re lat\u00e9rale<br \/>\nCOB, Power bank<\/p>","protected":false},"featured_media":8047,"comment_status":"open","ping_status":"closed","template":"","meta":{"event_title":"","event_details":"","event_timezone":"","event_gmap":"","event_image":"","event_image_url":"","event_calendar_link":"","event_location":"","event_datetime_with_summary":"","event_datetime":"","event_date_type":"","event_rulesummary":"","event_ticket_rsvp":"","_gspb_post_css":""},"product_brand":[],"product_cat":[82],"product_tag":[],"class_list":{"0":"post-8048","1":"product","2":"type-product","3":"status-publish","4":"has-post-thumbnail","6":"product_cat-gadgets","8":"first","9":"instock","10":"sale","11":"shipping-taxable","12":"purchasable","13":"product-type-simple"},"jetpack_sharing_enabled":true,"_links":{"self":[{"href":"https:\/\/espacetechnologie.ma\/ar\/wp-json\/wp\/v2\/product\/8048","targetHints":{"allow":["GET"]}}],"collection":[{"href":"https:\/\/espacetechnologie.ma\/ar\/wp-json\/wp\/v2\/product"}],"about":[{"href":"https:\/\/espacetechnologie.ma\/ar\/wp-json\/wp\/v2\/types\/product"}],"replies":[{"embeddable":true,"href":"https:\/\/espacetechnologie.ma\/ar\/wp-json\/wp\/v2\/comments?post=8048"}],"wp:featuredmedia":[{"embeddable":true,"href":"https:\/\/espacetechnologie.ma\/ar\/wp-json\/wp\/v2\/media\/8047"}],"wp:attachment":[{"href":"https:\/\/espacetechnologie.ma\/ar\/wp-json\/wp\/v2\/media?parent=8048"}],"wp:term":[{"taxonomy":"product_brand","embeddable":true,"href":"https:\/\/espacetechnologie.ma\/ar\/wp-json\/wp\/v2\/product_brand?post=8048"},{"taxonomy":"product_cat","embeddable":true,"href":"https:\/\/espacetechnologie.ma\/ar\/wp-json\/wp\/v2\/product_cat?post=8048"},{"taxonomy":"product_tag","embeddable":true,"href":"https:\/\/espacetechnologie.ma\/ar\/wp-json\/wp\/v2\/product_tag?post=8048"}],"curies":[{"name":"wp","href":"https:\/\/api.w.org\/{rel}","templated":true}]}}