{"id":8029,"date":"2025-07-09T07:53:05","date_gmt":"2025-07-09T06:53:05","guid":{"rendered":"https:\/\/espacetechnologie.ma\/product\/ldnio-multiprise-wifi-intelligente-avec-rallonge-usb-prise-universelle-controle-dapplication\/"},"modified":"2025-11-01T18:15:34","modified_gmt":"2025-11-01T17:15:34","slug":"ldnio-multiprise-wifi-intelligente-avec-rallonge-usb-prise-universelle-controle-dapplication","status":"publish","type":"product","link":"https:\/\/espacetechnologie.ma\/ar\/product\/ldnio-multiprise-wifi-intelligente-avec-rallonge-usb-prise-universelle-controle-dapplication\/","title":{"rendered":"Ldnio Multiprise WiFi intelligente avec rallonge USB, prise universelle, contr\u00f4le d&rsquo;application"},"content":{"rendered":"<p>Entr\u00e9e AC 2.1<br \/>\nSp\u00e9cification de sortie AC 2.2<br \/>\nTension d&rsquo;entr\u00e9e nominale 100V &#8212; 250Vac<br \/>\nPlage de tension de fonctionnement 90V &#8212; 264Vac<br \/>\nFr\u00e9quence d&rsquo;entr\u00e9e 50 &#8212; 60Hz<br \/>\nCourant d&rsquo;entr\u00e9e 10A\/2500W(Max)<br \/>\nCourant d&rsquo;appel AC<br \/>\nEn cas de d\u00e9marrage \u00e0 froid, le courant de surtension n&rsquo;est pas sup\u00e9rieur \u00e0 40A(240VAC)<br \/>\nPuissance d&rsquo;entr\u00e9e en veille \u2264 1W( 240VAC)<br \/>\nSortie nominale Courant alternatif Port AC 10A Max<br \/>\nPuissance de sortie nominale unique Port AC 2500W MAX<br \/>\nUnique Puissance de sortie nominale totale<br \/>\nPort AC * 3 10A(2500W MAX)<\/p>","protected":false},"excerpt":{"rendered":"<p>Entr\u00e9e AC 2.1 Sp\u00e9cification de sortie AC 2.2 Tension d&rsquo;entr\u00e9e nominale 100V &#8212; 250Vac Plage de tension de fonctionnement 90V &#8212; 264Vac Fr\u00e9quence d&rsquo;entr\u00e9e 50 &#8212; 60Hz Courant d&rsquo;entr\u00e9e 10A\/2500W(Max) Courant d&rsquo;appel AC En cas de d\u00e9marrage \u00e0 froid, le courant de surtension n&rsquo;est pas sup\u00e9rieur \u00e0 40A(240VAC) Puissance d&rsquo;entr\u00e9e en veille \u2264 1W( 240VAC) [&hellip;]<\/p>\n","protected":false},"featured_media":8028,"comment_status":"open","ping_status":"closed","template":"","meta":{"event_title":"","event_details":"","event_timezone":"","event_gmap":"","event_image":"","event_image_url":"","event_calendar_link":"","event_location":"","event_datetime_with_summary":"","event_datetime":"","event_date_type":"","event_rulesummary":"","event_ticket_rsvp":"","_gspb_post_css":""},"product_brand":[],"product_cat":[82],"product_tag":[],"class_list":{"0":"post-8029","1":"product","2":"type-product","3":"status-publish","4":"has-post-thumbnail","6":"product_cat-gadgets","8":"first","9":"instock","10":"sale","11":"featured","12":"shipping-taxable","13":"purchasable","14":"product-type-simple"},"jetpack_sharing_enabled":true,"_links":{"self":[{"href":"https:\/\/espacetechnologie.ma\/ar\/wp-json\/wp\/v2\/product\/8029","targetHints":{"allow":["GET"]}}],"collection":[{"href":"https:\/\/espacetechnologie.ma\/ar\/wp-json\/wp\/v2\/product"}],"about":[{"href":"https:\/\/espacetechnologie.ma\/ar\/wp-json\/wp\/v2\/types\/product"}],"replies":[{"embeddable":true,"href":"https:\/\/espacetechnologie.ma\/ar\/wp-json\/wp\/v2\/comments?post=8029"}],"wp:featuredmedia":[{"embeddable":true,"href":"https:\/\/espacetechnologie.ma\/ar\/wp-json\/wp\/v2\/media\/8028"}],"wp:attachment":[{"href":"https:\/\/espacetechnologie.ma\/ar\/wp-json\/wp\/v2\/media?parent=8029"}],"wp:term":[{"taxonomy":"product_brand","embeddable":true,"href":"https:\/\/espacetechnologie.ma\/ar\/wp-json\/wp\/v2\/product_brand?post=8029"},{"taxonomy":"product_cat","embeddable":true,"href":"https:\/\/espacetechnologie.ma\/ar\/wp-json\/wp\/v2\/product_cat?post=8029"},{"taxonomy":"product_tag","embeddable":true,"href":"https:\/\/espacetechnologie.ma\/ar\/wp-json\/wp\/v2\/product_tag?post=8029"}],"curies":[{"name":"wp","href":"https:\/\/api.w.org\/{rel}","templated":true}]}}