{"id":8019,"date":"2025-07-09T07:53:03","date_gmt":"2025-07-09T06:53:03","guid":{"rendered":"https:\/\/espacetechnologie.ma\/product\/trepied-telescopique\/"},"modified":"2025-08-03T07:32:51","modified_gmt":"2025-08-03T06:32:51","slug":"trepied-telescopique","status":"publish","type":"product","link":"https:\/\/espacetechnologie.ma\/ar\/product\/trepied-telescopique\/","title":{"rendered":"Tr\u00e9pied T\u00e9lescopique"},"content":{"rendered":"<p>mat\u00e9riel: En Alliage D&rsquo;aluminium<br \/>\nPTZ type: t\u00eate Panoramique<br \/>\npanoramique Angle: 360 \u00b0<br \/>\nAngle d&rsquo;inclinaison: 90 \u00b0<br \/>\nPoids du produit: 0,5 kg<\/p>","protected":false},"excerpt":{"rendered":"<p>mat\u00e9riel: En Alliage D&rsquo;aluminium PTZ type: t\u00eate Panoramique panoramique Angle: 360 \u00b0 Angle d&rsquo;inclinaison: 90 \u00b0 Poids du produit: 0,5 kg<\/p>","protected":false},"featured_media":8018,"comment_status":"open","ping_status":"closed","template":"","meta":{"event_title":"","event_details":"","event_timezone":"","event_gmap":"","event_image":"","event_image_url":"","event_calendar_link":"","event_location":"","event_datetime_with_summary":"","event_datetime":"","event_date_type":"","event_rulesummary":"","event_ticket_rsvp":"","_gspb_post_css":""},"product_brand":[],"product_cat":[119,90,84,116],"product_tag":[],"class_list":{"0":"post-8019","1":"product","2":"type-product","3":"status-publish","4":"has-post-thumbnail","6":"product_cat-accessoires-studio","7":"product_cat-autres-accessoires-smartphone","8":"product_cat-smartphone","9":"product_cat-studio","11":"first","12":"instock","13":"sale","14":"shipping-taxable","15":"purchasable","16":"product-type-simple"},"jetpack_sharing_enabled":true,"_links":{"self":[{"href":"https:\/\/espacetechnologie.ma\/ar\/wp-json\/wp\/v2\/product\/8019","targetHints":{"allow":["GET"]}}],"collection":[{"href":"https:\/\/espacetechnologie.ma\/ar\/wp-json\/wp\/v2\/product"}],"about":[{"href":"https:\/\/espacetechnologie.ma\/ar\/wp-json\/wp\/v2\/types\/product"}],"replies":[{"embeddable":true,"href":"https:\/\/espacetechnologie.ma\/ar\/wp-json\/wp\/v2\/comments?post=8019"}],"wp:featuredmedia":[{"embeddable":true,"href":"https:\/\/espacetechnologie.ma\/ar\/wp-json\/wp\/v2\/media\/8018"}],"wp:attachment":[{"href":"https:\/\/espacetechnologie.ma\/ar\/wp-json\/wp\/v2\/media?parent=8019"}],"wp:term":[{"taxonomy":"product_brand","embeddable":true,"href":"https:\/\/espacetechnologie.ma\/ar\/wp-json\/wp\/v2\/product_brand?post=8019"},{"taxonomy":"product_cat","embeddable":true,"href":"https:\/\/espacetechnologie.ma\/ar\/wp-json\/wp\/v2\/product_cat?post=8019"},{"taxonomy":"product_tag","embeddable":true,"href":"https:\/\/espacetechnologie.ma\/ar\/wp-json\/wp\/v2\/product_tag?post=8019"}],"curies":[{"name":"wp","href":"https:\/\/api.w.org\/{rel}","templated":true}]}}